{"id":9107,"date":"2025-05-22T03:15:09","date_gmt":"2025-05-22T03:15:09","guid":{"rendered":"https:\/\/jinhuaceramic.com\/?post_type=product&#038;p=9107"},"modified":"2025-05-22T03:15:10","modified_gmt":"2025-05-22T03:15:10","slug":"bulk-baking-pans","status":"publish","type":"product","link":"https:\/\/jinhuaceramic.com\/es\/product\/bulk-baking-pans\/","title":{"rendered":"Sartenes de Cer\u00e1mica Antiadherente a Granel, Bater\u00eda de Reposter\u00eda a Medida"},"content":{"rendered":"<div class=\"wp-block-columns is-layout-flex wp-container-core-columns-is-layout-9d6595d7 wp-block-columns-is-layout-flex\">\n<div class=\"wp-block-column is-layout-flow wp-block-column-is-layout-flow\">\n<h3 class=\"wp-block-heading\">Caracter\u00edsticas:<\/h3>\n\n\n\n<ul class=\"wp-block-list\">\n<li><strong>Sencillo y elegante:<\/strong> El aspecto bicolor de estos moldes de cer\u00e1mica a granel es el tono blanco coordinado con la base marr\u00f3n imparte cierta sofisticaci\u00f3n a la cocina y aumenta el placer de cocinar. Tambi\u00e9n se pueden colocar directamente sobre la mesa del comedor.<\/li>\n\n\n\n<li><strong>C\u00f3modas asas: <\/strong>Estos moldes hechos a medida tienen asas a ambos lados para facilitar el acceso y el movimiento, sobre todo cuando los moldes est\u00e1n calientes, lo que ayuda a evitar quemaduras y a mejorar la seguridad de uso.<\/li>\n\n\n\n<li><strong>Material de alta calidad:<\/strong> Estas bandejas de cer\u00e1mica para hornear a granel de primera calidad se fabrican a temperaturas extremadamente altas y est\u00e1n hechas de un excelente material cer\u00e1mico. Garantizan la seguridad alimentaria, ya que son resistentes al calor, no contienen productos qu\u00edmicos t\u00f3xicos y no dejan escapar compuestos nocivos durante el proceso de horneado a alta temperatura.<\/li>\n\n\n\n<li><strong>F\u00e1cil de limpiar: <\/strong>Los restos de comida se adhieren con dificultad a las superficies lisas de estos utensilios de cer\u00e1mica hechos a medida, por lo que son f\u00e1ciles de limpiar. Los materiales cer\u00e1micos son dif\u00edciles de absorber los pigmentos y olores de los alimentos. La fuente de horno puede seguir estando ordenada y limpia incluso despu\u00e9s de varios usos.<\/li>\n<\/ul>\n<\/div>\n\n\n\n<div class=\"wp-block-column is-layout-flow wp-block-column-is-layout-flow\">\n<figure class=\"wp-block-image size-full\"><img fetchpriority=\"high\" decoding=\"async\" width=\"640\" height=\"640\" src=\"https:\/\/jinhuaceramic.com\/wp-content\/uploads\/2025\/05\/Nonstick-Two-Tone-Custom-Bakeware-Wholesale-Ceramic-Baking-Dishes-4.webp\" alt=\"Bandejas de cer\u00e1mica antiadherente a granel, Bakeware hecho a medida-2\" class=\"wp-image-9110\" srcset=\"https:\/\/jinhuaceramic.com\/wp-content\/uploads\/2025\/05\/Nonstick-Two-Tone-Custom-Bakeware-Wholesale-Ceramic-Baking-Dishes-4.webp 640w, https:\/\/jinhuaceramic.com\/wp-content\/uploads\/2025\/05\/Nonstick-Two-Tone-Custom-Bakeware-Wholesale-Ceramic-Baking-Dishes-4-300x300.webp 300w, https:\/\/jinhuaceramic.com\/wp-content\/uploads\/2025\/05\/Nonstick-Two-Tone-Custom-Bakeware-Wholesale-Ceramic-Baking-Dishes-4-150x150.webp 150w, https:\/\/jinhuaceramic.com\/wp-content\/uploads\/2025\/05\/Nonstick-Two-Tone-Custom-Bakeware-Wholesale-Ceramic-Baking-Dishes-4-12x12.webp 12w, https:\/\/jinhuaceramic.com\/wp-content\/uploads\/2025\/05\/Nonstick-Two-Tone-Custom-Bakeware-Wholesale-Ceramic-Baking-Dishes-4-285x285.webp 285w, https:\/\/jinhuaceramic.com\/wp-content\/uploads\/2025\/05\/Nonstick-Two-Tone-Custom-Bakeware-Wholesale-Ceramic-Baking-Dishes-4-270x270.webp 270w, https:\/\/jinhuaceramic.com\/wp-content\/uploads\/2025\/05\/Nonstick-Two-Tone-Custom-Bakeware-Wholesale-Ceramic-Baking-Dishes-4-540x540.webp 540w\" sizes=\"(max-width: 640px) 100vw, 640px\" \/><\/figure>\n<\/div>\n<\/div>","protected":false},"excerpt":{"rendered":"<p>Bienvenido a comprar moldes de cer\u00e1mica para hornear a granel. Estos utensilios para hornear hechos a medida cuentan con un aspecto hermoso y elegante, asas seguras y convenientes, materiales cer\u00e1micos de alta calidad y f\u00e1cil limpieza, combinando practicidad y est\u00e9tica.<\/p>","protected":false},"featured_media":9111,"comment_status":"closed","ping_status":"closed","template":"","meta":{"_acf_changed":false},"product_brand":[],"product_cat":[53],"product_tag":[71],"class_list":{"0":"post-9107","1":"product","2":"type-product","3":"status-publish","4":"has-post-thumbnail","6":"product_cat-bakeware-in-bulk","7":"product_tag-wholesale-baking-pans","9":"first","10":"instock","11":"shipping-taxable","12":"product-type-simple"},"acf":[],"_links":{"self":[{"href":"https:\/\/jinhuaceramic.com\/es\/wp-json\/wp\/v2\/product\/9107","targetHints":{"allow":["GET"]}}],"collection":[{"href":"https:\/\/jinhuaceramic.com\/es\/wp-json\/wp\/v2\/product"}],"about":[{"href":"https:\/\/jinhuaceramic.com\/es\/wp-json\/wp\/v2\/types\/product"}],"replies":[{"embeddable":true,"href":"https:\/\/jinhuaceramic.com\/es\/wp-json\/wp\/v2\/comments?post=9107"}],"version-history":[{"count":0,"href":"https:\/\/jinhuaceramic.com\/es\/wp-json\/wp\/v2\/product\/9107\/revisions"}],"wp:featuredmedia":[{"embeddable":true,"href":"https:\/\/jinhuaceramic.com\/es\/wp-json\/wp\/v2\/media\/9111"}],"wp:attachment":[{"href":"https:\/\/jinhuaceramic.com\/es\/wp-json\/wp\/v2\/media?parent=9107"}],"wp:term":[{"taxonomy":"product_brand","embeddable":true,"href":"https:\/\/jinhuaceramic.com\/es\/wp-json\/wp\/v2\/product_brand?post=9107"},{"taxonomy":"product_cat","embeddable":true,"href":"https:\/\/jinhuaceramic.com\/es\/wp-json\/wp\/v2\/product_cat?post=9107"},{"taxonomy":"product_tag","embeddable":true,"href":"https:\/\/jinhuaceramic.com\/es\/wp-json\/wp\/v2\/product_tag?post=9107"}],"curies":[{"name":"wp","href":"https:\/\/api.w.org\/{rel}","templated":true}]}}