{"id":9114,"date":"2025-05-22T02:58:21","date_gmt":"2025-05-22T02:58:21","guid":{"rendered":"https:\/\/jinhuaceramic.com\/?post_type=product&#038;p=9114"},"modified":"2025-05-22T02:58:23","modified_gmt":"2025-05-22T02:58:23","slug":"custom-made-ceramic-bakeware","status":"publish","type":"product","link":"https:\/\/jinhuaceramic.com\/es\/product\/custom-made-ceramic-bakeware\/","title":{"rendered":"Moldes de cer\u00e1mica cuadrados a medida, moldes al por mayor"},"content":{"rendered":"<div class=\"wp-block-columns is-layout-flex wp-container-core-columns-is-layout-9d6595d7 wp-block-columns-is-layout-flex\">\n<div class=\"wp-block-column is-layout-flow wp-block-column-is-layout-flow\">\n<h3 class=\"wp-block-heading\">Bater\u00eda de cer\u00e1mica de primera calidad hecha a medida Caracter\u00edsticas:<\/h3>\n\n\n\n<ul class=\"wp-block-list\">\n<li><strong>Dise\u00f1o elegante: <\/strong>Estos moldes de cer\u00e1mica hechos a medida tienen el exterior azul claro y el interior verde claro, por lo que su moderno dise\u00f1o y su brillante combinaci\u00f3n de colores ayudar\u00e1n a iluminar la cocina. Con estrellas esparcidas entre las l\u00edneas, el exterior del molde est\u00e1 adornado con estrellas blancas y dise\u00f1os de l\u00edneas, por lo que inspira vitalidad y moda.<\/li>\n\n\n\n<li><strong>Material de alta calidad: <\/strong>Estos moldes para hornear al por mayor est\u00e1n fabricados con materiales cer\u00e1micos de primera calidad cocidos a altas temperaturas. Su buena estabilidad t\u00e9rmica les permite calentarse uniformemente en el horno, lo que mejora los resultados de cocci\u00f3n y reduce el riesgo de que se quemen o queden poco hechos.<\/li>\n\n\n\n<li><strong>Viabilidad: <\/strong>Con su particular profundidad de forma cuadrada, estos hornillos de cer\u00e1mica a medida son apropiados para asar comidas principales como carne y pescado, as\u00ed como para asar verduras, cumpliendo as\u00ed varios requisitos de horneado con arroz al horno, etc.<\/li>\n\n\n\n<li><strong>Antiadherente y f\u00e1cil de limpiar: <\/strong>Estos moldes de cer\u00e1mica para hornear al por mayor tienen una superficie lisa y antiadherente y los alimentos no se pegan f\u00e1cilmente. Para limpiarlos, basta con aclarar las manchas con agua o un poco de detergente. Para ahorrar tiempo y trabajo, tambi\u00e9n se pueden limpiar en el lavavajillas.<\/li>\n<\/ul>\n<\/div>\n\n\n\n<div class=\"wp-block-column is-layout-flow wp-block-column-is-layout-flow\">\n<figure class=\"wp-block-image size-full\"><img fetchpriority=\"high\" decoding=\"async\" width=\"640\" height=\"640\" src=\"https:\/\/jinhuaceramic.com\/wp-content\/uploads\/2025\/05\/Square-Custom-Baking-Dishes-Wholesale-Custom-Ceramic-Bakeware-4.webp\" alt=\"Bandejas de Cer\u00e1mica, Mayorista de Bandejas de Cer\u00e1mica-1\" class=\"wp-image-9117\" srcset=\"https:\/\/jinhuaceramic.com\/wp-content\/uploads\/2025\/05\/Square-Custom-Baking-Dishes-Wholesale-Custom-Ceramic-Bakeware-4.webp 640w, https:\/\/jinhuaceramic.com\/wp-content\/uploads\/2025\/05\/Square-Custom-Baking-Dishes-Wholesale-Custom-Ceramic-Bakeware-4-300x300.webp 300w, https:\/\/jinhuaceramic.com\/wp-content\/uploads\/2025\/05\/Square-Custom-Baking-Dishes-Wholesale-Custom-Ceramic-Bakeware-4-150x150.webp 150w, https:\/\/jinhuaceramic.com\/wp-content\/uploads\/2025\/05\/Square-Custom-Baking-Dishes-Wholesale-Custom-Ceramic-Bakeware-4-12x12.webp 12w, https:\/\/jinhuaceramic.com\/wp-content\/uploads\/2025\/05\/Square-Custom-Baking-Dishes-Wholesale-Custom-Ceramic-Bakeware-4-285x285.webp 285w, https:\/\/jinhuaceramic.com\/wp-content\/uploads\/2025\/05\/Square-Custom-Baking-Dishes-Wholesale-Custom-Ceramic-Bakeware-4-270x270.webp 270w, https:\/\/jinhuaceramic.com\/wp-content\/uploads\/2025\/05\/Square-Custom-Baking-Dishes-Wholesale-Custom-Ceramic-Bakeware-4-540x540.webp 540w\" sizes=\"(max-width: 640px) 100vw, 640px\" \/><\/figure>\n<\/div>\n<\/div>\n\n\n\n<p><\/p>","protected":false},"excerpt":{"rendered":"<p>Bienvenido a comprar moldes de cer\u00e1mica para hornear hechos a medida. Estos moldes para hornear al por mayor son populares debido a su aspecto fresco y elegante, con una base azul emparejado con un patr\u00f3n de l\u00ednea estrellada blanca, que es hermoso y llamativo.<\/p>","protected":false},"featured_media":9118,"comment_status":"closed","ping_status":"closed","template":"","meta":{"_acf_changed":false},"product_brand":[],"product_cat":[53],"product_tag":[71],"class_list":{"0":"post-9114","1":"product","2":"type-product","3":"status-publish","4":"has-post-thumbnail","6":"product_cat-bakeware-in-bulk","7":"product_tag-wholesale-baking-pans","9":"first","10":"instock","11":"shipping-taxable","12":"product-type-simple"},"acf":[],"_links":{"self":[{"href":"https:\/\/jinhuaceramic.com\/es\/wp-json\/wp\/v2\/product\/9114","targetHints":{"allow":["GET"]}}],"collection":[{"href":"https:\/\/jinhuaceramic.com\/es\/wp-json\/wp\/v2\/product"}],"about":[{"href":"https:\/\/jinhuaceramic.com\/es\/wp-json\/wp\/v2\/types\/product"}],"replies":[{"embeddable":true,"href":"https:\/\/jinhuaceramic.com\/es\/wp-json\/wp\/v2\/comments?post=9114"}],"version-history":[{"count":0,"href":"https:\/\/jinhuaceramic.com\/es\/wp-json\/wp\/v2\/product\/9114\/revisions"}],"wp:featuredmedia":[{"embeddable":true,"href":"https:\/\/jinhuaceramic.com\/es\/wp-json\/wp\/v2\/media\/9118"}],"wp:attachment":[{"href":"https:\/\/jinhuaceramic.com\/es\/wp-json\/wp\/v2\/media?parent=9114"}],"wp:term":[{"taxonomy":"product_brand","embeddable":true,"href":"https:\/\/jinhuaceramic.com\/es\/wp-json\/wp\/v2\/product_brand?post=9114"},{"taxonomy":"product_cat","embeddable":true,"href":"https:\/\/jinhuaceramic.com\/es\/wp-json\/wp\/v2\/product_cat?post=9114"},{"taxonomy":"product_tag","embeddable":true,"href":"https:\/\/jinhuaceramic.com\/es\/wp-json\/wp\/v2\/product_tag?post=9114"}],"curies":[{"name":"wp","href":"https:\/\/api.w.org\/{rel}","templated":true}]}}