{"id":9132,"date":"2025-05-26T02:47:31","date_gmt":"2025-05-26T02:47:31","guid":{"rendered":"https:\/\/jinhuaceramic.com\/?post_type=product&#038;p=9132"},"modified":"2025-05-26T02:47:32","modified_gmt":"2025-05-26T02:47:32","slug":"customized-baking-dishes","status":"publish","type":"product","link":"https:\/\/jinhuaceramic.com\/es\/product\/customized-baking-dishes\/","title":{"rendered":"Platos para hornear de tama\u00f1o peque\u00f1o al por mayor moldes para tartas"},"content":{"rendered":"<div class=\"wp-block-columns is-layout-flex wp-container-core-columns-is-layout-9d6595d7 wp-block-columns-is-layout-flex\">\n<div class=\"wp-block-column is-layout-flow wp-block-column-is-layout-flow\">\n<h3 class=\"wp-block-heading\">Premium Customized Baking Dishes Caracter\u00edstica:<\/h3>\n\n\n\n<ul class=\"wp-block-list\">\n<li><strong>Dise\u00f1o elegante: <\/strong>Estas bandejas de horno personalizadas est\u00e1n hechas con sencillez y elegancia, y las l\u00edneas negras que recorren los bordes les dan profundidad visual y delicadeza. El dise\u00f1o de rayas verticales en la superficie exterior a\u00f1ade m\u00e1s fricci\u00f3n de agarre, junto con la adici\u00f3n de un poco de textura agradable y el patr\u00f3n de la bandeja para hornear.<\/li>\n\n\n\n<li><strong>C\u00f3modas asas:<\/strong> Los moldes para tartas al por mayor disponen de c\u00f3modas asas a ambos lados, cuya forma se adapta a los bordes de los moldes de forma curva y continua. Las asas permiten mover c\u00f3modamente los moldes sin alterar su estructura general.<\/li>\n\n\n\n<li><strong>Material de alta calidad:<\/strong> Estos platos para hornear personalizados est\u00e1n hechos de material cer\u00e1mico natural que se calienta a alta temperatura y no libera sustancias qu\u00edmicas nocivas, por lo que es seguro utilizarlos con alimentos.<\/li>\n\n\n\n<li><strong>Practicidad: <\/strong>Estos moldes para tartas al por mayor son compactos y perfectos para preparar postres o comidas de peque\u00f1o tama\u00f1o, es decir, peque\u00f1os pasteles, pizzas individuales o verduras a la barbacoa. Su tama\u00f1o compacto resulta muy pr\u00e1ctico para cocinar u hornear en casa.<\/li>\n<\/ul>\n<\/div>\n\n\n\n<div class=\"wp-block-column is-layout-flow wp-block-column-is-layout-flow\">\n<figure class=\"wp-block-image size-full\"><img fetchpriority=\"high\" decoding=\"async\" width=\"1600\" height=\"1600\" src=\"https:\/\/jinhuaceramic.com\/wp-content\/uploads\/2025\/05\/High-Quality-Custom-Baking-Dishes-Pans-Ceramic-Bakeware-Set-In-Bulk-5.webp\" alt=\"Platos para Hornear de Tama\u00f1o Peque\u00f1o al por mayor moldes para tartas-1\" class=\"wp-image-9136\" srcset=\"https:\/\/jinhuaceramic.com\/wp-content\/uploads\/2025\/05\/High-Quality-Custom-Baking-Dishes-Pans-Ceramic-Bakeware-Set-In-Bulk-5.webp 1600w, https:\/\/jinhuaceramic.com\/wp-content\/uploads\/2025\/05\/High-Quality-Custom-Baking-Dishes-Pans-Ceramic-Bakeware-Set-In-Bulk-5-300x300.webp 300w, https:\/\/jinhuaceramic.com\/wp-content\/uploads\/2025\/05\/High-Quality-Custom-Baking-Dishes-Pans-Ceramic-Bakeware-Set-In-Bulk-5-150x150.webp 150w, https:\/\/jinhuaceramic.com\/wp-content\/uploads\/2025\/05\/High-Quality-Custom-Baking-Dishes-Pans-Ceramic-Bakeware-Set-In-Bulk-5-768x768.webp 768w, https:\/\/jinhuaceramic.com\/wp-content\/uploads\/2025\/05\/High-Quality-Custom-Baking-Dishes-Pans-Ceramic-Bakeware-Set-In-Bulk-5-12x12.webp 12w, https:\/\/jinhuaceramic.com\/wp-content\/uploads\/2025\/05\/High-Quality-Custom-Baking-Dishes-Pans-Ceramic-Bakeware-Set-In-Bulk-5-285x285.webp 285w, https:\/\/jinhuaceramic.com\/wp-content\/uploads\/2025\/05\/High-Quality-Custom-Baking-Dishes-Pans-Ceramic-Bakeware-Set-In-Bulk-5-270x270.webp 270w, https:\/\/jinhuaceramic.com\/wp-content\/uploads\/2025\/05\/High-Quality-Custom-Baking-Dishes-Pans-Ceramic-Bakeware-Set-In-Bulk-5-540x540.webp 540w, https:\/\/jinhuaceramic.com\/wp-content\/uploads\/2025\/05\/High-Quality-Custom-Baking-Dishes-Pans-Ceramic-Bakeware-Set-In-Bulk-5-660x660.webp 660w\" sizes=\"(max-width: 1600px) 100vw, 1600px\" \/><\/figure>\n<\/div>\n<\/div>","protected":false},"excerpt":{"rendered":"<p>Bienvenido a comprar moldes para tartas al por mayor. Estos cl\u00e1sicos platos para hornear personalizados en blanco y negro son vers\u00e1tiles y elegantes, con un dise\u00f1o de doble oreja para facilitar el acceso y material cer\u00e1mico que es seguro y duradero.<\/p>","protected":false},"featured_media":9135,"comment_status":"closed","ping_status":"closed","template":"","meta":{"_acf_changed":false},"product_brand":[],"product_cat":[53],"product_tag":[71],"class_list":{"0":"post-9132","1":"product","2":"type-product","3":"status-publish","4":"has-post-thumbnail","6":"product_cat-bakeware-in-bulk","7":"product_tag-wholesale-baking-pans","9":"first","10":"instock","11":"shipping-taxable","12":"product-type-simple"},"acf":[],"_links":{"self":[{"href":"https:\/\/jinhuaceramic.com\/es\/wp-json\/wp\/v2\/product\/9132","targetHints":{"allow":["GET"]}}],"collection":[{"href":"https:\/\/jinhuaceramic.com\/es\/wp-json\/wp\/v2\/product"}],"about":[{"href":"https:\/\/jinhuaceramic.com\/es\/wp-json\/wp\/v2\/types\/product"}],"replies":[{"embeddable":true,"href":"https:\/\/jinhuaceramic.com\/es\/wp-json\/wp\/v2\/comments?post=9132"}],"version-history":[{"count":0,"href":"https:\/\/jinhuaceramic.com\/es\/wp-json\/wp\/v2\/product\/9132\/revisions"}],"wp:featuredmedia":[{"embeddable":true,"href":"https:\/\/jinhuaceramic.com\/es\/wp-json\/wp\/v2\/media\/9135"}],"wp:attachment":[{"href":"https:\/\/jinhuaceramic.com\/es\/wp-json\/wp\/v2\/media?parent=9132"}],"wp:term":[{"taxonomy":"product_brand","embeddable":true,"href":"https:\/\/jinhuaceramic.com\/es\/wp-json\/wp\/v2\/product_brand?post=9132"},{"taxonomy":"product_cat","embeddable":true,"href":"https:\/\/jinhuaceramic.com\/es\/wp-json\/wp\/v2\/product_cat?post=9132"},{"taxonomy":"product_tag","embeddable":true,"href":"https:\/\/jinhuaceramic.com\/es\/wp-json\/wp\/v2\/product_tag?post=9132"}],"curies":[{"name":"wp","href":"https:\/\/api.w.org\/{rel}","templated":true}]}}