{"id":9143,"date":"2025-05-26T02:28:10","date_gmt":"2025-05-26T02:28:10","guid":{"rendered":"https:\/\/jinhuaceramic.com\/?post_type=product&#038;p=9143"},"modified":"2025-05-26T02:28:11","modified_gmt":"2025-05-26T02:28:11","slug":"cake-baking-pans-wholesale","status":"publish","type":"product","link":"https:\/\/jinhuaceramic.com\/es\/product\/cake-baking-pans-wholesale\/","title":{"rendered":"Molde de Ceramica Azul al por mayor, moldes personalizados"},"content":{"rendered":"<div class=\"wp-block-columns is-layout-flex wp-container-core-columns-is-layout-9d6595d7 wp-block-columns-is-layout-flex\">\n<div class=\"wp-block-column is-layout-flow wp-block-column-is-layout-flow\">\n<h3 class=\"wp-block-heading\">Premium Cake Baking Moldes al por mayor Caracter\u00edsticas:<\/h3>\n\n\n\n<ul class=\"wp-block-list\">\n<li><strong>Dise\u00f1o elegante: <\/strong>El exterior de estos moldes para tartas al por mayor es de color azul oscuro, decorado con rayas onduladas horizontales, ricas en textura y estratificaci\u00f3n. El interior es de color blanco puro, creando un contraste de color llamativo, visualmente impresionante y conveniente para ver el estado de cocci\u00f3n de los alimentos.<\/li>\n\n\n\n<li><strong>Material duradero: <\/strong>Estos juegos de utensilios para hornear hechos a medida mediante cocci\u00f3n a alta temperatura, tienen una gran dureza, buena estabilidad, resistencia a altas temperaturas, resistencia a la deformaci\u00f3n y una larga vida \u00fatil.<\/li>\n\n\n\n<li><strong>Varios tama\u00f1os: <\/strong>Estos moldes para hornear pasteles al por mayor tienen 3 tama\u00f1os diferentes para satisfacer m\u00faltiples necesidades culinarias, como hornear pasteles peque\u00f1os, verduras o carnes grandes, pollos enteros, etc.<\/li>\n\n\n\n<li><strong>Practicidad: <\/strong>Estos juegos de utensilios para hornear a medida de diferentes tama\u00f1os pueden encajarse unos dentro de otros para ahorrar espacio de almacenamiento. Los moldes tienen asas blancas en ambos lados para que no sean dif\u00edciles de sujetar, lo que puede evitar quemaduras al sacarlos del horno y hacer que su uso sea m\u00e1s estable.<\/li>\n<\/ul>\n<\/div>\n\n\n\n<div class=\"wp-block-column is-layout-flow wp-block-column-is-layout-flow\">\n<figure class=\"wp-block-image size-full\"><img fetchpriority=\"high\" decoding=\"async\" width=\"2400\" height=\"2400\" src=\"https:\/\/jinhuaceramic.com\/wp-content\/uploads\/2025\/05\/Wholesale-Blue-Bakeware-Set-Custom-Ceramic-Baking-Dishes-Pans-in-Bulk-4.webp\" alt=\"Moldes de Cer\u00e1mica para Pastel al por mayor, moldes a medida-1\" class=\"wp-image-9146\" srcset=\"https:\/\/jinhuaceramic.com\/wp-content\/uploads\/2025\/05\/Wholesale-Blue-Bakeware-Set-Custom-Ceramic-Baking-Dishes-Pans-in-Bulk-4.webp 2400w, https:\/\/jinhuaceramic.com\/wp-content\/uploads\/2025\/05\/Wholesale-Blue-Bakeware-Set-Custom-Ceramic-Baking-Dishes-Pans-in-Bulk-4-300x300.webp 300w, https:\/\/jinhuaceramic.com\/wp-content\/uploads\/2025\/05\/Wholesale-Blue-Bakeware-Set-Custom-Ceramic-Baking-Dishes-Pans-in-Bulk-4-150x150.webp 150w, https:\/\/jinhuaceramic.com\/wp-content\/uploads\/2025\/05\/Wholesale-Blue-Bakeware-Set-Custom-Ceramic-Baking-Dishes-Pans-in-Bulk-4-768x768.webp 768w, https:\/\/jinhuaceramic.com\/wp-content\/uploads\/2025\/05\/Wholesale-Blue-Bakeware-Set-Custom-Ceramic-Baking-Dishes-Pans-in-Bulk-4-12x12.webp 12w, https:\/\/jinhuaceramic.com\/wp-content\/uploads\/2025\/05\/Wholesale-Blue-Bakeware-Set-Custom-Ceramic-Baking-Dishes-Pans-in-Bulk-4-285x285.webp 285w, https:\/\/jinhuaceramic.com\/wp-content\/uploads\/2025\/05\/Wholesale-Blue-Bakeware-Set-Custom-Ceramic-Baking-Dishes-Pans-in-Bulk-4-1600x1600.webp 1600w, https:\/\/jinhuaceramic.com\/wp-content\/uploads\/2025\/05\/Wholesale-Blue-Bakeware-Set-Custom-Ceramic-Baking-Dishes-Pans-in-Bulk-4-270x270.webp 270w, https:\/\/jinhuaceramic.com\/wp-content\/uploads\/2025\/05\/Wholesale-Blue-Bakeware-Set-Custom-Ceramic-Baking-Dishes-Pans-in-Bulk-4-540x540.webp 540w, https:\/\/jinhuaceramic.com\/wp-content\/uploads\/2025\/05\/Wholesale-Blue-Bakeware-Set-Custom-Ceramic-Baking-Dishes-Pans-in-Bulk-4-660x660.webp 660w\" sizes=\"(max-width: 2400px) 100vw, 2400px\" \/><\/figure>\n<\/div>\n<\/div>","protected":false},"excerpt":{"rendered":"<p>Bienvenido a comprar juegos de utensilios para hornear personalizados. Estos moldes para hornear pasteles azules al por mayor son muy populares debido a su dise\u00f1o elegante, material cer\u00e1mico duradero, m\u00faltiples tama\u00f1os para satisfacer diferentes necesidades de cocci\u00f3n, y pr\u00e1ctico dise\u00f1o apilable y de doble oreja.<\/p>","protected":false},"featured_media":9147,"comment_status":"closed","ping_status":"closed","template":"","meta":{"_acf_changed":false},"product_brand":[],"product_cat":[53],"product_tag":[71],"class_list":{"0":"post-9143","1":"product","2":"type-product","3":"status-publish","4":"has-post-thumbnail","6":"product_cat-bakeware-in-bulk","7":"product_tag-wholesale-baking-pans","9":"first","10":"instock","11":"shipping-taxable","12":"product-type-simple"},"acf":[],"_links":{"self":[{"href":"https:\/\/jinhuaceramic.com\/es\/wp-json\/wp\/v2\/product\/9143","targetHints":{"allow":["GET"]}}],"collection":[{"href":"https:\/\/jinhuaceramic.com\/es\/wp-json\/wp\/v2\/product"}],"about":[{"href":"https:\/\/jinhuaceramic.com\/es\/wp-json\/wp\/v2\/types\/product"}],"replies":[{"embeddable":true,"href":"https:\/\/jinhuaceramic.com\/es\/wp-json\/wp\/v2\/comments?post=9143"}],"version-history":[{"count":0,"href":"https:\/\/jinhuaceramic.com\/es\/wp-json\/wp\/v2\/product\/9143\/revisions"}],"wp:featuredmedia":[{"embeddable":true,"href":"https:\/\/jinhuaceramic.com\/es\/wp-json\/wp\/v2\/media\/9147"}],"wp:attachment":[{"href":"https:\/\/jinhuaceramic.com\/es\/wp-json\/wp\/v2\/media?parent=9143"}],"wp:term":[{"taxonomy":"product_brand","embeddable":true,"href":"https:\/\/jinhuaceramic.com\/es\/wp-json\/wp\/v2\/product_brand?post=9143"},{"taxonomy":"product_cat","embeddable":true,"href":"https:\/\/jinhuaceramic.com\/es\/wp-json\/wp\/v2\/product_cat?post=9143"},{"taxonomy":"product_tag","embeddable":true,"href":"https:\/\/jinhuaceramic.com\/es\/wp-json\/wp\/v2\/product_tag?post=9143"}],"curies":[{"name":"wp","href":"https:\/\/api.w.org\/{rel}","templated":true}]}}