{"id":9164,"date":"2025-06-03T02:17:46","date_gmt":"2025-06-03T02:17:46","guid":{"rendered":"https:\/\/jinhuaceramic.com\/?post_type=product&#038;p=9164"},"modified":"2025-06-03T03:20:26","modified_gmt":"2025-06-03T03:20:26","slug":"ceramic-ramekin-bulk","status":"publish","type":"product","link":"https:\/\/jinhuaceramic.com\/es\/product\/ceramic-ramekin-bulk\/","title":{"rendered":"Ramekin de Cer\u00e1mica al por mayor, Tazas de Cer\u00e1mica al por mayor para Cocina"},"content":{"rendered":"<div class=\"wp-block-columns is-layout-flex wp-container-core-columns-is-layout-9d6595d7 wp-block-columns-is-layout-flex\">\n<div class=\"wp-block-column is-layout-flow wp-block-column-is-layout-flow\">\n<h3 class=\"wp-block-heading\">Ramekin de cer\u00e1mica para hornear a granel Caracter\u00edsticas:<\/h3>\n\n\n\n<ul class=\"wp-block-list\">\n<li><strong>Dise\u00f1o r\u00fastico: <\/strong>El ramekin de cer\u00e1mica a granel presenta un bonito aspecto bicolor, con la mitad superior de un blanco limpio y la mitad inferior de un c\u00e1lido color marr\u00f3n claro r\u00fastico. Las sencillas texturas horizontales de la superficie aportan inter\u00e9s visual y presentan una ligera textura para un mejor agarre, lo que garantiza que se mantendr\u00e1 en su sitio en las manos.<\/li>\n\n\n\n<li><strong>Cer\u00e1mica de alta calidad:<\/strong> Fabricado con cer\u00e1mica de alta calidad que soporta altas temperaturas, el ramekin de cer\u00e1mica a granel es un producto vers\u00e1til y duradero. Est\u00e1n dise\u00f1ados no s\u00f3lo para mantener la forma, sino tambi\u00e9n la integridad a trav\u00e9s del uso repetido en hornos, microondas y m\u00e1s. Estos recipientes de cocina demuestran su calidad, ya que resisten la deformaci\u00f3n a altas temperaturas.<\/li>\n\n\n\n<li><strong>Versatilidad: <\/strong>Con una capacidad de 4 oz, estas tazas de souffl\u00e9 de cer\u00e1mica al por mayor son perfectas para batir hasta postres individuales, incluyendo magdalenas, pud\u00edn de caramelo, pasteles de natillas y souffl\u00e9s. Se pueden utilizar para mucho m\u00e1s que postres, como frutas, pasteles, e incluso dips son perfectos para servir.<\/li>\n\n\n\n<li><strong>Apilable y f\u00e1cil de limpiar: <\/strong>Estas tazas de cer\u00e1mica para souffl\u00e9 al por mayor son apilables, lo que supone un aut\u00e9ntico ahorro de espacio en su cocina. Adem\u00e1s, su superficie lisa impide que se peguen los restos de comida, por lo que limpiarlas es muy f\u00e1cil.<\/li>\n<\/ul>\n<\/div>\n\n\n\n<div class=\"wp-block-column is-layout-flow wp-block-column-is-layout-flow\">\n<figure class=\"wp-block-image size-full\"><img fetchpriority=\"high\" decoding=\"async\" width=\"1500\" height=\"1500\" src=\"https:\/\/jinhuaceramic.com\/wp-content\/uploads\/2025\/05\/Bulk-Small-Baking-Ramekin-Ceramic-Wholesale-Souffle-Cups-for-Kitchen-4.webp\" alt=\"tazas de gofre de cer\u00e1mica para hornear al por mayor-4\" class=\"wp-image-9167\" srcset=\"https:\/\/jinhuaceramic.com\/wp-content\/uploads\/2025\/05\/Bulk-Small-Baking-Ramekin-Ceramic-Wholesale-Souffle-Cups-for-Kitchen-4.webp 1500w, https:\/\/jinhuaceramic.com\/wp-content\/uploads\/2025\/05\/Bulk-Small-Baking-Ramekin-Ceramic-Wholesale-Souffle-Cups-for-Kitchen-4-300x300.webp 300w, https:\/\/jinhuaceramic.com\/wp-content\/uploads\/2025\/05\/Bulk-Small-Baking-Ramekin-Ceramic-Wholesale-Souffle-Cups-for-Kitchen-4-150x150.webp 150w, https:\/\/jinhuaceramic.com\/wp-content\/uploads\/2025\/05\/Bulk-Small-Baking-Ramekin-Ceramic-Wholesale-Souffle-Cups-for-Kitchen-4-768x768.webp 768w, https:\/\/jinhuaceramic.com\/wp-content\/uploads\/2025\/05\/Bulk-Small-Baking-Ramekin-Ceramic-Wholesale-Souffle-Cups-for-Kitchen-4-12x12.webp 12w, https:\/\/jinhuaceramic.com\/wp-content\/uploads\/2025\/05\/Bulk-Small-Baking-Ramekin-Ceramic-Wholesale-Souffle-Cups-for-Kitchen-4-285x285.webp 285w, https:\/\/jinhuaceramic.com\/wp-content\/uploads\/2025\/05\/Bulk-Small-Baking-Ramekin-Ceramic-Wholesale-Souffle-Cups-for-Kitchen-4-270x270.webp 270w, https:\/\/jinhuaceramic.com\/wp-content\/uploads\/2025\/05\/Bulk-Small-Baking-Ramekin-Ceramic-Wholesale-Souffle-Cups-for-Kitchen-4-540x540.webp 540w, https:\/\/jinhuaceramic.com\/wp-content\/uploads\/2025\/05\/Bulk-Small-Baking-Ramekin-Ceramic-Wholesale-Souffle-Cups-for-Kitchen-4-660x660.webp 660w\" sizes=\"(max-width: 1500px) 100vw, 1500px\" \/><\/figure>\n<\/div>\n<\/div>","protected":false},"excerpt":{"rendered":"<p>Bienvenido a comprar nuestras tazas de souffl\u00e9 de cer\u00e1mica al por mayor. El peque\u00f1o hornear cer\u00e1mica ramekin a granel cuenta con un aspecto r\u00fastico incre\u00edblemente lindo, est\u00e1 hecho de cer\u00e1mica de alta temperatura durable, es vers\u00e1til, apilable y f\u00e1cil de limpiar. Combinan estilo y practicidad como un producto superior.<\/p>","protected":false},"featured_media":9169,"comment_status":"closed","ping_status":"closed","template":"","meta":{"_acf_changed":false},"product_brand":[],"product_cat":[53],"product_tag":[69],"class_list":{"0":"post-9164","1":"product","2":"type-product","3":"status-publish","4":"has-post-thumbnail","6":"product_cat-bakeware-in-bulk","7":"product_tag-bulk-ramekins","9":"first","10":"instock","11":"shipping-taxable","12":"product-type-simple"},"acf":[],"_links":{"self":[{"href":"https:\/\/jinhuaceramic.com\/es\/wp-json\/wp\/v2\/product\/9164","targetHints":{"allow":["GET"]}}],"collection":[{"href":"https:\/\/jinhuaceramic.com\/es\/wp-json\/wp\/v2\/product"}],"about":[{"href":"https:\/\/jinhuaceramic.com\/es\/wp-json\/wp\/v2\/types\/product"}],"replies":[{"embeddable":true,"href":"https:\/\/jinhuaceramic.com\/es\/wp-json\/wp\/v2\/comments?post=9164"}],"version-history":[{"count":0,"href":"https:\/\/jinhuaceramic.com\/es\/wp-json\/wp\/v2\/product\/9164\/revisions"}],"wp:featuredmedia":[{"embeddable":true,"href":"https:\/\/jinhuaceramic.com\/es\/wp-json\/wp\/v2\/media\/9169"}],"wp:attachment":[{"href":"https:\/\/jinhuaceramic.com\/es\/wp-json\/wp\/v2\/media?parent=9164"}],"wp:term":[{"taxonomy":"product_brand","embeddable":true,"href":"https:\/\/jinhuaceramic.com\/es\/wp-json\/wp\/v2\/product_brand?post=9164"},{"taxonomy":"product_cat","embeddable":true,"href":"https:\/\/jinhuaceramic.com\/es\/wp-json\/wp\/v2\/product_cat?post=9164"},{"taxonomy":"product_tag","embeddable":true,"href":"https:\/\/jinhuaceramic.com\/es\/wp-json\/wp\/v2\/product_tag?post=9164"}],"curies":[{"name":"wp","href":"https:\/\/api.w.org\/{rel}","templated":true}]}}