{"id":9173,"date":"2025-06-03T02:34:15","date_gmt":"2025-06-03T02:34:15","guid":{"rendered":"https:\/\/jinhuaceramic.com\/?post_type=product&#038;p=9173"},"modified":"2025-06-03T02:34:17","modified_gmt":"2025-06-03T02:34:17","slug":"custom-design-dinnerware","status":"publish","type":"product","link":"https:\/\/jinhuaceramic.com\/es\/product\/custom-design-dinnerware\/","title":{"rendered":"Mayorista de Vajillas, Platos y Tazones con Dise\u00f1o Personalizado en Dos Tonos"},"content":{"rendered":"<div class=\"wp-block-columns is-layout-flex wp-container-core-columns-is-layout-9d6595d7 wp-block-columns-is-layout-flex\">\n<div class=\"wp-block-column is-layout-flow wp-block-column-is-layout-flow\">\n<h3 class=\"wp-block-heading\">Vajilla Premium con Dise\u00f1o Personalizado en Dos Tonos Caracter\u00edsticas:<\/h3>\n\n\n\n<ul class=\"wp-block-list\">\n<li><strong>Dise\u00f1o elegante:<\/strong> La combinaci\u00f3n de vajilla de dise\u00f1o personalizado de color beige claro en el interior y azul claro en el exterior de estos juegos de vajilla personalizados aporta una sensaci\u00f3n fresca y natural, con l\u00edneas de borde marrones que a\u00f1aden un toque de delicadeza. Todo el dise\u00f1o enfatiza la simplicidad pero a\u00f1ade elegancia que puede a\u00f1adir al disfrute de su experiencia gastron\u00f3mica.<\/li>\n\n\n\n<li><strong>Material duradero: <\/strong>Estos platos y cuencos al por mayor est\u00e1n fabricados con materiales cer\u00e1micos de alta calidad, a\u00f1adidos tras una cocci\u00f3n a alta temperatura. Tienen una dureza moderada, no se agrietan ni se rayan con facilidad y presentan caracter\u00edsticas de limpieza diaria y durabilidad a prueba de golpes.<\/li>\n\n\n\n<li><strong>Muy pr\u00e1ctico: <\/strong>Estos juegos de vajilla de dise\u00f1o personalizado se ofrecen en diferentes platos y cuencos para proporcionar varias opciones de tama\u00f1o. que pueden satisfacer diversas necesidades de comedor, como servir platos principales, sopas, ensaladas, etc. Son totalmente funcionales y adecuados para cenas familiares diarias o peque\u00f1as reuniones.<\/li>\n\n\n\n<li><strong>F\u00e1cil de limpiar: <\/strong>Estos platos y cuencos de cer\u00e1mica al por mayor tendr\u00e1n una superficie lisa y plana, la comida no se incrustar\u00e1, como un problema de re-ensuciamiento puede ser con el uso diario, ya que estos fueron dise\u00f1ados funcionalmente para una f\u00e1cil limpieza. Tambi\u00e9n pueden lavarse en el lavavajillas, lo que le facilitar\u00e1 la limpieza y reducir\u00e1 la posibilidad de crecimiento bacteriano para mantener su vajilla higi\u00e9nica.<\/li>\n<\/ul>\n<\/div>\n\n\n\n<div class=\"wp-block-column is-layout-flow wp-block-column-is-layout-flow\">\n<figure class=\"wp-block-image size-full\"><img fetchpriority=\"high\" decoding=\"async\" width=\"800\" height=\"800\" src=\"https:\/\/jinhuaceramic.com\/wp-content\/uploads\/2025\/05\/Custom-Two-Tone-Tableware-Set-Ceramic-Dinner-Plates-Bowls-Set-in-Bulk-2.webp\" alt=\"dos-tonos-dise\u00f1o-personalizado-vajilla-platos-y-vasos-mayorista-2\" class=\"wp-image-9174\" srcset=\"https:\/\/jinhuaceramic.com\/wp-content\/uploads\/2025\/05\/Custom-Two-Tone-Tableware-Set-Ceramic-Dinner-Plates-Bowls-Set-in-Bulk-2.webp 800w, https:\/\/jinhuaceramic.com\/wp-content\/uploads\/2025\/05\/Custom-Two-Tone-Tableware-Set-Ceramic-Dinner-Plates-Bowls-Set-in-Bulk-2-300x300.webp 300w, https:\/\/jinhuaceramic.com\/wp-content\/uploads\/2025\/05\/Custom-Two-Tone-Tableware-Set-Ceramic-Dinner-Plates-Bowls-Set-in-Bulk-2-150x150.webp 150w, https:\/\/jinhuaceramic.com\/wp-content\/uploads\/2025\/05\/Custom-Two-Tone-Tableware-Set-Ceramic-Dinner-Plates-Bowls-Set-in-Bulk-2-768x768.webp 768w, https:\/\/jinhuaceramic.com\/wp-content\/uploads\/2025\/05\/Custom-Two-Tone-Tableware-Set-Ceramic-Dinner-Plates-Bowls-Set-in-Bulk-2-12x12.webp 12w, https:\/\/jinhuaceramic.com\/wp-content\/uploads\/2025\/05\/Custom-Two-Tone-Tableware-Set-Ceramic-Dinner-Plates-Bowls-Set-in-Bulk-2-285x285.webp 285w, https:\/\/jinhuaceramic.com\/wp-content\/uploads\/2025\/05\/Custom-Two-Tone-Tableware-Set-Ceramic-Dinner-Plates-Bowls-Set-in-Bulk-2-270x270.webp 270w, https:\/\/jinhuaceramic.com\/wp-content\/uploads\/2025\/05\/Custom-Two-Tone-Tableware-Set-Ceramic-Dinner-Plates-Bowls-Set-in-Bulk-2-540x540.webp 540w, https:\/\/jinhuaceramic.com\/wp-content\/uploads\/2025\/05\/Custom-Two-Tone-Tableware-Set-Ceramic-Dinner-Plates-Bowls-Set-in-Bulk-2-660x660.webp 660w\" sizes=\"(max-width: 800px) 100vw, 800px\" \/><\/figure>\n<\/div>\n<\/div>\n\n\n\n<p><\/p>","protected":false},"excerpt":{"rendered":"<p>Bienvenido a comprar nuestros platos y cuencos de cer\u00e1mica al por mayor. Estas piezas de vajilla de dise\u00f1o personalizado est\u00e1n elegantemente dise\u00f1adas para combinarse con diversos estilos de mesas de comedor y entornos de decoraci\u00f3n del hogar. Materiales cer\u00e1micos son duraderos y f\u00e1ciles de limpiar, y la combinaci\u00f3n de m\u00faltiples tama\u00f1os de vajilla satisface diversas necesidades de comedor, por lo que estos juegos de vajilla tanto est\u00e9ticamente agradable y pr\u00e1ctico.<\/p>","protected":false},"featured_media":9177,"comment_status":"closed","ping_status":"closed","template":"","meta":{"_acf_changed":false},"product_brand":[],"product_cat":[83,54],"product_tag":[],"class_list":{"0":"post-9173","1":"product","2":"type-product","3":"status-publish","4":"has-post-thumbnail","6":"product_cat-wholesale-dinnerware-sets","7":"product_cat-tableware-wholesale","9":"first","10":"instock","11":"shipping-taxable","12":"product-type-simple"},"acf":[],"_links":{"self":[{"href":"https:\/\/jinhuaceramic.com\/es\/wp-json\/wp\/v2\/product\/9173","targetHints":{"allow":["GET"]}}],"collection":[{"href":"https:\/\/jinhuaceramic.com\/es\/wp-json\/wp\/v2\/product"}],"about":[{"href":"https:\/\/jinhuaceramic.com\/es\/wp-json\/wp\/v2\/types\/product"}],"replies":[{"embeddable":true,"href":"https:\/\/jinhuaceramic.com\/es\/wp-json\/wp\/v2\/comments?post=9173"}],"version-history":[{"count":0,"href":"https:\/\/jinhuaceramic.com\/es\/wp-json\/wp\/v2\/product\/9173\/revisions"}],"wp:featuredmedia":[{"embeddable":true,"href":"https:\/\/jinhuaceramic.com\/es\/wp-json\/wp\/v2\/media\/9177"}],"wp:attachment":[{"href":"https:\/\/jinhuaceramic.com\/es\/wp-json\/wp\/v2\/media?parent=9173"}],"wp:term":[{"taxonomy":"product_brand","embeddable":true,"href":"https:\/\/jinhuaceramic.com\/es\/wp-json\/wp\/v2\/product_brand?post=9173"},{"taxonomy":"product_cat","embeddable":true,"href":"https:\/\/jinhuaceramic.com\/es\/wp-json\/wp\/v2\/product_cat?post=9173"},{"taxonomy":"product_tag","embeddable":true,"href":"https:\/\/jinhuaceramic.com\/es\/wp-json\/wp\/v2\/product_tag?post=9173"}],"curies":[{"name":"wp","href":"https:\/\/api.w.org\/{rel}","templated":true}]}}