{"id":9181,"date":"2025-06-03T04:03:25","date_gmt":"2025-06-03T04:03:25","guid":{"rendered":"https:\/\/jinhuaceramic.com\/?post_type=product&#038;p=9181"},"modified":"2025-06-03T04:03:28","modified_gmt":"2025-06-03T04:03:28","slug":"candlestick-bulk","status":"publish","type":"product","link":"https:\/\/jinhuaceramic.com\/es\/product\/candlestick-bulk\/","title":{"rendered":"Lindo Candelabro a Granel con Forma de Hongo, Portavelas de Cer\u00e1mica Personalizado"},"content":{"rendered":"<div class=\"wp-block-columns is-layout-flex wp-container-core-columns-is-layout-9d6595d7 wp-block-columns-is-layout-flex\">\n<div class=\"wp-block-column is-layout-flow wp-block-column-is-layout-flow\">\n<h3 class=\"wp-block-heading\">Premium Cute Candlestick Bulk Caracter\u00edsticas:<\/h3>\n\n\n\n<ul class=\"wp-block-list\">\n<li><strong>Bonito dise\u00f1o: <\/strong>La mayor\u00eda de los candelabros tienen forma de seta y un dise\u00f1o minimalista y l\u00fadico, que puede crear un ambiente animado en el hogar. Los portavelas est\u00e1n disponibles en los colores Morandi, verde claro, blanco roto, rosa claro y amarillo claro, todos ellos colores relajantes y terap\u00e9uticos que, por lo tanto, hacen que la gente se sienta c\u00e1lida y acogedora.<\/li>\n\n\n\n<li><strong>Material duradero: <\/strong>Este portavelas personalizado est\u00e1 fabricado con materiales cer\u00e1micos de alta calidad que han sido cocidos a altas temperaturas, poseen cierto nivel de dureza y resistencia a las altas temperaturas, y son seguros para sostener una vela viva.<\/li>\n\n\n\n<li><strong>Varios tama\u00f1os: <\/strong>La mayor\u00eda de los candelabros est\u00e1n disponibles en dos tama\u00f1os y tienen orificios para velas de distintos di\u00e1metros, por lo que tambi\u00e9n pueden utilizarse para colocar velas de distintos tama\u00f1os. Tienen m\u00e1s opciones compatibles y pueden combinarse indistintamente y colocarse seg\u00fan las necesidades.<\/li>\n\n\n\n<li><strong>Gran sentido pr\u00e1ctico: <\/strong>El portavelas personalizado de dise\u00f1o exclusivo puede recoger los goteos de cera que se producen al encender las velas para que no caigan directamente sobre el tablero de la mesa y queden protegidos. El marco inferior es funcional, y cuando se ponen velas all\u00ed, son resistentes y no se vuelcan.<\/li>\n<\/ul>\n<\/div>\n\n\n\n<div class=\"wp-block-column is-layout-flow wp-block-column-is-layout-flow\">\n<figure class=\"wp-block-image size-full\"><img fetchpriority=\"high\" decoding=\"async\" width=\"800\" height=\"800\" src=\"https:\/\/jinhuaceramic.com\/wp-content\/uploads\/2025\/05\/Cute-Candle-Stick-with-Mushroom-Shape-Wholesale-Candle-Holders-Bulk-7.webp\" alt=\"candelabro de cer\u00e1mica con forma de seta personalizado-7\" class=\"wp-image-9187\" srcset=\"https:\/\/jinhuaceramic.com\/wp-content\/uploads\/2025\/05\/Cute-Candle-Stick-with-Mushroom-Shape-Wholesale-Candle-Holders-Bulk-7.webp 800w, https:\/\/jinhuaceramic.com\/wp-content\/uploads\/2025\/05\/Cute-Candle-Stick-with-Mushroom-Shape-Wholesale-Candle-Holders-Bulk-7-300x300.webp 300w, https:\/\/jinhuaceramic.com\/wp-content\/uploads\/2025\/05\/Cute-Candle-Stick-with-Mushroom-Shape-Wholesale-Candle-Holders-Bulk-7-150x150.webp 150w, https:\/\/jinhuaceramic.com\/wp-content\/uploads\/2025\/05\/Cute-Candle-Stick-with-Mushroom-Shape-Wholesale-Candle-Holders-Bulk-7-768x768.webp 768w, https:\/\/jinhuaceramic.com\/wp-content\/uploads\/2025\/05\/Cute-Candle-Stick-with-Mushroom-Shape-Wholesale-Candle-Holders-Bulk-7-12x12.webp 12w, https:\/\/jinhuaceramic.com\/wp-content\/uploads\/2025\/05\/Cute-Candle-Stick-with-Mushroom-Shape-Wholesale-Candle-Holders-Bulk-7-285x285.webp 285w, https:\/\/jinhuaceramic.com\/wp-content\/uploads\/2025\/05\/Cute-Candle-Stick-with-Mushroom-Shape-Wholesale-Candle-Holders-Bulk-7-270x270.webp 270w, https:\/\/jinhuaceramic.com\/wp-content\/uploads\/2025\/05\/Cute-Candle-Stick-with-Mushroom-Shape-Wholesale-Candle-Holders-Bulk-7-540x540.webp 540w, https:\/\/jinhuaceramic.com\/wp-content\/uploads\/2025\/05\/Cute-Candle-Stick-with-Mushroom-Shape-Wholesale-Candle-Holders-Bulk-7-660x660.webp 660w\" sizes=\"(max-width: 800px) 100vw, 800px\" \/><\/figure>\n<\/div>\n<\/div>","protected":false},"excerpt":{"rendered":"<p>Bienvenido a comprar nuestro portavelas de cer\u00e1mica personalizado. Este candelabro a granel es popular principalmente por su interesante forma de seta y sus colores suaves que combinan muy bien con diversos estilos de hogar y generan calidez. Al mismo tiempo, el duradero material cer\u00e1mico es de alta calidad, resistente al calor y combina practicidad y decoraci\u00f3n.<\/p>","protected":false},"featured_media":9182,"comment_status":"closed","ping_status":"closed","template":"","meta":{"_acf_changed":false},"product_brand":[],"product_cat":[52],"product_tag":[68],"class_list":{"0":"post-9181","1":"product","2":"type-product","3":"status-publish","4":"has-post-thumbnail","6":"product_cat-wholesale-candle-containers","7":"product_tag-ceramic-candlesticks-bulk","9":"first","10":"instock","11":"shipping-taxable","12":"product-type-simple"},"acf":[],"_links":{"self":[{"href":"https:\/\/jinhuaceramic.com\/es\/wp-json\/wp\/v2\/product\/9181","targetHints":{"allow":["GET"]}}],"collection":[{"href":"https:\/\/jinhuaceramic.com\/es\/wp-json\/wp\/v2\/product"}],"about":[{"href":"https:\/\/jinhuaceramic.com\/es\/wp-json\/wp\/v2\/types\/product"}],"replies":[{"embeddable":true,"href":"https:\/\/jinhuaceramic.com\/es\/wp-json\/wp\/v2\/comments?post=9181"}],"version-history":[{"count":0,"href":"https:\/\/jinhuaceramic.com\/es\/wp-json\/wp\/v2\/product\/9181\/revisions"}],"wp:featuredmedia":[{"embeddable":true,"href":"https:\/\/jinhuaceramic.com\/es\/wp-json\/wp\/v2\/media\/9182"}],"wp:attachment":[{"href":"https:\/\/jinhuaceramic.com\/es\/wp-json\/wp\/v2\/media?parent=9181"}],"wp:term":[{"taxonomy":"product_brand","embeddable":true,"href":"https:\/\/jinhuaceramic.com\/es\/wp-json\/wp\/v2\/product_brand?post=9181"},{"taxonomy":"product_cat","embeddable":true,"href":"https:\/\/jinhuaceramic.com\/es\/wp-json\/wp\/v2\/product_cat?post=9181"},{"taxonomy":"product_tag","embeddable":true,"href":"https:\/\/jinhuaceramic.com\/es\/wp-json\/wp\/v2\/product_tag?post=9181"}],"curies":[{"name":"wp","href":"https:\/\/api.w.org\/{rel}","templated":true}]}}