{"id":9192,"date":"2025-06-03T03:18:32","date_gmt":"2025-06-03T03:18:32","guid":{"rendered":"https:\/\/jinhuaceramic.com\/?post_type=product&#038;p=9192"},"modified":"2025-06-03T03:18:34","modified_gmt":"2025-06-03T03:18:34","slug":"candle-vessels-in-bulk","status":"publish","type":"product","link":"https:\/\/jinhuaceramic.com\/es\/product\/candle-vessels-in-bulk\/","title":{"rendered":"Recipientes para velas a granel con varios colores, Tarros de cer\u00e1mica para velas personalizados"},"content":{"rendered":"<div class=\"wp-block-columns is-layout-flex wp-container-core-columns-is-layout-9d6595d7 wp-block-columns-is-layout-flex\">\n<div class=\"wp-block-column is-layout-flow wp-block-column-is-layout-flow\">\n<h3 class=\"wp-block-heading\">Recipientes para velas a granel de primera calidad Caracter\u00edsticas:<\/h3>\n\n\n\n<ul class=\"wp-block-list\">\n<li><strong>Dise\u00f1o refinado: <\/strong>De dise\u00f1o sencillo pero refinado, estos tarros de cer\u00e1mica personalizados para velas con texturas c\u00f3ncavas y convexas irregulares en la superficie, dise\u00f1o visual en capas y diversi\u00f3n t\u00e1ctil, los hacen \u00fanicos en dise\u00f1o pero sencillos para realzar la belleza general del espacio.<\/li>\n\n\n\n<li><strong>Varios colores: <\/strong>Estos recipientes para velas a granel se fabrican en varios colores suaves como azul, verde, rosa, morado, gris, blanco, crema, etc., que desprenden un ambiente c\u00e1lido. Los clientes pueden elegir seg\u00fan su deseo o el interior de su hogar.<\/li>\n\n\n\n<li><strong>Alta calidad: <\/strong>Estos recipientes de cer\u00e1mica para velas a granel con arcilla cer\u00e1mica de alta calidad que tiene alta dureza y buena resistencia al calor. Estos recipientes se cocieron a altas temperaturas, por lo que es menos probable que se deformen o se rompan mientras funcionan normalmente durante el proceso de combusti\u00f3n de las velas, \u00a1para permitir un uso seguro!<\/li>\n\n\n\n<li><strong>Reutilizable:<\/strong> Estos tarros de cer\u00e1mica personalizados para velas pueden reutilizarse. Una vez quemada la vela, el portavelas puede limpiarse y utilizarse como portabol\u00edgrafos o como peque\u00f1o macetero para un uso secundario.<\/li>\n<\/ul>\n<\/div>\n\n\n\n<div class=\"wp-block-column is-layout-flow wp-block-column-is-layout-flow\">\n<figure class=\"wp-block-image size-full\"><img fetchpriority=\"high\" decoding=\"async\" width=\"527\" height=\"564\" src=\"https:\/\/jinhuaceramic.com\/wp-content\/uploads\/2025\/05\/Wholesale-Candle-Vessel-With-Various-Colors-Ceramic-Candle-Jar-In-Bulk-5.webp\" alt=\"candelabros a granel con tarros de cer\u00e1mica personalizados de varios colores 5\" class=\"wp-image-9196\" srcset=\"https:\/\/jinhuaceramic.com\/wp-content\/uploads\/2025\/05\/Wholesale-Candle-Vessel-With-Various-Colors-Ceramic-Candle-Jar-In-Bulk-5.webp 527w, https:\/\/jinhuaceramic.com\/wp-content\/uploads\/2025\/05\/Wholesale-Candle-Vessel-With-Various-Colors-Ceramic-Candle-Jar-In-Bulk-5-280x300.webp 280w, https:\/\/jinhuaceramic.com\/wp-content\/uploads\/2025\/05\/Wholesale-Candle-Vessel-With-Various-Colors-Ceramic-Candle-Jar-In-Bulk-5-11x12.webp 11w, https:\/\/jinhuaceramic.com\/wp-content\/uploads\/2025\/05\/Wholesale-Candle-Vessel-With-Various-Colors-Ceramic-Candle-Jar-In-Bulk-5-285x305.webp 285w, https:\/\/jinhuaceramic.com\/wp-content\/uploads\/2025\/05\/Wholesale-Candle-Vessel-With-Various-Colors-Ceramic-Candle-Jar-In-Bulk-5-140x150.webp 140w\" sizes=\"(max-width: 527px) 100vw, 527px\" \/><\/figure>\n<\/div>\n<\/div>","protected":false},"excerpt":{"rendered":"<p>Bienvenido a comprar nuestros recipientes para velas al por mayor. Tarros de cer\u00e1mica para velas personalizados con un dise\u00f1o sencillo pero elegante. Con muchos colores suaves para combinar con muchos estilos de decoraci\u00f3n del hogar. Adem\u00e1s, el material cer\u00e1mico es duradero y resistente al calor; los recipientes de cer\u00e1mica para velas pueden reutilizarse, lo que los convierte en hermosas decoraciones para el hogar con un elemento de practicidad.<\/p>","protected":false},"featured_media":9193,"comment_status":"closed","ping_status":"closed","template":"","meta":{"_acf_changed":false},"product_brand":[],"product_cat":[52],"product_tag":[66],"class_list":{"0":"post-9192","1":"product","2":"type-product","3":"status-publish","4":"has-post-thumbnail","6":"product_cat-wholesale-candle-containers","7":"product_tag-candle-jars-wholesale","9":"first","10":"instock","11":"shipping-taxable","12":"product-type-simple"},"acf":[],"_links":{"self":[{"href":"https:\/\/jinhuaceramic.com\/es\/wp-json\/wp\/v2\/product\/9192","targetHints":{"allow":["GET"]}}],"collection":[{"href":"https:\/\/jinhuaceramic.com\/es\/wp-json\/wp\/v2\/product"}],"about":[{"href":"https:\/\/jinhuaceramic.com\/es\/wp-json\/wp\/v2\/types\/product"}],"replies":[{"embeddable":true,"href":"https:\/\/jinhuaceramic.com\/es\/wp-json\/wp\/v2\/comments?post=9192"}],"version-history":[{"count":0,"href":"https:\/\/jinhuaceramic.com\/es\/wp-json\/wp\/v2\/product\/9192\/revisions"}],"wp:featuredmedia":[{"embeddable":true,"href":"https:\/\/jinhuaceramic.com\/es\/wp-json\/wp\/v2\/media\/9193"}],"wp:attachment":[{"href":"https:\/\/jinhuaceramic.com\/es\/wp-json\/wp\/v2\/media?parent=9192"}],"wp:term":[{"taxonomy":"product_brand","embeddable":true,"href":"https:\/\/jinhuaceramic.com\/es\/wp-json\/wp\/v2\/product_brand?post=9192"},{"taxonomy":"product_cat","embeddable":true,"href":"https:\/\/jinhuaceramic.com\/es\/wp-json\/wp\/v2\/product_cat?post=9192"},{"taxonomy":"product_tag","embeddable":true,"href":"https:\/\/jinhuaceramic.com\/es\/wp-json\/wp\/v2\/product_tag?post=9192"}],"curies":[{"name":"wp","href":"https:\/\/api.w.org\/{rel}","templated":true}]}}