{"id":9203,"date":"2025-06-03T03:09:26","date_gmt":"2025-06-03T03:09:26","guid":{"rendered":"https:\/\/jinhuaceramic.com\/?post_type=product&#038;p=9203"},"modified":"2025-06-03T03:09:27","modified_gmt":"2025-06-03T03:09:27","slug":"custom-soap-dish","status":"publish","type":"product","link":"https:\/\/jinhuaceramic.com\/es\/product\/custom-soap-dish\/","title":{"rendered":"Jabonera Personalizada Doble Capa, Accesorios de Ba\u00f1o de Cer\u00e1mica a Granel"},"content":{"rendered":"<div class=\"wp-block-columns is-layout-flex wp-container-core-columns-is-layout-9d6595d7 wp-block-columns-is-layout-flex\">\n<div class=\"wp-block-column is-layout-flow wp-block-column-is-layout-flow\">\n<h3 class=\"wp-block-heading\">Jabonera Premium de Doble Capa Personalizada Caracter\u00edsticas:<\/h3>\n\n\n\n<ul class=\"wp-block-list\">\n<li><strong>Estructura de doble capa: <\/strong>Las jaboneras al por mayor adoptan una forma limpia y lisa con una estructura de doble capa, y un largo orificio de salida de agua en el centro, que es capaz de drenar el agua en la superficie del jab\u00f3n r\u00e1pidamente, evitar que el jab\u00f3n se ablande debido al remojo en agua durante mucho tiempo y prolongar la vida \u00fatil.<\/li>\n\n\n\n<li><strong>Multicolor:<\/strong> Estas jaboneras personalizadas est\u00e1n disponibles en una amplia gama de colores, como rojo, verde, amarillo, blanco, etc., que pueden satisfacer las necesidades visuales de los clientes y adaptarse f\u00e1cilmente a la decoraci\u00f3n de los cuartos de ba\u00f1o.<\/li>\n\n\n\n<li><strong>Material de calidad: <\/strong>Las jaboneras personalizadas utilizan materiales cer\u00e1micos de alta calidad, que son impermeables y resistentes a la humedad, por lo que pueden utilizarse en zonas h\u00famedas como los cuartos de ba\u00f1o. Los materiales cer\u00e1micos son fuertes y resistentes, por lo que no son quebradizos ni se rompen con facilidad.<\/li>\n\n\n\n<li><strong>F\u00e1cil de limpiar: <\/strong>Las jaboneras de cer\u00e1mica al por mayor son lisas y f\u00e1ciles de limpiar. Lave con agua dulce o limpie con un pa\u00f1o h\u00famedo y todos los restos de jab\u00f3n y las manchas ser\u00e1n eliminados.<\/li>\n<\/ul>\n<\/div>\n\n\n\n<div class=\"wp-block-column is-layout-flow wp-block-column-is-layout-flow\">\n<figure class=\"wp-block-image size-full\"><img fetchpriority=\"high\" decoding=\"async\" width=\"800\" height=\"800\" src=\"https:\/\/jinhuaceramic.com\/wp-content\/uploads\/2025\/06\/Double-Layer-Wholesale-Soap-Dishes-Ceramic-Bathroom-Accessories-Bulk-5.webp\" alt=\"jabonera-ceramica-doble-capa-accesorios-de-ba\u00f1o-a-medida-granel-5\" class=\"wp-image-9207\" srcset=\"https:\/\/jinhuaceramic.com\/wp-content\/uploads\/2025\/06\/Double-Layer-Wholesale-Soap-Dishes-Ceramic-Bathroom-Accessories-Bulk-5.webp 800w, https:\/\/jinhuaceramic.com\/wp-content\/uploads\/2025\/06\/Double-Layer-Wholesale-Soap-Dishes-Ceramic-Bathroom-Accessories-Bulk-5-300x300.webp 300w, https:\/\/jinhuaceramic.com\/wp-content\/uploads\/2025\/06\/Double-Layer-Wholesale-Soap-Dishes-Ceramic-Bathroom-Accessories-Bulk-5-150x150.webp 150w, https:\/\/jinhuaceramic.com\/wp-content\/uploads\/2025\/06\/Double-Layer-Wholesale-Soap-Dishes-Ceramic-Bathroom-Accessories-Bulk-5-768x768.webp 768w, https:\/\/jinhuaceramic.com\/wp-content\/uploads\/2025\/06\/Double-Layer-Wholesale-Soap-Dishes-Ceramic-Bathroom-Accessories-Bulk-5-12x12.webp 12w, https:\/\/jinhuaceramic.com\/wp-content\/uploads\/2025\/06\/Double-Layer-Wholesale-Soap-Dishes-Ceramic-Bathroom-Accessories-Bulk-5-285x285.webp 285w, https:\/\/jinhuaceramic.com\/wp-content\/uploads\/2025\/06\/Double-Layer-Wholesale-Soap-Dishes-Ceramic-Bathroom-Accessories-Bulk-5-270x270.webp 270w, https:\/\/jinhuaceramic.com\/wp-content\/uploads\/2025\/06\/Double-Layer-Wholesale-Soap-Dishes-Ceramic-Bathroom-Accessories-Bulk-5-540x540.webp 540w, https:\/\/jinhuaceramic.com\/wp-content\/uploads\/2025\/06\/Double-Layer-Wholesale-Soap-Dishes-Ceramic-Bathroom-Accessories-Bulk-5-660x660.webp 660w\" sizes=\"(max-width: 800px) 100vw, 800px\" \/><\/figure>\n<\/div>\n<\/div>","protected":false},"excerpt":{"rendered":"<p>Le invitamos a adquirir nuestras jaboneras personalizadas. Nuestras jaboneras al por mayor son dise\u00f1os de dos capas para el drenaje, y la cer\u00e1mica es fuerte, durable y f\u00e1cil de limpiar; los colores tambi\u00e9n se utilizar\u00e1n para traer un poco de brillo y vitalidad al cuarto de ba\u00f1o. Estas jaboneras al por mayor son pr\u00e1cticos accesorios de ba\u00f1o y bonitas decoraciones de ba\u00f1o.<\/p>","protected":false},"featured_media":9206,"comment_status":"closed","ping_status":"closed","template":"","meta":{"_acf_changed":false},"product_brand":[],"product_cat":[51],"product_tag":[72],"class_list":{"0":"post-9203","1":"product","2":"type-product","3":"status-publish","4":"has-post-thumbnail","6":"product_cat-bathroom-accessories-wholesale","7":"product_tag-wholesale-soap-dishes","9":"first","10":"instock","11":"shipping-taxable","12":"product-type-simple"},"acf":[],"_links":{"self":[{"href":"https:\/\/jinhuaceramic.com\/es\/wp-json\/wp\/v2\/product\/9203","targetHints":{"allow":["GET"]}}],"collection":[{"href":"https:\/\/jinhuaceramic.com\/es\/wp-json\/wp\/v2\/product"}],"about":[{"href":"https:\/\/jinhuaceramic.com\/es\/wp-json\/wp\/v2\/types\/product"}],"replies":[{"embeddable":true,"href":"https:\/\/jinhuaceramic.com\/es\/wp-json\/wp\/v2\/comments?post=9203"}],"version-history":[{"count":0,"href":"https:\/\/jinhuaceramic.com\/es\/wp-json\/wp\/v2\/product\/9203\/revisions"}],"wp:featuredmedia":[{"embeddable":true,"href":"https:\/\/jinhuaceramic.com\/es\/wp-json\/wp\/v2\/media\/9206"}],"wp:attachment":[{"href":"https:\/\/jinhuaceramic.com\/es\/wp-json\/wp\/v2\/media?parent=9203"}],"wp:term":[{"taxonomy":"product_brand","embeddable":true,"href":"https:\/\/jinhuaceramic.com\/es\/wp-json\/wp\/v2\/product_brand?post=9203"},{"taxonomy":"product_cat","embeddable":true,"href":"https:\/\/jinhuaceramic.com\/es\/wp-json\/wp\/v2\/product_cat?post=9203"},{"taxonomy":"product_tag","embeddable":true,"href":"https:\/\/jinhuaceramic.com\/es\/wp-json\/wp\/v2\/product_tag?post=9203"}],"curies":[{"name":"wp","href":"https:\/\/api.w.org\/{rel}","templated":true}]}}