{"id":9236,"date":"2025-06-06T07:56:45","date_gmt":"2025-06-06T07:56:45","guid":{"rendered":"https:\/\/jinhuaceramic.com\/?post_type=product&#038;p=9236"},"modified":"2025-06-06T07:56:46","modified_gmt":"2025-06-06T07:56:46","slug":"unique-candle-containers-bulk","status":"publish","type":"product","link":"https:\/\/jinhuaceramic.com\/es\/product\/unique-candle-containers-bulk\/","title":{"rendered":"Recipientes para velas al por mayor, Recipientes de cer\u00e1mica vac\u00edos para velas al por mayor"},"content":{"rendered":"<div class=\"wp-block-columns is-layout-flex wp-container-core-columns-is-layout-9d6595d7 wp-block-columns-is-layout-flex\">\n<div class=\"wp-block-column is-layout-flow wp-block-column-is-layout-flow\">\n<h3 class=\"wp-block-heading\">Premium Unique Candle Containers Bulk Caracter\u00edsticas:<\/h3>\n\n\n\n<ul class=\"wp-block-list\">\n<li><strong>Forma \u00fanica: <\/strong>Estos tarros de velas personalizados son cil\u00edndricos y tienen una curva transparente c\u00f3ncava y convexa en la parte inferior, lo que provoca una curva en forma de \"calabaza\", que hace que los tarros de velas sean \u00fanicos y m\u00e1s interesantes, y crean una mejor sujeci\u00f3n, para que no se deslicen con facilidad.<\/li>\n\n\n\n<li><strong>Vers\u00e1til blanco roto:<\/strong> Estos exclusivos recipientes para velas est\u00e1n disponibles en blanco roto, un color relajante e interconfesional que encaja f\u00e1cilmente en cualquier estilo de decoraci\u00f3n, ya sea moderno, n\u00f3rdico, japon\u00e9s o minimalista.<\/li>\n\n\n\n<li><strong>Material duradero:<\/strong> Estos exclusivos recipientes para velas a granel est\u00e1n fabricados con material cer\u00e1mico de la mejor calidad y cocci\u00f3n a alta temperatura, por lo que son duros, duraderos y resistentes al calor. No se agrietan con el calor de las velas y son seguros de usar.<\/li>\n\n\n\n<li><strong>Reutilizable: <\/strong>Estos recipientes de cer\u00e1mica para velas al por mayor pueden reutilizarse, y despu\u00e9s de apagar la vela, estos singulares portavelas de cer\u00e1mica pueden lavarse y reutilizarse como mini jarrones, portabol\u00edgrafos, portacepillos de maquillaje, portacepillos de dientes, etc., que son respetuosos con el medio ambiente y multifuncionales.<\/li>\n<\/ul>\n<\/div>\n\n\n\n<div class=\"wp-block-column is-layout-flow wp-block-column-is-layout-flow\">\n<figure class=\"wp-block-image size-full\"><img fetchpriority=\"high\" decoding=\"async\" width=\"800\" height=\"800\" src=\"https:\/\/jinhuaceramic.com\/wp-content\/uploads\/2025\/06\/Unique-Bulk-Empty-Candle-Jars-Ceramic-Candle-Vessels-Wholesale-7.webp\" alt=\"recipientes-vela-\u00fanicos-vaso-vac\u00edo-de-cer\u00e1mica-mayorista-7\" class=\"wp-image-9242\" srcset=\"https:\/\/jinhuaceramic.com\/wp-content\/uploads\/2025\/06\/Unique-Bulk-Empty-Candle-Jars-Ceramic-Candle-Vessels-Wholesale-7.webp 800w, https:\/\/jinhuaceramic.com\/wp-content\/uploads\/2025\/06\/Unique-Bulk-Empty-Candle-Jars-Ceramic-Candle-Vessels-Wholesale-7-300x300.webp 300w, https:\/\/jinhuaceramic.com\/wp-content\/uploads\/2025\/06\/Unique-Bulk-Empty-Candle-Jars-Ceramic-Candle-Vessels-Wholesale-7-150x150.webp 150w, https:\/\/jinhuaceramic.com\/wp-content\/uploads\/2025\/06\/Unique-Bulk-Empty-Candle-Jars-Ceramic-Candle-Vessels-Wholesale-7-768x768.webp 768w, https:\/\/jinhuaceramic.com\/wp-content\/uploads\/2025\/06\/Unique-Bulk-Empty-Candle-Jars-Ceramic-Candle-Vessels-Wholesale-7-12x12.webp 12w, https:\/\/jinhuaceramic.com\/wp-content\/uploads\/2025\/06\/Unique-Bulk-Empty-Candle-Jars-Ceramic-Candle-Vessels-Wholesale-7-285x285.webp 285w, https:\/\/jinhuaceramic.com\/wp-content\/uploads\/2025\/06\/Unique-Bulk-Empty-Candle-Jars-Ceramic-Candle-Vessels-Wholesale-7-270x270.webp 270w, https:\/\/jinhuaceramic.com\/wp-content\/uploads\/2025\/06\/Unique-Bulk-Empty-Candle-Jars-Ceramic-Candle-Vessels-Wholesale-7-540x540.webp 540w, https:\/\/jinhuaceramic.com\/wp-content\/uploads\/2025\/06\/Unique-Bulk-Empty-Candle-Jars-Ceramic-Candle-Vessels-Wholesale-7-660x660.webp 660w\" sizes=\"(max-width: 800px) 100vw, 800px\" \/><\/figure>\n<\/div>\n<\/div>","protected":false},"excerpt":{"rendered":"<p>Bienvenido a comprar nuestros exclusivos recipientes para velas al por mayor. Las ventajas de estos tarros para velas de cer\u00e1mica al por mayor son su forma ergon\u00f3mica y \u00fanica, su color liso y universal, la textura del material cer\u00e1mico y su reutilizaci\u00f3n y universalidad. Con el mismo enfoque en la funcionalidad y la est\u00e9tica, estos tarros para velas pueden impartir un poco de arte y calor al ambiente del hogar.<\/p>","protected":false},"featured_media":9243,"comment_status":"closed","ping_status":"closed","template":"","meta":{"_acf_changed":false},"product_brand":[],"product_cat":[52],"product_tag":[66],"class_list":{"0":"post-9236","1":"product","2":"type-product","3":"status-publish","4":"has-post-thumbnail","6":"product_cat-wholesale-candle-containers","7":"product_tag-candle-jars-wholesale","9":"first","10":"instock","11":"shipping-taxable","12":"product-type-simple"},"acf":[],"_links":{"self":[{"href":"https:\/\/jinhuaceramic.com\/es\/wp-json\/wp\/v2\/product\/9236","targetHints":{"allow":["GET"]}}],"collection":[{"href":"https:\/\/jinhuaceramic.com\/es\/wp-json\/wp\/v2\/product"}],"about":[{"href":"https:\/\/jinhuaceramic.com\/es\/wp-json\/wp\/v2\/types\/product"}],"replies":[{"embeddable":true,"href":"https:\/\/jinhuaceramic.com\/es\/wp-json\/wp\/v2\/comments?post=9236"}],"version-history":[{"count":0,"href":"https:\/\/jinhuaceramic.com\/es\/wp-json\/wp\/v2\/product\/9236\/revisions"}],"wp:featuredmedia":[{"embeddable":true,"href":"https:\/\/jinhuaceramic.com\/es\/wp-json\/wp\/v2\/media\/9243"}],"wp:attachment":[{"href":"https:\/\/jinhuaceramic.com\/es\/wp-json\/wp\/v2\/media?parent=9236"}],"wp:term":[{"taxonomy":"product_brand","embeddable":true,"href":"https:\/\/jinhuaceramic.com\/es\/wp-json\/wp\/v2\/product_brand?post=9236"},{"taxonomy":"product_cat","embeddable":true,"href":"https:\/\/jinhuaceramic.com\/es\/wp-json\/wp\/v2\/product_cat?post=9236"},{"taxonomy":"product_tag","embeddable":true,"href":"https:\/\/jinhuaceramic.com\/es\/wp-json\/wp\/v2\/product_tag?post=9236"}],"curies":[{"name":"wp","href":"https:\/\/api.w.org\/{rel}","templated":true}]}}