{"id":9249,"date":"2025-06-06T08:24:24","date_gmt":"2025-06-06T08:24:24","guid":{"rendered":"https:\/\/jinhuaceramic.com\/?post_type=product&#038;p=9249"},"modified":"2025-06-06T08:24:26","modified_gmt":"2025-06-06T08:24:26","slug":"modern-candle-jars-wholesale","status":"publish","type":"product","link":"https:\/\/jinhuaceramic.com\/es\/product\/modern-candle-jars-wholesale\/","title":{"rendered":"Tarros de Velas Modernas Brillantes al por mayor, Vasos de Velas al por mayor en varios colores"},"content":{"rendered":"<div class=\"wp-block-columns is-layout-flex wp-container-core-columns-is-layout-9d6595d7 wp-block-columns-is-layout-flex\">\n<div class=\"wp-block-column is-layout-flow wp-block-column-is-layout-flow\">\n<h3 class=\"wp-block-heading\">Tarros de vela modernos de primera calidad al por mayor Caracter\u00edsticas:<\/h3>\n\n\n\n<ul class=\"wp-block-list\">\n<li><strong>Forma especial: <\/strong>Estos portavelas personalizados tienen una forma especial de tres donuts apilados uno encima del otro. Estos portavelas destacan sobre los habituales dise\u00f1os de tubo recto; son art\u00edsticos y decorativos, y a\u00f1aden belleza a cualquier espacio.<\/li>\n\n\n\n<li><strong>Una gama de colores brillantes: <\/strong>Estos modernos tarros para velas al por mayor est\u00e1n disponibles en varios colores, como negro, rosa, dorado y plateado, entre otros. Los clientes pueden elegir sus favoritos en funci\u00f3n de su estilo personal o de la decoraci\u00f3n de su hogar. Los tarros tienen un acabado brillante que les da un aspecto lujoso y elegante.<\/li>\n\n\n\n<li><strong>Material cer\u00e1mico de alta calidad: <\/strong>Estos portavelas de cer\u00e1mica de alta calidad al por mayor son ligeramente duros, resistentes a ara\u00f1azos y roturas, y duraderos durante largos periodos. El material cer\u00e1mico tambi\u00e9n es resistente al calor y puede utilizarse para quemar velas de forma segura y perfecta.<\/li>\n\n\n\n<li><strong>Versatilidad: <\/strong>Estos modernos tarros para velas al por mayor pueden utilizarse como portavelas, portabol\u00edgrafos, portacepillos de dientes o como tarros para cualquier otro objeto peque\u00f1o una vez quemadas las velas, y es una idea muy respetuosa con el medio ambiente.<\/li>\n<\/ul>\n<\/div>\n\n\n\n<div class=\"wp-block-column is-layout-flow wp-block-column-is-layout-flow\">\n<figure class=\"wp-block-image size-full\"><img fetchpriority=\"high\" decoding=\"async\" width=\"800\" height=\"800\" src=\"https:\/\/jinhuaceramic.com\/wp-content\/uploads\/2025\/06\/Wholesale-Shiny-Candle-Vessels-Custom-Candle-Jars-in-Various-Colors-5.webp\" alt=\"shiny-modern-candle-jars-wholesale-vandle-vessels-in-various-colors-5\" class=\"wp-image-9253\" srcset=\"https:\/\/jinhuaceramic.com\/wp-content\/uploads\/2025\/06\/Wholesale-Shiny-Candle-Vessels-Custom-Candle-Jars-in-Various-Colors-5.webp 800w, https:\/\/jinhuaceramic.com\/wp-content\/uploads\/2025\/06\/Wholesale-Shiny-Candle-Vessels-Custom-Candle-Jars-in-Various-Colors-5-300x300.webp 300w, https:\/\/jinhuaceramic.com\/wp-content\/uploads\/2025\/06\/Wholesale-Shiny-Candle-Vessels-Custom-Candle-Jars-in-Various-Colors-5-150x150.webp 150w, https:\/\/jinhuaceramic.com\/wp-content\/uploads\/2025\/06\/Wholesale-Shiny-Candle-Vessels-Custom-Candle-Jars-in-Various-Colors-5-768x768.webp 768w, https:\/\/jinhuaceramic.com\/wp-content\/uploads\/2025\/06\/Wholesale-Shiny-Candle-Vessels-Custom-Candle-Jars-in-Various-Colors-5-12x12.webp 12w, https:\/\/jinhuaceramic.com\/wp-content\/uploads\/2025\/06\/Wholesale-Shiny-Candle-Vessels-Custom-Candle-Jars-in-Various-Colors-5-285x285.webp 285w, https:\/\/jinhuaceramic.com\/wp-content\/uploads\/2025\/06\/Wholesale-Shiny-Candle-Vessels-Custom-Candle-Jars-in-Various-Colors-5-270x270.webp 270w, https:\/\/jinhuaceramic.com\/wp-content\/uploads\/2025\/06\/Wholesale-Shiny-Candle-Vessels-Custom-Candle-Jars-in-Various-Colors-5-540x540.webp 540w, https:\/\/jinhuaceramic.com\/wp-content\/uploads\/2025\/06\/Wholesale-Shiny-Candle-Vessels-Custom-Candle-Jars-in-Various-Colors-5-660x660.webp 660w\" sizes=\"(max-width: 800px) 100vw, 800px\" \/><\/figure>\n<\/div>\n<\/div>","protected":false},"excerpt":{"rendered":"<p>Bienvenido a comprar nuestros modernos tarros para velas al por mayor. Estos recipientes para velas al por mayor est\u00e1n fabricados con material cer\u00e1mico duradero y son muy funcionales. Al mismo tiempo, tienen formas \u00fanicas, superficies brillantes y una gran variedad de colores entre los que elegir. Estos tarros para velas no s\u00f3lo son pr\u00e1cticos, sino que tambi\u00e9n pueden utilizarse como decoraci\u00f3n para el hogar, a\u00f1adiendo un ambiente c\u00e1lido y art\u00edstico al espacio.<\/p>","protected":false},"featured_media":9255,"comment_status":"closed","ping_status":"closed","template":"","meta":{"_acf_changed":false},"product_brand":[],"product_cat":[52],"product_tag":[66],"class_list":{"0":"post-9249","1":"product","2":"type-product","3":"status-publish","4":"has-post-thumbnail","6":"product_cat-wholesale-candle-containers","7":"product_tag-candle-jars-wholesale","9":"first","10":"instock","11":"shipping-taxable","12":"product-type-simple"},"acf":[],"_links":{"self":[{"href":"https:\/\/jinhuaceramic.com\/es\/wp-json\/wp\/v2\/product\/9249","targetHints":{"allow":["GET"]}}],"collection":[{"href":"https:\/\/jinhuaceramic.com\/es\/wp-json\/wp\/v2\/product"}],"about":[{"href":"https:\/\/jinhuaceramic.com\/es\/wp-json\/wp\/v2\/types\/product"}],"replies":[{"embeddable":true,"href":"https:\/\/jinhuaceramic.com\/es\/wp-json\/wp\/v2\/comments?post=9249"}],"version-history":[{"count":0,"href":"https:\/\/jinhuaceramic.com\/es\/wp-json\/wp\/v2\/product\/9249\/revisions"}],"wp:featuredmedia":[{"embeddable":true,"href":"https:\/\/jinhuaceramic.com\/es\/wp-json\/wp\/v2\/media\/9255"}],"wp:attachment":[{"href":"https:\/\/jinhuaceramic.com\/es\/wp-json\/wp\/v2\/media?parent=9249"}],"wp:term":[{"taxonomy":"product_brand","embeddable":true,"href":"https:\/\/jinhuaceramic.com\/es\/wp-json\/wp\/v2\/product_brand?post=9249"},{"taxonomy":"product_cat","embeddable":true,"href":"https:\/\/jinhuaceramic.com\/es\/wp-json\/wp\/v2\/product_cat?post=9249"},{"taxonomy":"product_tag","embeddable":true,"href":"https:\/\/jinhuaceramic.com\/es\/wp-json\/wp\/v2\/product_tag?post=9249"}],"curies":[{"name":"wp","href":"https:\/\/api.w.org\/{rel}","templated":true}]}}