{"id":9273,"date":"2025-06-10T03:31:54","date_gmt":"2025-06-10T03:31:54","guid":{"rendered":"https:\/\/jinhuaceramic.com\/?post_type=product&#038;p=9273"},"modified":"2025-06-10T03:31:55","modified_gmt":"2025-06-10T03:31:55","slug":"custom-baking-dishes","status":"publish","type":"product","link":"https:\/\/jinhuaceramic.com\/es\/product\/custom-baking-dishes\/","title":{"rendered":"Platos para hornear a medida Cuadrado Rojo, Platos para hornear de cer\u00e1mica al por mayor"},"content":{"rendered":"<div class=\"wp-block-columns is-layout-flex wp-container-core-columns-is-layout-9d6595d7 wp-block-columns-is-layout-flex\">\n<div class=\"wp-block-column is-layout-flow wp-block-column-is-layout-flow\">\n<h3 class=\"wp-block-heading\">Premium Custom Baking Dishes Caracter\u00edsticas:<\/h3>\n\n\n\n<ul class=\"wp-block-list\">\n<li><strong>Estilo rural: <\/strong>Estos platos para hornear personalizados son rojos por fuera con bonitos y coloridos motivos florales, pero blancos con un impresionante motivo floral y de hojas verdes en el centro por dentro. Est\u00e1n llenos de calidez campestre y vintage, que puede aportar energ\u00eda a la mesa del comedor y la cocina.<\/li>\n\n\n\n<li><strong>Material de alta calidad:<\/strong> Estos moldes de cer\u00e1mica de alta calidad al por mayor son aptos para el horno, ya que son resistentes al calor, distribuyen uniformemente el calor y favorecen la cocci\u00f3n de los alimentos con la consistencia adecuada. La cer\u00e1mica tambi\u00e9n retiene bien el calor, por lo que los alimentos horneados permanecen calientes durante m\u00e1s tiempo.<\/li>\n\n\n\n<li><strong>Gran sentido pr\u00e1ctico: <\/strong>Estas bandejas cuadradas para hornear al por mayor son ideales para preparar comidas abundantes como guisos, lasa\u00f1a, verduras asadas y mucho m\u00e1s. Las grandes asas a ambos lados facilitan su extracci\u00f3n del horno o de la mesa, y el agarre firme incluso con guantes de horno.<\/li>\n\n\n\n<li><strong>El regalo perfecto:<\/strong> Atractivos y \u00fatiles, estos platos para hornear personalizados son perfectos para usar como regalos de inauguraci\u00f3n, regalos de boda o como regalos para panaderos.<\/li>\n<\/ul>\n<\/div>\n\n\n\n<div class=\"wp-block-column is-layout-flow wp-block-column-is-layout-flow\">\n<figure class=\"wp-block-image size-full\"><img fetchpriority=\"high\" decoding=\"async\" width=\"640\" height=\"640\" src=\"https:\/\/jinhuaceramic.com\/wp-content\/uploads\/2025\/06\/Wholesale-Red-Square-Baking-Pan-Ceramic-Baking-Dish-Custom-Bakeware.webp\" alt=\"bandejas de cer\u00e1mica cuadradas rojas al por mayor-6\" class=\"wp-image-9278\" srcset=\"https:\/\/jinhuaceramic.com\/wp-content\/uploads\/2025\/06\/Wholesale-Red-Square-Baking-Pan-Ceramic-Baking-Dish-Custom-Bakeware.webp 640w, https:\/\/jinhuaceramic.com\/wp-content\/uploads\/2025\/06\/Wholesale-Red-Square-Baking-Pan-Ceramic-Baking-Dish-Custom-Bakeware-300x300.webp 300w, https:\/\/jinhuaceramic.com\/wp-content\/uploads\/2025\/06\/Wholesale-Red-Square-Baking-Pan-Ceramic-Baking-Dish-Custom-Bakeware-150x150.webp 150w, https:\/\/jinhuaceramic.com\/wp-content\/uploads\/2025\/06\/Wholesale-Red-Square-Baking-Pan-Ceramic-Baking-Dish-Custom-Bakeware-12x12.webp 12w, https:\/\/jinhuaceramic.com\/wp-content\/uploads\/2025\/06\/Wholesale-Red-Square-Baking-Pan-Ceramic-Baking-Dish-Custom-Bakeware-285x285.webp 285w, https:\/\/jinhuaceramic.com\/wp-content\/uploads\/2025\/06\/Wholesale-Red-Square-Baking-Pan-Ceramic-Baking-Dish-Custom-Bakeware-270x270.webp 270w, https:\/\/jinhuaceramic.com\/wp-content\/uploads\/2025\/06\/Wholesale-Red-Square-Baking-Pan-Ceramic-Baking-Dish-Custom-Bakeware-540x540.webp 540w\" sizes=\"(max-width: 640px) 100vw, 640px\" \/><\/figure>\n<\/div>\n<\/div>","protected":false},"excerpt":{"rendered":"<p>Bienvenido a comprar nuestros moldes para hornear al por mayor. Estos moldes cuadrados rojos para hornear al por mayor est\u00e1n hechos de material cer\u00e1mico duro y tienen buena resistencia al calor, por lo que se pueden utilizar para hornear diferentes platos. Al mismo tiempo, el aspecto \u00fanico de los moldes para hornear los convierte no s\u00f3lo en pr\u00e1cticos utensilios de cocina, sino tambi\u00e9n en decoraciones de mesa, que har\u00e1n que la gente disfrute m\u00e1s de la comida.<\/p>","protected":false},"featured_media":9275,"comment_status":"closed","ping_status":"closed","template":"","meta":{"_acf_changed":false},"product_brand":[],"product_cat":[53],"product_tag":[71],"class_list":{"0":"post-9273","1":"product","2":"type-product","3":"status-publish","4":"has-post-thumbnail","6":"product_cat-bakeware-in-bulk","7":"product_tag-wholesale-baking-pans","9":"first","10":"instock","11":"shipping-taxable","12":"product-type-simple"},"acf":[],"_links":{"self":[{"href":"https:\/\/jinhuaceramic.com\/es\/wp-json\/wp\/v2\/product\/9273","targetHints":{"allow":["GET"]}}],"collection":[{"href":"https:\/\/jinhuaceramic.com\/es\/wp-json\/wp\/v2\/product"}],"about":[{"href":"https:\/\/jinhuaceramic.com\/es\/wp-json\/wp\/v2\/types\/product"}],"replies":[{"embeddable":true,"href":"https:\/\/jinhuaceramic.com\/es\/wp-json\/wp\/v2\/comments?post=9273"}],"version-history":[{"count":0,"href":"https:\/\/jinhuaceramic.com\/es\/wp-json\/wp\/v2\/product\/9273\/revisions"}],"wp:featuredmedia":[{"embeddable":true,"href":"https:\/\/jinhuaceramic.com\/es\/wp-json\/wp\/v2\/media\/9275"}],"wp:attachment":[{"href":"https:\/\/jinhuaceramic.com\/es\/wp-json\/wp\/v2\/media?parent=9273"}],"wp:term":[{"taxonomy":"product_brand","embeddable":true,"href":"https:\/\/jinhuaceramic.com\/es\/wp-json\/wp\/v2\/product_brand?post=9273"},{"taxonomy":"product_cat","embeddable":true,"href":"https:\/\/jinhuaceramic.com\/es\/wp-json\/wp\/v2\/product_cat?post=9273"},{"taxonomy":"product_tag","embeddable":true,"href":"https:\/\/jinhuaceramic.com\/es\/wp-json\/wp\/v2\/product_tag?post=9273"}],"curies":[{"name":"wp","href":"https:\/\/api.w.org\/{rel}","templated":true}]}}