{"id":9282,"date":"2025-06-10T03:58:47","date_gmt":"2025-06-10T03:58:47","guid":{"rendered":"https:\/\/jinhuaceramic.com\/?post_type=product&#038;p=9282"},"modified":"2025-06-10T03:58:48","modified_gmt":"2025-06-10T03:58:48","slug":"bulk-candle-vessels","status":"publish","type":"product","link":"https:\/\/jinhuaceramic.com\/es\/product\/bulk-candle-vessels\/","title":{"rendered":"Recipientes para velas a granel, Tarros para velas conmemorativas con \u00e1ngel en relieve al por mayor"},"content":{"rendered":"<div class=\"wp-block-columns is-layout-flex wp-container-core-columns-is-layout-9d6595d7 wp-block-columns-is-layout-flex\">\n<div class=\"wp-block-column is-layout-flow wp-block-column-is-layout-flow\">\n<h3 class=\"wp-block-heading\">Recipientes para velas a granel de primera calidad Caracter\u00edsticas:<\/h3>\n\n\n\n<ul class=\"wp-block-list\">\n<li><strong>Apoyo emocional: <\/strong>Estos tarros de velas personalizados llevan impresas unas palabras: \"Tengo un \u00e1ngel que me cuida desde el Cielo\" o \"Porque alguien a quien queremos est\u00e1 en el Cielo... Hay un poco de Cielo en nuestra casa\", que expresan directamente la a\u00f1oranza por los familiares fallecidos y pueden aportar consuelo psicol\u00f3gico y fuerza a los usuarios.<\/li>\n\n\n\n<li><strong>Dise\u00f1o individual:<\/strong> El tono blanquecino con una textura suave m\u00ednima y la forma redondeada de l\u00e1grima de los recipientes para velas a granel son muy adecuados para el dise\u00f1o del tema conmemorativo. La superficie del tarro est\u00e1 dotada de una textura de mariposa y flor en ligero relieve, que le da un toque elegante.<\/li>\n\n\n\n<li><strong>Material duradero:<\/strong> Los recipientes para velas a granel est\u00e1n fabricados con material cer\u00e1mico de alta calidad y cocidos a altas temperaturas, por lo que son resistentes a las altas temperaturas y pueden mantener las velas encendidas de forma segura. El material cer\u00e1mico es m\u00e1s denso y resistente que el metal y el vidrio.<\/li>\n\n\n\n<li><strong>Un regalo significativo: <\/strong>Estos tarros de velas de cer\u00e1mica al por mayor son regalos extremadamente significativos y humanos que pueden entregarse a una persona que ha perdido algo para ofrecerle apoyo y preocupaci\u00f3n.<\/li>\n<\/ul>\n<\/div>\n\n\n\n<div class=\"wp-block-column is-layout-flow wp-block-column-is-layout-flow\">\n<figure class=\"wp-block-image size-full\"><img fetchpriority=\"high\" decoding=\"async\" width=\"1024\" height=\"1024\" src=\"https:\/\/jinhuaceramic.com\/wp-content\/uploads\/2025\/06\/Embossed-Angel-Memorial-Candle-Jar-Ceramic-Candle-Vessels-Wholesale-4.webp\" alt=\"jarras-vela-a granel-relieve-angel-memorial-jarras-vela-al-mayor-4\" class=\"wp-image-9285\" srcset=\"https:\/\/jinhuaceramic.com\/wp-content\/uploads\/2025\/06\/Embossed-Angel-Memorial-Candle-Jar-Ceramic-Candle-Vessels-Wholesale-4.webp 1024w, https:\/\/jinhuaceramic.com\/wp-content\/uploads\/2025\/06\/Embossed-Angel-Memorial-Candle-Jar-Ceramic-Candle-Vessels-Wholesale-4-300x300.webp 300w, https:\/\/jinhuaceramic.com\/wp-content\/uploads\/2025\/06\/Embossed-Angel-Memorial-Candle-Jar-Ceramic-Candle-Vessels-Wholesale-4-150x150.webp 150w, https:\/\/jinhuaceramic.com\/wp-content\/uploads\/2025\/06\/Embossed-Angel-Memorial-Candle-Jar-Ceramic-Candle-Vessels-Wholesale-4-768x768.webp 768w, https:\/\/jinhuaceramic.com\/wp-content\/uploads\/2025\/06\/Embossed-Angel-Memorial-Candle-Jar-Ceramic-Candle-Vessels-Wholesale-4-12x12.webp 12w, https:\/\/jinhuaceramic.com\/wp-content\/uploads\/2025\/06\/Embossed-Angel-Memorial-Candle-Jar-Ceramic-Candle-Vessels-Wholesale-4-285x285.webp 285w, https:\/\/jinhuaceramic.com\/wp-content\/uploads\/2025\/06\/Embossed-Angel-Memorial-Candle-Jar-Ceramic-Candle-Vessels-Wholesale-4-270x270.webp 270w, https:\/\/jinhuaceramic.com\/wp-content\/uploads\/2025\/06\/Embossed-Angel-Memorial-Candle-Jar-Ceramic-Candle-Vessels-Wholesale-4-540x540.webp 540w, https:\/\/jinhuaceramic.com\/wp-content\/uploads\/2025\/06\/Embossed-Angel-Memorial-Candle-Jar-Ceramic-Candle-Vessels-Wholesale-4-660x660.webp 660w\" sizes=\"(max-width: 1024px) 100vw, 1024px\" \/><\/figure>\n<\/div>\n<\/div>\n\n\n\n<p><\/p>","protected":false},"excerpt":{"rendered":"<p>Bienvenido a comprar recipientes para velas a granel. Estos tarros para velas personalizados est\u00e1n fabricados con material cer\u00e1mico superior y duradero, y son muy pr\u00e1cticos. Al mismo tiempo, la bonita forma y las sentimentales palabras de estos tarros para velas no s\u00f3lo los convierten en recipientes para velas, sino tambi\u00e9n en recipientes para transmitir emociones, aportar paz y expresar amor.<\/p>","protected":false},"featured_media":9288,"comment_status":"closed","ping_status":"closed","template":"","meta":{"_acf_changed":false},"product_brand":[],"product_cat":[52],"product_tag":[66],"class_list":{"0":"post-9282","1":"product","2":"type-product","3":"status-publish","4":"has-post-thumbnail","6":"product_cat-wholesale-candle-containers","7":"product_tag-candle-jars-wholesale","9":"first","10":"instock","11":"shipping-taxable","12":"product-type-simple"},"acf":[],"_links":{"self":[{"href":"https:\/\/jinhuaceramic.com\/es\/wp-json\/wp\/v2\/product\/9282","targetHints":{"allow":["GET"]}}],"collection":[{"href":"https:\/\/jinhuaceramic.com\/es\/wp-json\/wp\/v2\/product"}],"about":[{"href":"https:\/\/jinhuaceramic.com\/es\/wp-json\/wp\/v2\/types\/product"}],"replies":[{"embeddable":true,"href":"https:\/\/jinhuaceramic.com\/es\/wp-json\/wp\/v2\/comments?post=9282"}],"version-history":[{"count":0,"href":"https:\/\/jinhuaceramic.com\/es\/wp-json\/wp\/v2\/product\/9282\/revisions"}],"wp:featuredmedia":[{"embeddable":true,"href":"https:\/\/jinhuaceramic.com\/es\/wp-json\/wp\/v2\/media\/9288"}],"wp:attachment":[{"href":"https:\/\/jinhuaceramic.com\/es\/wp-json\/wp\/v2\/media?parent=9282"}],"wp:term":[{"taxonomy":"product_brand","embeddable":true,"href":"https:\/\/jinhuaceramic.com\/es\/wp-json\/wp\/v2\/product_brand?post=9282"},{"taxonomy":"product_cat","embeddable":true,"href":"https:\/\/jinhuaceramic.com\/es\/wp-json\/wp\/v2\/product_cat?post=9282"},{"taxonomy":"product_tag","embeddable":true,"href":"https:\/\/jinhuaceramic.com\/es\/wp-json\/wp\/v2\/product_tag?post=9282"}],"curies":[{"name":"wp","href":"https:\/\/api.w.org\/{rel}","templated":true}]}}