{"id":9295,"date":"2025-06-11T10:09:30","date_gmt":"2025-06-11T10:09:30","guid":{"rendered":"https:\/\/jinhuaceramic.com\/?post_type=product&#038;p=9295"},"modified":"2025-06-11T10:09:31","modified_gmt":"2025-06-11T10:09:31","slug":"bulk-pie-pans-with-lids","status":"publish","type":"product","link":"https:\/\/jinhuaceramic.com\/es\/product\/bulk-pie-pans-with-lids\/","title":{"rendered":"Calabaza a granel moldes para tartas con tapas, servicio de Bakeware personalizado"},"content":{"rendered":"<div class=\"wp-block-columns is-layout-flex wp-container-core-columns-is-layout-9d6595d7 wp-block-columns-is-layout-flex\">\n<div class=\"wp-block-column is-layout-flow wp-block-column-is-layout-flow\">\n<h3 class=\"wp-block-heading\">Premium Pumpkin Bulk Pie Pans with Lids Caracter\u00edsticas:<\/h3>\n\n\n\n<ul class=\"wp-block-list\">\n<li><strong>Forma de calabaza \u00fanica:<\/strong> Con la forma realista de una calabaza, los moldes para tartas a granel con tapa se presentan en dos tonalidades del color, blanco pr\u00e1ctico y elegante y naranja intenso, y las amplias asas doradas en forma de enredadera de calabaza de la parte superior son brillantes y a\u00f1aden sofisticaci\u00f3n y riqueza a los recipientes para hornear.<\/li>\n\n\n\n<li><strong>Gres de larga duraci\u00f3n:<\/strong> Estos moldes para tartas de calabaza a granel con tapa est\u00e1n fabricados en gres de larga duraci\u00f3n resistente al desgaste y a las roturas. La superficie lisa del gres es muy f\u00e1cil de limpiar.<\/li>\n\n\n\n<li><strong>Gran sentido pr\u00e1ctico:<\/strong> Las tapas de estos moldes personalizados no s\u00f3lo son bonitas, sino tambi\u00e9n muy pr\u00e1cticas. Las tapas mantienen los alimentos h\u00famedos y evitan que se quemen al hornearlos, adem\u00e1s de mantenerlos calientes y frescos hasta el momento de servirlos. Las dos asas situadas a ambos lados del molde facilitan su extracci\u00f3n del horno y su transporte a la mesa.<\/li>\n\n\n\n<li><strong>Crear un ambiente festivo: <\/strong>La forma de calabaza de estos platos para hornear personalizados es la m\u00e1s apropiada para complementar el ambiente de oto\u00f1o, Halloween y Acci\u00f3n de Gracias. Poner comida en este plato para hornear durante las fiestas puede, de hecho, establecer un ambiente festivo y mejorar el disfrute de la comida.<\/li>\n<\/ul>\n<\/div>\n\n\n\n<div class=\"wp-block-column is-layout-flow wp-block-column-is-layout-flow\">\n<figure class=\"wp-block-image size-full\"><img fetchpriority=\"high\" decoding=\"async\" width=\"717\" height=\"717\" src=\"https:\/\/jinhuaceramic.com\/wp-content\/uploads\/2025\/06\/Pumpkin-Pie-Baking-Dish-with-Lid-Custom-Stoneware-Serving-Bakeware-6.webp\" alt=\"moldes para tartas de calabaza con tapa - moldes personalizados para tartas de 6 raciones\" class=\"wp-image-9300\" srcset=\"https:\/\/jinhuaceramic.com\/wp-content\/uploads\/2025\/06\/Pumpkin-Pie-Baking-Dish-with-Lid-Custom-Stoneware-Serving-Bakeware-6.webp 717w, https:\/\/jinhuaceramic.com\/wp-content\/uploads\/2025\/06\/Pumpkin-Pie-Baking-Dish-with-Lid-Custom-Stoneware-Serving-Bakeware-6-300x300.webp 300w, https:\/\/jinhuaceramic.com\/wp-content\/uploads\/2025\/06\/Pumpkin-Pie-Baking-Dish-with-Lid-Custom-Stoneware-Serving-Bakeware-6-150x150.webp 150w, https:\/\/jinhuaceramic.com\/wp-content\/uploads\/2025\/06\/Pumpkin-Pie-Baking-Dish-with-Lid-Custom-Stoneware-Serving-Bakeware-6-12x12.webp 12w, https:\/\/jinhuaceramic.com\/wp-content\/uploads\/2025\/06\/Pumpkin-Pie-Baking-Dish-with-Lid-Custom-Stoneware-Serving-Bakeware-6-285x285.webp 285w, https:\/\/jinhuaceramic.com\/wp-content\/uploads\/2025\/06\/Pumpkin-Pie-Baking-Dish-with-Lid-Custom-Stoneware-Serving-Bakeware-6-270x270.webp 270w, https:\/\/jinhuaceramic.com\/wp-content\/uploads\/2025\/06\/Pumpkin-Pie-Baking-Dish-with-Lid-Custom-Stoneware-Serving-Bakeware-6-540x540.webp 540w, https:\/\/jinhuaceramic.com\/wp-content\/uploads\/2025\/06\/Pumpkin-Pie-Baking-Dish-with-Lid-Custom-Stoneware-Serving-Bakeware-6-660x660.webp 660w\" sizes=\"(max-width: 717px) 100vw, 717px\" \/><\/figure>\n<\/div>\n<\/div>","protected":false},"excerpt":{"rendered":"<p>Bienvenido a comprar nuestros moldes para tartas con tapa a granel. Nuestras tapas y asas para moldes de reposter\u00eda son de gres, y el fino dibujo de las tapas y asas es muy pr\u00e1ctico; son utensilios de reposter\u00eda esenciales en la casa. Adem\u00e1s, la forma de calabaza est\u00e1 llena de ambiente festivo, por lo que estos moldes para hornear no s\u00f3lo son pr\u00e1cticos, sino tambi\u00e9n decorativos en la mesa, dando a la gente una sensaci\u00f3n de ritual gastron\u00f3mico.<\/p>","protected":false},"featured_media":9298,"comment_status":"closed","ping_status":"closed","template":"","meta":{"_acf_changed":false},"product_brand":[],"product_cat":[53],"product_tag":[70],"class_list":{"0":"post-9295","1":"product","2":"type-product","3":"status-publish","4":"has-post-thumbnail","6":"product_cat-bakeware-in-bulk","7":"product_tag-custom-pie-pans","9":"first","10":"instock","11":"shipping-taxable","12":"product-type-simple"},"acf":[],"_links":{"self":[{"href":"https:\/\/jinhuaceramic.com\/es\/wp-json\/wp\/v2\/product\/9295","targetHints":{"allow":["GET"]}}],"collection":[{"href":"https:\/\/jinhuaceramic.com\/es\/wp-json\/wp\/v2\/product"}],"about":[{"href":"https:\/\/jinhuaceramic.com\/es\/wp-json\/wp\/v2\/types\/product"}],"replies":[{"embeddable":true,"href":"https:\/\/jinhuaceramic.com\/es\/wp-json\/wp\/v2\/comments?post=9295"}],"version-history":[{"count":0,"href":"https:\/\/jinhuaceramic.com\/es\/wp-json\/wp\/v2\/product\/9295\/revisions"}],"wp:featuredmedia":[{"embeddable":true,"href":"https:\/\/jinhuaceramic.com\/es\/wp-json\/wp\/v2\/media\/9298"}],"wp:attachment":[{"href":"https:\/\/jinhuaceramic.com\/es\/wp-json\/wp\/v2\/media?parent=9295"}],"wp:term":[{"taxonomy":"product_brand","embeddable":true,"href":"https:\/\/jinhuaceramic.com\/es\/wp-json\/wp\/v2\/product_brand?post=9295"},{"taxonomy":"product_cat","embeddable":true,"href":"https:\/\/jinhuaceramic.com\/es\/wp-json\/wp\/v2\/product_cat?post=9295"},{"taxonomy":"product_tag","embeddable":true,"href":"https:\/\/jinhuaceramic.com\/es\/wp-json\/wp\/v2\/product_tag?post=9295"}],"curies":[{"name":"wp","href":"https:\/\/api.w.org\/{rel}","templated":true}]}}