{"id":9310,"date":"2025-06-11T10:37:52","date_gmt":"2025-06-11T10:37:52","guid":{"rendered":"https:\/\/jinhuaceramic.com\/?post_type=product&#038;p=9310"},"modified":"2025-06-11T10:37:53","modified_gmt":"2025-06-11T10:37:53","slug":"custom-stoneware","status":"publish","type":"product","link":"https:\/\/jinhuaceramic.com\/es\/product\/custom-stoneware\/","title":{"rendered":"Juego de Platos y Cuencos de Gres Personalizados con Esmalte Reactivo, Vajilla al por mayor"},"content":{"rendered":"<div class=\"wp-block-columns is-layout-flex wp-container-core-columns-is-layout-9d6595d7 wp-block-columns-is-layout-flex\">\n<div class=\"wp-block-column is-layout-flow wp-block-column-is-layout-flow\">\n<h3 class=\"wp-block-heading\">Set de Platos y Cuencos de Gres Personalizados Premium Caracter\u00edsticas:<\/h3>\n\n\n\n<ul class=\"wp-block-list\">\n<li><strong>Esmalte reactivo: <\/strong>Los juegos de vajilla al por mayor utilizan esmalte reactivo, que crea una variaci\u00f3n natural y \u00fanica del color y la textura durante el proceso de quemado, y cada vajilla es algo diferente, exudando una atm\u00f3sfera art\u00edstica exclusiva, alejando la monoton\u00eda de la producci\u00f3n industrial en masa. Los platos y cuencos, de c\u00e1lido color marr\u00f3n, est\u00e1n moteados con diversos dibujos, ofreciendo un ambiente retro y r\u00fastico.<\/li>\n\n\n\n<li><strong>Gres de alta calidad:<\/strong> Estos platos y cuencos al por mayor est\u00e1n hechos de gres de alta calidad, siendo m\u00e1s densos y resistentes que la cer\u00e1mica normal, por lo que no se agrietan ni rayan f\u00e1cilmente, y pueden utilizarse todos los d\u00edas sin ning\u00fan peligro. El gres de calidad alimentaria no contiene sustancias qu\u00edmicas nocivas como el cadmio y el plomo, por lo que su uso es seguro.<\/li>\n\n\n\n<li><strong>Juego completo: <\/strong>El juego completo de platos y cuencos de gres personalizados incluye platos grandes y platos y cuencos peque\u00f1os, que pueden seleccionarse opcionalmente en funci\u00f3n de la cantidad de platos y cuencos que se vayan a utilizar para diversos fines de servir comida sencilla, guarniciones, sopas, postres, etc.<\/li>\n\n\n\n<li><strong>F\u00e1cil de limpiar: <\/strong>El juego de gres a medida tiene una textura suave que no se mancha f\u00e1cilmente con restos de comida, y es f\u00e1cil de limpiar. Se pueden lavar en el lavavajillas, lo que le ahorrar\u00e1 tiempo y esfuerzo.<\/li>\n<\/ul>\n<\/div>\n\n\n\n<div class=\"wp-block-column is-layout-flow wp-block-column-is-layout-flow\">\n<figure class=\"wp-block-image size-full\"><img fetchpriority=\"high\" decoding=\"async\" width=\"2000\" height=\"2000\" src=\"https:\/\/jinhuaceramic.com\/wp-content\/uploads\/2025\/06\/Stoneware-Plates-and-Bowls-Set-with-Reactive-Glaze-Wholesale-Tableware-Set.webp\" alt=\"juego de platos y cuencos de gres al por mayor con esmalte reactivo a medida\" class=\"wp-image-9317\" srcset=\"https:\/\/jinhuaceramic.com\/wp-content\/uploads\/2025\/06\/Stoneware-Plates-and-Bowls-Set-with-Reactive-Glaze-Wholesale-Tableware-Set.webp 2000w, https:\/\/jinhuaceramic.com\/wp-content\/uploads\/2025\/06\/Stoneware-Plates-and-Bowls-Set-with-Reactive-Glaze-Wholesale-Tableware-Set-300x300.webp 300w, https:\/\/jinhuaceramic.com\/wp-content\/uploads\/2025\/06\/Stoneware-Plates-and-Bowls-Set-with-Reactive-Glaze-Wholesale-Tableware-Set-150x150.webp 150w, https:\/\/jinhuaceramic.com\/wp-content\/uploads\/2025\/06\/Stoneware-Plates-and-Bowls-Set-with-Reactive-Glaze-Wholesale-Tableware-Set-768x768.webp 768w, https:\/\/jinhuaceramic.com\/wp-content\/uploads\/2025\/06\/Stoneware-Plates-and-Bowls-Set-with-Reactive-Glaze-Wholesale-Tableware-Set-12x12.webp 12w, https:\/\/jinhuaceramic.com\/wp-content\/uploads\/2025\/06\/Stoneware-Plates-and-Bowls-Set-with-Reactive-Glaze-Wholesale-Tableware-Set-285x285.webp 285w, https:\/\/jinhuaceramic.com\/wp-content\/uploads\/2025\/06\/Stoneware-Plates-and-Bowls-Set-with-Reactive-Glaze-Wholesale-Tableware-Set-1600x1600.webp 1600w, https:\/\/jinhuaceramic.com\/wp-content\/uploads\/2025\/06\/Stoneware-Plates-and-Bowls-Set-with-Reactive-Glaze-Wholesale-Tableware-Set-270x270.webp 270w, https:\/\/jinhuaceramic.com\/wp-content\/uploads\/2025\/06\/Stoneware-Plates-and-Bowls-Set-with-Reactive-Glaze-Wholesale-Tableware-Set-540x540.webp 540w, https:\/\/jinhuaceramic.com\/wp-content\/uploads\/2025\/06\/Stoneware-Plates-and-Bowls-Set-with-Reactive-Glaze-Wholesale-Tableware-Set-660x660.webp 660w\" sizes=\"(max-width: 2000px) 100vw, 2000px\" \/><\/figure>\n<\/div>\n<\/div>\n\n\n\n<p><\/p>","protected":false},"excerpt":{"rendered":"<p>Le invitamos a adquirir nuestro juego de gres de alta calidad. Los platos y cuencos al por mayor destacan por su esmalte reactivo \u00fanico, su material s\u00f3lido y duradero y sus combinaciones pr\u00e1cticas y diversas, que pueden mejorar significativamente la calidad y la experiencia de la comida diaria.<\/p>","protected":false},"featured_media":9312,"comment_status":"closed","ping_status":"closed","template":"","meta":{"_acf_changed":false},"product_brand":[],"product_cat":[83],"product_tag":[],"class_list":{"0":"post-9310","1":"product","2":"type-product","3":"status-publish","4":"has-post-thumbnail","6":"product_cat-wholesale-dinnerware-sets","8":"first","9":"instock","10":"shipping-taxable","11":"product-type-simple"},"acf":[],"_links":{"self":[{"href":"https:\/\/jinhuaceramic.com\/es\/wp-json\/wp\/v2\/product\/9310","targetHints":{"allow":["GET"]}}],"collection":[{"href":"https:\/\/jinhuaceramic.com\/es\/wp-json\/wp\/v2\/product"}],"about":[{"href":"https:\/\/jinhuaceramic.com\/es\/wp-json\/wp\/v2\/types\/product"}],"replies":[{"embeddable":true,"href":"https:\/\/jinhuaceramic.com\/es\/wp-json\/wp\/v2\/comments?post=9310"}],"version-history":[{"count":0,"href":"https:\/\/jinhuaceramic.com\/es\/wp-json\/wp\/v2\/product\/9310\/revisions"}],"wp:featuredmedia":[{"embeddable":true,"href":"https:\/\/jinhuaceramic.com\/es\/wp-json\/wp\/v2\/media\/9312"}],"wp:attachment":[{"href":"https:\/\/jinhuaceramic.com\/es\/wp-json\/wp\/v2\/media?parent=9310"}],"wp:term":[{"taxonomy":"product_brand","embeddable":true,"href":"https:\/\/jinhuaceramic.com\/es\/wp-json\/wp\/v2\/product_brand?post=9310"},{"taxonomy":"product_cat","embeddable":true,"href":"https:\/\/jinhuaceramic.com\/es\/wp-json\/wp\/v2\/product_cat?post=9310"},{"taxonomy":"product_tag","embeddable":true,"href":"https:\/\/jinhuaceramic.com\/es\/wp-json\/wp\/v2\/product_tag?post=9310"}],"curies":[{"name":"wp","href":"https:\/\/api.w.org\/{rel}","templated":true}]}}