{"id":9333,"date":"2025-06-13T01:56:05","date_gmt":"2025-06-13T01:56:05","guid":{"rendered":"https:\/\/jinhuaceramic.com\/?post_type=product&#038;p=9333"},"modified":"2025-06-13T01:56:07","modified_gmt":"2025-06-13T01:56:07","slug":"sage-burner-wholesale","status":"publish","type":"product","link":"https:\/\/jinhuaceramic.com\/es\/product\/sage-burner-wholesale\/","title":{"rendered":"Quemador de Salvia Palo Santo de Cer\u00e1mica al por mayor, Porta Sahumerios al por mayor"},"content":{"rendered":"<div class=\"wp-block-columns is-layout-flex wp-container-core-columns-is-layout-9d6595d7 wp-block-columns-is-layout-flex\">\n<div class=\"wp-block-column is-layout-flow wp-block-column-is-layout-flow\">\n<h3 class=\"wp-block-heading\">Quemador de Salvia Premium al por mayor Caracter\u00edsticas:<\/h3>\n\n\n\n<ul class=\"wp-block-list\">\n<li><strong>Dise\u00f1o moderno:<\/strong> Este quemador de Palo Santo y salvia al por mayor presenta una sencilla base redonda y un casquillo redondo en el centro. La forma de ranura redondeada estar\u00e1 en posici\u00f3n de acumular las cenizas derramadas despu\u00e9s de encender el Palo Santo. Estos porta Palo Santo vienen en varios colores, que aportar\u00e1n color a cualquier ambiente dom\u00e9stico.<\/li>\n\n\n\n<li><strong>Material de alta calidad: <\/strong>Estos soportes de cer\u00e1mica a granel son resistentes al calor y pueden soportar con seguridad el calor de la quema de Palo Santo. La superficie lisa de cer\u00e1mica hace que la limpieza de las cenizas simple con un pa\u00f1o suave.<\/li>\n\n\n\n<li><strong>Versatilidad: <\/strong>Nuestro quemador de salvia al por mayor tiene m\u00faltiples usos. En primer lugar, el Palo Santo es una madera arom\u00e1tica natural utilizada para la purificaci\u00f3n y la meditaci\u00f3n, que puede encenderse e introducirse en el orificio central para permitir que el humo se difunda de forma natural. Estos portavelas de Palo Santo tambi\u00e9n pueden ser portavelas para sostener velas encendidas.<\/li>\n\n\n\n<li><strong>El regalo perfecto: <\/strong>Estos portavelas a granel pueden ayudar a los usuarios a disfrutar de los efectos calmantes y purificadores del Palo Santo durante la meditaci\u00f3n, el yoga o la relajaci\u00f3n diaria. Son regalos perfectos para amigos a los que les guste la aromaterapia, la meditaci\u00f3n o perseguir la calidad de vida.<\/li>\n<\/ul>\n<\/div>\n\n\n\n<div class=\"wp-block-column is-layout-flow wp-block-column-is-layout-flow\">\n<figure class=\"wp-block-image size-full\"><img fetchpriority=\"high\" decoding=\"async\" width=\"1001\" height=\"1001\" src=\"https:\/\/jinhuaceramic.com\/wp-content\/uploads\/2025\/06\/Various-Colors-Palo-Santo-Burner-Wholesale-Ceramic-Smudge-Candle-Holder-8.webp\" alt=\"Quemador de Salvia Palo Santo de Cer\u00e1mica al por mayor, Porta Sahumerios a granel-1\" class=\"wp-image-9340\" srcset=\"https:\/\/jinhuaceramic.com\/wp-content\/uploads\/2025\/06\/Various-Colors-Palo-Santo-Burner-Wholesale-Ceramic-Smudge-Candle-Holder-8.webp 1001w, https:\/\/jinhuaceramic.com\/wp-content\/uploads\/2025\/06\/Various-Colors-Palo-Santo-Burner-Wholesale-Ceramic-Smudge-Candle-Holder-8-300x300.webp 300w, https:\/\/jinhuaceramic.com\/wp-content\/uploads\/2025\/06\/Various-Colors-Palo-Santo-Burner-Wholesale-Ceramic-Smudge-Candle-Holder-8-150x150.webp 150w, https:\/\/jinhuaceramic.com\/wp-content\/uploads\/2025\/06\/Various-Colors-Palo-Santo-Burner-Wholesale-Ceramic-Smudge-Candle-Holder-8-768x768.webp 768w, https:\/\/jinhuaceramic.com\/wp-content\/uploads\/2025\/06\/Various-Colors-Palo-Santo-Burner-Wholesale-Ceramic-Smudge-Candle-Holder-8-12x12.webp 12w, https:\/\/jinhuaceramic.com\/wp-content\/uploads\/2025\/06\/Various-Colors-Palo-Santo-Burner-Wholesale-Ceramic-Smudge-Candle-Holder-8-285x285.webp 285w, https:\/\/jinhuaceramic.com\/wp-content\/uploads\/2025\/06\/Various-Colors-Palo-Santo-Burner-Wholesale-Ceramic-Smudge-Candle-Holder-8-270x270.webp 270w, https:\/\/jinhuaceramic.com\/wp-content\/uploads\/2025\/06\/Various-Colors-Palo-Santo-Burner-Wholesale-Ceramic-Smudge-Candle-Holder-8-540x540.webp 540w, https:\/\/jinhuaceramic.com\/wp-content\/uploads\/2025\/06\/Various-Colors-Palo-Santo-Burner-Wholesale-Ceramic-Smudge-Candle-Holder-8-660x660.webp 660w\" sizes=\"(max-width: 1001px) 100vw, 1001px\" \/><\/figure>\n<\/div>\n<\/div>","protected":false},"excerpt":{"rendered":"<p>Le damos la bienvenida a la compra al por mayor de soportes para palos de sahumerio. Las ventajas de este quemador de salvia Palo Santo al por mayor son el dise\u00f1o moderno, los diversos colores, el material cer\u00e1mico duradero y la versatilidad. Combinan belleza, practicidad y versatilidad, pueden mejorar la atm\u00f3sfera del ambiente del hogar.<\/p>","protected":false},"featured_media":9339,"comment_status":"closed","ping_status":"closed","template":"","meta":{"_acf_changed":false},"product_brand":[],"product_cat":[52],"product_tag":[68],"class_list":{"0":"post-9333","1":"product","2":"type-product","3":"status-publish","4":"has-post-thumbnail","6":"product_cat-wholesale-candle-containers","7":"product_tag-ceramic-candlesticks-bulk","9":"first","10":"instock","11":"shipping-taxable","12":"product-type-simple"},"acf":[],"_links":{"self":[{"href":"https:\/\/jinhuaceramic.com\/es\/wp-json\/wp\/v2\/product\/9333","targetHints":{"allow":["GET"]}}],"collection":[{"href":"https:\/\/jinhuaceramic.com\/es\/wp-json\/wp\/v2\/product"}],"about":[{"href":"https:\/\/jinhuaceramic.com\/es\/wp-json\/wp\/v2\/types\/product"}],"replies":[{"embeddable":true,"href":"https:\/\/jinhuaceramic.com\/es\/wp-json\/wp\/v2\/comments?post=9333"}],"version-history":[{"count":0,"href":"https:\/\/jinhuaceramic.com\/es\/wp-json\/wp\/v2\/product\/9333\/revisions"}],"wp:featuredmedia":[{"embeddable":true,"href":"https:\/\/jinhuaceramic.com\/es\/wp-json\/wp\/v2\/media\/9339"}],"wp:attachment":[{"href":"https:\/\/jinhuaceramic.com\/es\/wp-json\/wp\/v2\/media?parent=9333"}],"wp:term":[{"taxonomy":"product_brand","embeddable":true,"href":"https:\/\/jinhuaceramic.com\/es\/wp-json\/wp\/v2\/product_brand?post=9333"},{"taxonomy":"product_cat","embeddable":true,"href":"https:\/\/jinhuaceramic.com\/es\/wp-json\/wp\/v2\/product_cat?post=9333"},{"taxonomy":"product_tag","embeddable":true,"href":"https:\/\/jinhuaceramic.com\/es\/wp-json\/wp\/v2\/product_tag?post=9333"}],"curies":[{"name":"wp","href":"https:\/\/api.w.org\/{rel}","templated":true}]}}