{"id":9350,"date":"2025-06-14T03:55:12","date_gmt":"2025-06-14T03:55:12","guid":{"rendered":"https:\/\/jinhuaceramic.com\/?post_type=product&#038;p=9350"},"modified":"2025-06-14T03:55:13","modified_gmt":"2025-06-14T03:55:13","slug":"empty-candle-jars-bulk","status":"publish","type":"product","link":"https:\/\/jinhuaceramic.com\/es\/product\/empty-candle-jars-bulk\/","title":{"rendered":"Cer\u00e1mica en relieve tarros vac\u00edos de vela a granel con logotipo personalizado"},"content":{"rendered":"<div class=\"wp-block-columns is-layout-flex wp-container-core-columns-is-layout-9d6595d7 wp-block-columns-is-layout-flex\">\n<div class=\"wp-block-column is-layout-flow wp-block-column-is-layout-flow\">\n<h3 class=\"wp-block-heading\">Premium Tarros Vac\u00edos para Velas a Granel Caracter\u00edsticas:<\/h3>\n\n\n\n<ul class=\"wp-block-list\">\n<li><strong>Dise\u00f1o elegante: <\/strong>El dise\u00f1o general de estos tarros vac\u00edos para velas a granel es refinado y minimalista, con l\u00edneas suaves. Los dise\u00f1os en relieve de los tarros son delicados y perspicuos, lo que refleja la gran artesan\u00eda, tiene un ambiente art\u00edstico tradicional y puede colocarse perfectamente en cualquier tipo de estilo de hogar.<\/li>\n\n\n\n<li><strong>Colores suaves: <\/strong>Estos recipientes para velas al por mayor est\u00e1n disponibles en una variedad de colores suaves: beige, gris claro, negro y blanco. Estos tonos poco saturados pueden transmitir una sensaci\u00f3n de lujo en el ambiente. Los consumidores pueden elegir en funci\u00f3n del estilo y la decoraci\u00f3n del hogar.<\/li>\n\n\n\n<li><strong>Material de alta calidad: <\/strong>Estos tarros vac\u00edos para velas a granel est\u00e1n fabricados con material cer\u00e1mico de alta calidad y cocidos a alta temperatura. Por eso tienen una gran dureza y buena resistencia al calor. Pueden soportar el calor de las velas encendidas y no son f\u00e1ciles de romper.<\/li>\n\n\n\n<li><strong>Reutilizable y respetuoso con el medio ambiente:<\/strong> Estos exquisitos recipientes para velas al por mayor pueden reutilizarse, lo que est\u00e1 m\u00e1s en consonancia con el concepto de desarrollo sostenible que los tarros met\u00e1licos para velas, reduciendo el uso de recipientes desechables. Cuando las velas se consumen, estos tarros para velas pueden limpiarse y utilizarse como portal\u00e1pices, tarros de almacenaje o peque\u00f1os jarrones, etc.<\/li>\n<\/ul>\n<\/div>\n\n\n\n<div class=\"wp-block-column is-layout-flow wp-block-column-is-layout-flow\">\n<figure class=\"wp-block-image size-full\"><img fetchpriority=\"high\" decoding=\"async\" width=\"750\" height=\"750\" src=\"https:\/\/jinhuaceramic.com\/wp-content\/uploads\/2025\/06\/Bulk-Embossed-Candle-Jar-with-Custom-Logo-Wholesale-Candle-Container-3.webp\" alt=\"Cer\u00e1mica en relieve tarros vac\u00edos de vela a granel con logotipo personalizado-1\" class=\"wp-image-9352\" srcset=\"https:\/\/jinhuaceramic.com\/wp-content\/uploads\/2025\/06\/Bulk-Embossed-Candle-Jar-with-Custom-Logo-Wholesale-Candle-Container-3.webp 750w, https:\/\/jinhuaceramic.com\/wp-content\/uploads\/2025\/06\/Bulk-Embossed-Candle-Jar-with-Custom-Logo-Wholesale-Candle-Container-3-300x300.webp 300w, https:\/\/jinhuaceramic.com\/wp-content\/uploads\/2025\/06\/Bulk-Embossed-Candle-Jar-with-Custom-Logo-Wholesale-Candle-Container-3-150x150.webp 150w, https:\/\/jinhuaceramic.com\/wp-content\/uploads\/2025\/06\/Bulk-Embossed-Candle-Jar-with-Custom-Logo-Wholesale-Candle-Container-3-12x12.webp 12w, https:\/\/jinhuaceramic.com\/wp-content\/uploads\/2025\/06\/Bulk-Embossed-Candle-Jar-with-Custom-Logo-Wholesale-Candle-Container-3-285x285.webp 285w, https:\/\/jinhuaceramic.com\/wp-content\/uploads\/2025\/06\/Bulk-Embossed-Candle-Jar-with-Custom-Logo-Wholesale-Candle-Container-3-270x270.webp 270w, https:\/\/jinhuaceramic.com\/wp-content\/uploads\/2025\/06\/Bulk-Embossed-Candle-Jar-with-Custom-Logo-Wholesale-Candle-Container-3-540x540.webp 540w, https:\/\/jinhuaceramic.com\/wp-content\/uploads\/2025\/06\/Bulk-Embossed-Candle-Jar-with-Custom-Logo-Wholesale-Candle-Container-3-660x660.webp 660w\" sizes=\"(max-width: 750px) 100vw, 750px\" \/><\/figure>\n<\/div>\n<\/div>","protected":false},"excerpt":{"rendered":"<p>Bienvenido a la compra al por mayor de recipientes para velas. Estos tarros vac\u00edos para velas al por mayor est\u00e1n fabricados con materiales cer\u00e1micos de primera calidad, el exquisito relieve, los diversos colores y los dise\u00f1os reciclables los convierten en adornos para el hogar de alta gama que pueden adornar el entorno y reflejar el excelente gusto del propietario.<\/p>","protected":false},"featured_media":9357,"comment_status":"closed","ping_status":"closed","template":"","meta":{"_acf_changed":false},"product_brand":[],"product_cat":[52],"product_tag":[66],"class_list":{"0":"post-9350","1":"product","2":"type-product","3":"status-publish","4":"has-post-thumbnail","6":"product_cat-wholesale-candle-containers","7":"product_tag-candle-jars-wholesale","9":"first","10":"instock","11":"shipping-taxable","12":"product-type-simple"},"acf":[],"_links":{"self":[{"href":"https:\/\/jinhuaceramic.com\/es\/wp-json\/wp\/v2\/product\/9350","targetHints":{"allow":["GET"]}}],"collection":[{"href":"https:\/\/jinhuaceramic.com\/es\/wp-json\/wp\/v2\/product"}],"about":[{"href":"https:\/\/jinhuaceramic.com\/es\/wp-json\/wp\/v2\/types\/product"}],"replies":[{"embeddable":true,"href":"https:\/\/jinhuaceramic.com\/es\/wp-json\/wp\/v2\/comments?post=9350"}],"version-history":[{"count":0,"href":"https:\/\/jinhuaceramic.com\/es\/wp-json\/wp\/v2\/product\/9350\/revisions"}],"wp:featuredmedia":[{"embeddable":true,"href":"https:\/\/jinhuaceramic.com\/es\/wp-json\/wp\/v2\/media\/9357"}],"wp:attachment":[{"href":"https:\/\/jinhuaceramic.com\/es\/wp-json\/wp\/v2\/media?parent=9350"}],"wp:term":[{"taxonomy":"product_brand","embeddable":true,"href":"https:\/\/jinhuaceramic.com\/es\/wp-json\/wp\/v2\/product_brand?post=9350"},{"taxonomy":"product_cat","embeddable":true,"href":"https:\/\/jinhuaceramic.com\/es\/wp-json\/wp\/v2\/product_cat?post=9350"},{"taxonomy":"product_tag","embeddable":true,"href":"https:\/\/jinhuaceramic.com\/es\/wp-json\/wp\/v2\/product_tag?post=9350"}],"curies":[{"name":"wp","href":"https:\/\/api.w.org\/{rel}","templated":true}]}}