{"id":9369,"date":"2025-06-17T01:50:10","date_gmt":"2025-06-17T01:50:10","guid":{"rendered":"https:\/\/jinhuaceramic.com\/?post_type=product&#038;p=9369"},"modified":"2025-06-17T01:50:12","modified_gmt":"2025-06-17T01:50:12","slug":"grey-bathroom-set-wholesale","status":"publish","type":"product","link":"https:\/\/jinhuaceramic.com\/es\/product\/grey-bathroom-set-wholesale\/","title":{"rendered":"Juego De Ba\u00f1o Gris Minimalista Al Por Mayor, Accesorios De Ba\u00f1o De Cer\u00e1mica Personalizados"},"content":{"rendered":"<div class=\"wp-block-columns is-layout-flex wp-container-core-columns-is-layout-9d6595d7 wp-block-columns-is-layout-flex\">\n<div class=\"wp-block-column is-layout-flow wp-block-column-is-layout-flow\">\n<h3 class=\"wp-block-heading\">Set de Ba\u00f1o Gris Premium al por mayor Caracter\u00edsticas:<\/h3>\n\n\n\n<ul class=\"wp-block-list\">\n<li><strong>Materiales de alta calidad:<\/strong> Este juego de ba\u00f1o gris al por mayor utiliza cer\u00e1mica de alta calidad resistente a la deformaci\u00f3n y el envejecimiento. Su cara de cer\u00e1mica impermeable y resistente a la humedad es perfectamente adecuado para ambientes de ba\u00f1o de vapor.<\/li>\n\n\n\n<li><strong>Dise\u00f1o minimalista:<\/strong> Este juego de ba\u00f1o gris al por mayor presenta una forma sencilla y, con su acabado gris claro mate, puede integrarse f\u00e1cilmente. El acabado mate es menos llamativo y m\u00e1s tenue que el acabado brillante, y puede integrarse f\u00e1cilmente en la mayor\u00eda de los temas de decoraci\u00f3n de cuartos de ba\u00f1o para ofrecer un ambiente limpio y tranquilo. Mientras tanto, el cabezal negro de la bomba de este dispensador de jab\u00f3n confiere al producto un aire de contemporaneidad.<\/li>\n\n\n\n<li><strong>Practicidad: <\/strong>Pr\u00e1ctico: El set de accesorios de ba\u00f1o de cer\u00e1mica personalizados consta de un soporte para cepillos de dientes, un vaso para enjuague bucal, un dispensador de jab\u00f3n y un tarro para bastoncillos de algod\u00f3n con tapa para guardar los art\u00edculos de aseo diarios y mantener la encimera limpia y organizada.<\/li>\n\n\n\n<li><strong>Versatilidad: <\/strong>Todos estos accesorios de ba\u00f1o de cer\u00e1mica personalizados son flexibles para ser utilizados en todo tipo de situaciones, no s\u00f3lo en casa sino incluso en lugares de negocios como hoteles y apartamentos. Tambi\u00e9n son adecuados para ser intercambiados como regalo en el caso de un estreno de casa o como regalo de inauguraci\u00f3n a amigos que valoran la decoraci\u00f3n de la casa.<\/li>\n<\/ul>\n<\/div>\n\n\n\n<div class=\"wp-block-column is-layout-flow wp-block-column-is-layout-flow\">\n<figure class=\"wp-block-image size-full\"><img fetchpriority=\"high\" decoding=\"async\" width=\"2000\" height=\"2000\" src=\"https:\/\/jinhuaceramic.com\/wp-content\/uploads\/2025\/06\/Minimalist-Grey-Bathroom-Set-Ceramic-Bathroom-Accessories-Wholesale-5.webp\" alt=\"minimalist-grey-bathroom-set-wholesale-custom-ceramic-bathroom-accessories-5\" class=\"wp-image-9373\" srcset=\"https:\/\/jinhuaceramic.com\/wp-content\/uploads\/2025\/06\/Minimalist-Grey-Bathroom-Set-Ceramic-Bathroom-Accessories-Wholesale-5.webp 2000w, https:\/\/jinhuaceramic.com\/wp-content\/uploads\/2025\/06\/Minimalist-Grey-Bathroom-Set-Ceramic-Bathroom-Accessories-Wholesale-5-300x300.webp 300w, https:\/\/jinhuaceramic.com\/wp-content\/uploads\/2025\/06\/Minimalist-Grey-Bathroom-Set-Ceramic-Bathroom-Accessories-Wholesale-5-150x150.webp 150w, https:\/\/jinhuaceramic.com\/wp-content\/uploads\/2025\/06\/Minimalist-Grey-Bathroom-Set-Ceramic-Bathroom-Accessories-Wholesale-5-768x768.webp 768w, https:\/\/jinhuaceramic.com\/wp-content\/uploads\/2025\/06\/Minimalist-Grey-Bathroom-Set-Ceramic-Bathroom-Accessories-Wholesale-5-12x12.webp 12w, https:\/\/jinhuaceramic.com\/wp-content\/uploads\/2025\/06\/Minimalist-Grey-Bathroom-Set-Ceramic-Bathroom-Accessories-Wholesale-5-285x285.webp 285w, https:\/\/jinhuaceramic.com\/wp-content\/uploads\/2025\/06\/Minimalist-Grey-Bathroom-Set-Ceramic-Bathroom-Accessories-Wholesale-5-1600x1600.webp 1600w, https:\/\/jinhuaceramic.com\/wp-content\/uploads\/2025\/06\/Minimalist-Grey-Bathroom-Set-Ceramic-Bathroom-Accessories-Wholesale-5-270x270.webp 270w, https:\/\/jinhuaceramic.com\/wp-content\/uploads\/2025\/06\/Minimalist-Grey-Bathroom-Set-Ceramic-Bathroom-Accessories-Wholesale-5-540x540.webp 540w, https:\/\/jinhuaceramic.com\/wp-content\/uploads\/2025\/06\/Minimalist-Grey-Bathroom-Set-Ceramic-Bathroom-Accessories-Wholesale-5-660x660.webp 660w\" sizes=\"(max-width: 2000px) 100vw, 2000px\" \/><\/figure>\n<\/div>\n<\/div>\n\n\n\n<p><\/p>","protected":false},"excerpt":{"rendered":"<p>Bienvenido a comprar nuestro set de ba\u00f1o gris al por mayor. Estos accesorios de ba\u00f1o de cer\u00e1mica personalizados tienen un aspecto sencillo y a la moda y un color equilibrado y uniforme, que puede mejorar el aspecto general del cuarto de ba\u00f1o. Los materiales cer\u00e1micos de calidad y el juego completo de accesorios son funcionales. Al combinar funcionalidad y belleza, estos juegos de ba\u00f1o pueden utilizarse en diversas circunstancias.<\/p>","protected":false},"featured_media":9376,"comment_status":"closed","ping_status":"closed","template":"","meta":{"_acf_changed":false},"product_brand":[],"product_cat":[51],"product_tag":[74],"class_list":{"0":"post-9369","1":"product","2":"type-product","3":"status-publish","4":"has-post-thumbnail","6":"product_cat-bathroom-accessories-wholesale","7":"product_tag-ceramic-bath-accessories-wholesale","9":"first","10":"instock","11":"shipping-taxable","12":"product-type-simple"},"acf":[],"_links":{"self":[{"href":"https:\/\/jinhuaceramic.com\/es\/wp-json\/wp\/v2\/product\/9369","targetHints":{"allow":["GET"]}}],"collection":[{"href":"https:\/\/jinhuaceramic.com\/es\/wp-json\/wp\/v2\/product"}],"about":[{"href":"https:\/\/jinhuaceramic.com\/es\/wp-json\/wp\/v2\/types\/product"}],"replies":[{"embeddable":true,"href":"https:\/\/jinhuaceramic.com\/es\/wp-json\/wp\/v2\/comments?post=9369"}],"version-history":[{"count":0,"href":"https:\/\/jinhuaceramic.com\/es\/wp-json\/wp\/v2\/product\/9369\/revisions"}],"wp:featuredmedia":[{"embeddable":true,"href":"https:\/\/jinhuaceramic.com\/es\/wp-json\/wp\/v2\/media\/9376"}],"wp:attachment":[{"href":"https:\/\/jinhuaceramic.com\/es\/wp-json\/wp\/v2\/media?parent=9369"}],"wp:term":[{"taxonomy":"product_brand","embeddable":true,"href":"https:\/\/jinhuaceramic.com\/es\/wp-json\/wp\/v2\/product_brand?post=9369"},{"taxonomy":"product_cat","embeddable":true,"href":"https:\/\/jinhuaceramic.com\/es\/wp-json\/wp\/v2\/product_cat?post=9369"},{"taxonomy":"product_tag","embeddable":true,"href":"https:\/\/jinhuaceramic.com\/es\/wp-json\/wp\/v2\/product_tag?post=9369"}],"curies":[{"name":"wp","href":"https:\/\/api.w.org\/{rel}","templated":true}]}}