{"id":9383,"date":"2025-06-27T10:05:04","date_gmt":"2025-06-27T10:05:04","guid":{"rendered":"https:\/\/jinhuaceramic.com\/?post_type=product&#038;p=9383"},"modified":"2025-06-27T10:05:05","modified_gmt":"2025-06-27T10:05:05","slug":"wholesale-baking-dishes","status":"publish","type":"product","link":"https:\/\/jinhuaceramic.com\/es\/product\/wholesale-baking-dishes\/","title":{"rendered":"Platos para hornear de Gres al por mayor, Sartenes antiadherentes para hornear"},"content":{"rendered":"<div class=\"wp-block-columns is-layout-flex wp-container-core-columns-is-layout-9d6595d7 wp-block-columns-is-layout-flex\">\n<div class=\"wp-block-column is-layout-flow wp-block-column-is-layout-flow\">\n<h3 class=\"wp-block-heading\">Platos para hornear al por mayor de primera calidad Caracter\u00edsticas:<\/h3>\n\n\n\n<ul class=\"wp-block-list\">\n<li><strong>Patr\u00f3n interesante: <\/strong>Estos platos para hornear al por mayor llevan impresas las palabras \"BIG MISTAKE\" en el interior. Este dise\u00f1o \u00fanico y humor\u00edstico puede a\u00f1adir diversi\u00f3n al proceso de hornear y cenar, especialmente para aquellos a los que les gusta bromear o quieren sorprender a sus invitados.<\/li>\n\n\n\n<li><strong>Colores brillantes: <\/strong>Estos moldes de cer\u00e1mica a granel son en su mayor\u00eda de color naranja brillante, con rayas blancas en los laterales y un dibujo en el interior. Los colores son vivos y alegres, y a\u00f1aden una pizca de energ\u00eda a la cocina y a la mesa.<\/li>\n\n\n\n<li><strong>Gres de primera calidad:<\/strong> Nuestros moldes para hornear al por mayor est\u00e1n fabricados con gres de primera calidad que distribuye el calor uniformemente, para que sus alimentos queden perfectamente cocinados por dentro y por fuera, sin puntos crudos ni quemados. Las fuentes de gres son aptas para horno, microondas y lavavajillas.<\/li>\n\n\n\n<li><strong>Gran sentido pr\u00e1ctico: <\/strong>Estas bandejas de cer\u00e1mica cuadradas de 8 pulgadas para hornear a granel son perfectas para varios productos horneados, como brownies, guisos, lasa\u00f1a, etc. Las asas de gran tama\u00f1o a ambos lados permiten sacarlas del horno sin esfuerzo y llevarlas a la mesa de forma segura, incluso con guantes de cocina.<\/li>\n<\/ul>\n<\/div>\n\n\n\n<div class=\"wp-block-column is-layout-flow wp-block-column-is-layout-flow\">\n<figure class=\"wp-block-image size-full\"><img fetchpriority=\"high\" decoding=\"async\" width=\"640\" height=\"640\" src=\"https:\/\/jinhuaceramic.com\/wp-content\/uploads\/2025\/06\/Nonstick-Square-Baking-Pan-Kitchen-Stoneware-Baking-Dish-Wholesale-3.webp\" alt=\"Mayorista de Platos de Gres para Hornear, Sartenes Antiadherentes-3\" class=\"wp-image-9385\" srcset=\"https:\/\/jinhuaceramic.com\/wp-content\/uploads\/2025\/06\/Nonstick-Square-Baking-Pan-Kitchen-Stoneware-Baking-Dish-Wholesale-3.webp 640w, https:\/\/jinhuaceramic.com\/wp-content\/uploads\/2025\/06\/Nonstick-Square-Baking-Pan-Kitchen-Stoneware-Baking-Dish-Wholesale-3-300x300.webp 300w, https:\/\/jinhuaceramic.com\/wp-content\/uploads\/2025\/06\/Nonstick-Square-Baking-Pan-Kitchen-Stoneware-Baking-Dish-Wholesale-3-150x150.webp 150w, https:\/\/jinhuaceramic.com\/wp-content\/uploads\/2025\/06\/Nonstick-Square-Baking-Pan-Kitchen-Stoneware-Baking-Dish-Wholesale-3-12x12.webp 12w, https:\/\/jinhuaceramic.com\/wp-content\/uploads\/2025\/06\/Nonstick-Square-Baking-Pan-Kitchen-Stoneware-Baking-Dish-Wholesale-3-285x285.webp 285w, https:\/\/jinhuaceramic.com\/wp-content\/uploads\/2025\/06\/Nonstick-Square-Baking-Pan-Kitchen-Stoneware-Baking-Dish-Wholesale-3-270x270.webp 270w, https:\/\/jinhuaceramic.com\/wp-content\/uploads\/2025\/06\/Nonstick-Square-Baking-Pan-Kitchen-Stoneware-Baking-Dish-Wholesale-3-540x540.webp 540w\" sizes=\"(max-width: 640px) 100vw, 640px\" \/><\/figure>\n<\/div>\n<\/div>\n\n\n\n<p><\/p>","protected":false},"excerpt":{"rendered":"<p>Bienvenido a comprar bandejas de cer\u00e1mica para hornear al por mayor. Estos moldes al por mayor son populares por sus colores vivos, sus interesantes dise\u00f1os, su gres de gran calidad y sus pr\u00e1cticas funciones. M\u00e1s que utensilios de cocina, estos moldes hacen que cocinar sea m\u00e1s agradable y sirven de centro de conversaci\u00f3n para la familia y los amigos durante las comidas.<\/p>","protected":false},"featured_media":9387,"comment_status":"closed","ping_status":"closed","template":"","meta":{"_acf_changed":false},"product_brand":[],"product_cat":[53],"product_tag":[71],"class_list":{"0":"post-9383","1":"product","2":"type-product","3":"status-publish","4":"has-post-thumbnail","6":"product_cat-bakeware-in-bulk","7":"product_tag-wholesale-baking-pans","9":"first","10":"instock","11":"shipping-taxable","12":"product-type-simple"},"acf":[],"_links":{"self":[{"href":"https:\/\/jinhuaceramic.com\/es\/wp-json\/wp\/v2\/product\/9383","targetHints":{"allow":["GET"]}}],"collection":[{"href":"https:\/\/jinhuaceramic.com\/es\/wp-json\/wp\/v2\/product"}],"about":[{"href":"https:\/\/jinhuaceramic.com\/es\/wp-json\/wp\/v2\/types\/product"}],"replies":[{"embeddable":true,"href":"https:\/\/jinhuaceramic.com\/es\/wp-json\/wp\/v2\/comments?post=9383"}],"version-history":[{"count":0,"href":"https:\/\/jinhuaceramic.com\/es\/wp-json\/wp\/v2\/product\/9383\/revisions"}],"wp:featuredmedia":[{"embeddable":true,"href":"https:\/\/jinhuaceramic.com\/es\/wp-json\/wp\/v2\/media\/9387"}],"wp:attachment":[{"href":"https:\/\/jinhuaceramic.com\/es\/wp-json\/wp\/v2\/media?parent=9383"}],"wp:term":[{"taxonomy":"product_brand","embeddable":true,"href":"https:\/\/jinhuaceramic.com\/es\/wp-json\/wp\/v2\/product_brand?post=9383"},{"taxonomy":"product_cat","embeddable":true,"href":"https:\/\/jinhuaceramic.com\/es\/wp-json\/wp\/v2\/product_cat?post=9383"},{"taxonomy":"product_tag","embeddable":true,"href":"https:\/\/jinhuaceramic.com\/es\/wp-json\/wp\/v2\/product_tag?post=9383"}],"curies":[{"name":"wp","href":"https:\/\/api.w.org\/{rel}","templated":true}]}}