{"id":9441,"date":"2025-06-28T02:13:42","date_gmt":"2025-06-28T02:13:42","guid":{"rendered":"https:\/\/jinhuaceramic.com\/?post_type=product&#038;p=9441"},"modified":"2025-06-28T02:13:44","modified_gmt":"2025-06-28T02:13:44","slug":"wholesale-vessels-for-candles","status":"publish","type":"product","link":"https:\/\/jinhuaceramic.com\/es\/product\/wholesale-vessels-for-candles\/","title":{"rendered":"Art\u00edsticos Vasos para Velas al por mayor, Tarros para Velas \u00fanicos"},"content":{"rendered":"<div class=\"wp-block-columns is-layout-flex wp-container-core-columns-is-layout-9d6595d7 wp-block-columns-is-layout-flex\">\n<div class=\"wp-block-column is-layout-flow wp-block-column-is-layout-flow\">\n<h3 class=\"wp-block-heading\">Recipientes al por mayor de primera calidad para velas Caracter\u00edsticas:<\/h3>\n\n\n\n<ul class=\"wp-block-list\">\n<li><strong>Textura burbuja: <\/strong>Las superficies de estos recipientes al por mayor para velas est\u00e1n distribuidas uniformemente con relieves circulares tridimensionales en forma de \"burbuja\". Este dise\u00f1o \u00fanico rompe la monoton\u00eda de los tradicionales tarros lisos, aumenta el inter\u00e9s visual y el tacto, y transmite a la gente una sensaci\u00f3n viva y encantadora.<\/li>\n\n\n\n<li><strong>Colores suaves: <\/strong>Estos exclusivos tarros de velas a granel est\u00e1n disponibles en rosa y blanco, que pueden integrarse f\u00e1cilmente en la mayor\u00eda de los estilos de decoraci\u00f3n del hogar, como el estilo moderno, el estilo n\u00f3rdico, etc., para crear un ambiente c\u00e1lido, relajante y tranquilo.<\/li>\n\n\n\n<li><strong>Material de alta calidad:<\/strong> Estos tarros para velas al por mayor est\u00e1n fabricados con materiales cer\u00e1micos de alta calidad, cocidos a altas temperaturas, resistentes al calor y capaces de soportar la temperatura de la llama de la vela encendida. El material es grueso y tiene propiedades antiescaldamiento para garantizar un uso seguro.<\/li>\n\n\n\n<li><strong>Versatilidad: <\/strong>Estos tarros de cer\u00e1mica para velas a granel son pr\u00e1cticos y bonitos a la vez, por lo que, adem\u00e1s de ser recipientes para velas, tambi\u00e9n pueden utilizarse como portabol\u00edgrafos, cubos para brochas de maquillaje, peque\u00f1os jarrones, etc., y tienen m\u00faltiples usos.<\/li>\n<\/ul>\n<\/div>\n\n\n\n<div class=\"wp-block-column is-layout-flow wp-block-column-is-layout-flow\">\n<figure class=\"wp-block-image size-full\"><img fetchpriority=\"high\" decoding=\"async\" width=\"750\" height=\"750\" src=\"https:\/\/jinhuaceramic.com\/wp-content\/uploads\/2025\/06\/Custom-Creative-Candle-Jar-Ceramic-Empty-Candle-Vessels-Wholesale-5.webp\" alt=\"Venta al por mayor de tarros para velas, tarros \u00fanicos para velas-1\" class=\"wp-image-9445\" srcset=\"https:\/\/jinhuaceramic.com\/wp-content\/uploads\/2025\/06\/Custom-Creative-Candle-Jar-Ceramic-Empty-Candle-Vessels-Wholesale-5.webp 750w, https:\/\/jinhuaceramic.com\/wp-content\/uploads\/2025\/06\/Custom-Creative-Candle-Jar-Ceramic-Empty-Candle-Vessels-Wholesale-5-300x300.webp 300w, https:\/\/jinhuaceramic.com\/wp-content\/uploads\/2025\/06\/Custom-Creative-Candle-Jar-Ceramic-Empty-Candle-Vessels-Wholesale-5-150x150.webp 150w, https:\/\/jinhuaceramic.com\/wp-content\/uploads\/2025\/06\/Custom-Creative-Candle-Jar-Ceramic-Empty-Candle-Vessels-Wholesale-5-12x12.webp 12w, https:\/\/jinhuaceramic.com\/wp-content\/uploads\/2025\/06\/Custom-Creative-Candle-Jar-Ceramic-Empty-Candle-Vessels-Wholesale-5-285x285.webp 285w, https:\/\/jinhuaceramic.com\/wp-content\/uploads\/2025\/06\/Custom-Creative-Candle-Jar-Ceramic-Empty-Candle-Vessels-Wholesale-5-270x270.webp 270w, https:\/\/jinhuaceramic.com\/wp-content\/uploads\/2025\/06\/Custom-Creative-Candle-Jar-Ceramic-Empty-Candle-Vessels-Wholesale-5-540x540.webp 540w, https:\/\/jinhuaceramic.com\/wp-content\/uploads\/2025\/06\/Custom-Creative-Candle-Jar-Ceramic-Empty-Candle-Vessels-Wholesale-5-660x660.webp 660w\" sizes=\"(max-width: 750px) 100vw, 750px\" \/><\/figure>\n<\/div>\n<\/div>","protected":false},"excerpt":{"rendered":"<p>Bienvenido a comprar tarros para velas \u00fanicos al por mayor. Las ventajas de estos recipientes al por mayor para velas tienen dise\u00f1os de burbujas \u00fanicos y lindos, colores suaves y vers\u00e1tiles, usos multifuncionales y materiales cer\u00e1micos de alta calidad, lo que los convierte en decoraciones para el hogar hermosas y pr\u00e1cticas.<\/p>","protected":false},"featured_media":9449,"comment_status":"closed","ping_status":"closed","template":"","meta":{"_acf_changed":false},"product_brand":[],"product_cat":[52],"product_tag":[66],"class_list":{"0":"post-9441","1":"product","2":"type-product","3":"status-publish","4":"has-post-thumbnail","6":"product_cat-wholesale-candle-containers","7":"product_tag-candle-jars-wholesale","9":"first","10":"instock","11":"shipping-taxable","12":"product-type-simple"},"acf":[],"_links":{"self":[{"href":"https:\/\/jinhuaceramic.com\/es\/wp-json\/wp\/v2\/product\/9441","targetHints":{"allow":["GET"]}}],"collection":[{"href":"https:\/\/jinhuaceramic.com\/es\/wp-json\/wp\/v2\/product"}],"about":[{"href":"https:\/\/jinhuaceramic.com\/es\/wp-json\/wp\/v2\/types\/product"}],"replies":[{"embeddable":true,"href":"https:\/\/jinhuaceramic.com\/es\/wp-json\/wp\/v2\/comments?post=9441"}],"version-history":[{"count":0,"href":"https:\/\/jinhuaceramic.com\/es\/wp-json\/wp\/v2\/product\/9441\/revisions"}],"wp:featuredmedia":[{"embeddable":true,"href":"https:\/\/jinhuaceramic.com\/es\/wp-json\/wp\/v2\/media\/9449"}],"wp:attachment":[{"href":"https:\/\/jinhuaceramic.com\/es\/wp-json\/wp\/v2\/media?parent=9441"}],"wp:term":[{"taxonomy":"product_brand","embeddable":true,"href":"https:\/\/jinhuaceramic.com\/es\/wp-json\/wp\/v2\/product_brand?post=9441"},{"taxonomy":"product_cat","embeddable":true,"href":"https:\/\/jinhuaceramic.com\/es\/wp-json\/wp\/v2\/product_cat?post=9441"},{"taxonomy":"product_tag","embeddable":true,"href":"https:\/\/jinhuaceramic.com\/es\/wp-json\/wp\/v2\/product_tag?post=9441"}],"curies":[{"name":"wp","href":"https:\/\/api.w.org\/{rel}","templated":true}]}}