{"id":9452,"date":"2025-06-28T01:30:49","date_gmt":"2025-06-28T01:30:49","guid":{"rendered":"https:\/\/jinhuaceramic.com\/?post_type=product&#038;p=9452"},"modified":"2025-06-28T01:30:51","modified_gmt":"2025-06-28T01:30:51","slug":"creme-brulee-ramekins-wholesale","status":"publish","type":"product","link":"https:\/\/jinhuaceramic.com\/es\/product\/creme-brulee-ramekins-wholesale\/","title":{"rendered":"Ramekines de Cer\u00e1mica para Creme Brulee al por mayor con Tapa y Asa"},"content":{"rendered":"<div class=\"wp-block-columns is-layout-flex wp-container-core-columns-is-layout-9d6595d7 wp-block-columns-is-layout-flex\">\n<div class=\"wp-block-column is-layout-flow wp-block-column-is-layout-flow\">\n<h3 class=\"wp-block-heading\">Premium Creme Brulee Ramekins Caracter\u00edsticas al por mayor:<\/h3>\n\n\n\n<ul class=\"wp-block-list\">\n<li><strong>Bonito dise\u00f1o: <\/strong>Estos moldes para creme brulee al por mayor est\u00e1n dise\u00f1ados en varios colores brillantes, como rojo, verde, amarillo y beige. El molde para hornear de color beige tiene un dise\u00f1o de lunares de colores en el exterior, mientras que los otros colores se emparejan con lunares blancos, por lo que estos moldes llenos de vitalidad y diversi\u00f3n infantil, y muy lindo.<\/li>\n\n\n\n<li><strong>Material de alta calidad: <\/strong>Estos ramequines de cer\u00e1mica de alta calidad a granel no se manchan ni absorben los olores de los alimentos, pero pueden seguir siendo tan bonitos e higi\u00e9nicos como nuevos incluso despu\u00e9s de un uso prolongado. No contienen sustancias qu\u00edmicas, como plomo o cadmio, por lo que son seguros para almacenar alimentos.<\/li>\n\n\n\n<li><strong>Tapa funcional: <\/strong>Las tapas de estos moldes para creme brulee al por mayor tienen tapas funcionales que retienen la humedad de los alimentos durante el horneado y evitan que se sequen o se quemen en la superficie. Tambi\u00e9n calientan y mantienen los alimentos limpios hasta el momento de servirlos.<\/li>\n\n\n\n<li><strong>Versatilidad:<\/strong> Estos moldes de cer\u00e1mica a granel son perfectos para postres como souffl\u00e9, cr\u00e8me br\u00fbl\u00e9e, etc., mini guisos, estofados, aperitivos, etc. Adem\u00e1s de para hornear, tambi\u00e9n se pueden utilizar para servir sopa, aperitivos, salsas o como mini centro de mesa.<\/li>\n<\/ul>\n<\/div>\n\n\n\n<div class=\"wp-block-column is-layout-flow wp-block-column-is-layout-flow\">\n<figure class=\"wp-block-image size-full\"><img fetchpriority=\"high\" decoding=\"async\" width=\"1500\" height=\"1500\" src=\"https:\/\/jinhuaceramic.com\/wp-content\/uploads\/2025\/06\/Wholesale-Bulk-Ramekins-with-Lid-Ceramic-Baking-Dish-with-Various-Colors-5.webp\" alt=\"Creme Brulee Ramekins de Cer\u00e1mica al por mayor con tapa y asa-1\" class=\"wp-image-9456\" srcset=\"https:\/\/jinhuaceramic.com\/wp-content\/uploads\/2025\/06\/Wholesale-Bulk-Ramekins-with-Lid-Ceramic-Baking-Dish-with-Various-Colors-5.webp 1500w, https:\/\/jinhuaceramic.com\/wp-content\/uploads\/2025\/06\/Wholesale-Bulk-Ramekins-with-Lid-Ceramic-Baking-Dish-with-Various-Colors-5-300x300.webp 300w, https:\/\/jinhuaceramic.com\/wp-content\/uploads\/2025\/06\/Wholesale-Bulk-Ramekins-with-Lid-Ceramic-Baking-Dish-with-Various-Colors-5-150x150.webp 150w, https:\/\/jinhuaceramic.com\/wp-content\/uploads\/2025\/06\/Wholesale-Bulk-Ramekins-with-Lid-Ceramic-Baking-Dish-with-Various-Colors-5-768x768.webp 768w, https:\/\/jinhuaceramic.com\/wp-content\/uploads\/2025\/06\/Wholesale-Bulk-Ramekins-with-Lid-Ceramic-Baking-Dish-with-Various-Colors-5-12x12.webp 12w, https:\/\/jinhuaceramic.com\/wp-content\/uploads\/2025\/06\/Wholesale-Bulk-Ramekins-with-Lid-Ceramic-Baking-Dish-with-Various-Colors-5-285x285.webp 285w, https:\/\/jinhuaceramic.com\/wp-content\/uploads\/2025\/06\/Wholesale-Bulk-Ramekins-with-Lid-Ceramic-Baking-Dish-with-Various-Colors-5-270x270.webp 270w, https:\/\/jinhuaceramic.com\/wp-content\/uploads\/2025\/06\/Wholesale-Bulk-Ramekins-with-Lid-Ceramic-Baking-Dish-with-Various-Colors-5-540x540.webp 540w, https:\/\/jinhuaceramic.com\/wp-content\/uploads\/2025\/06\/Wholesale-Bulk-Ramekins-with-Lid-Ceramic-Baking-Dish-with-Various-Colors-5-660x660.webp 660w\" sizes=\"(max-width: 1500px) 100vw, 1500px\" \/><\/figure>\n<\/div>\n<\/div>","protected":false},"excerpt":{"rendered":"<p>Bienvenido a comprar moldes de cer\u00e1mica al por mayor. Estos moldes para creme brulee al por mayor tienen tapas funcionales y c\u00f3modas asas, con material cer\u00e1mico de primera calidad y tama\u00f1o adecuado, lo que los hace ideales para hornear varias recetas. Su bonito dise\u00f1o permite servirlos directamente en la mesa, a\u00f1adiendo a la comida un toque de elegancia y ritual.<\/p>","protected":false},"featured_media":9457,"comment_status":"closed","ping_status":"closed","template":"","meta":{"_acf_changed":false},"product_brand":[],"product_cat":[53],"product_tag":[69],"class_list":{"0":"post-9452","1":"product","2":"type-product","3":"status-publish","4":"has-post-thumbnail","6":"product_cat-bakeware-in-bulk","7":"product_tag-bulk-ramekins","9":"first","10":"instock","11":"shipping-taxable","12":"product-type-simple"},"acf":[],"_links":{"self":[{"href":"https:\/\/jinhuaceramic.com\/es\/wp-json\/wp\/v2\/product\/9452","targetHints":{"allow":["GET"]}}],"collection":[{"href":"https:\/\/jinhuaceramic.com\/es\/wp-json\/wp\/v2\/product"}],"about":[{"href":"https:\/\/jinhuaceramic.com\/es\/wp-json\/wp\/v2\/types\/product"}],"replies":[{"embeddable":true,"href":"https:\/\/jinhuaceramic.com\/es\/wp-json\/wp\/v2\/comments?post=9452"}],"version-history":[{"count":0,"href":"https:\/\/jinhuaceramic.com\/es\/wp-json\/wp\/v2\/product\/9452\/revisions"}],"wp:featuredmedia":[{"embeddable":true,"href":"https:\/\/jinhuaceramic.com\/es\/wp-json\/wp\/v2\/media\/9457"}],"wp:attachment":[{"href":"https:\/\/jinhuaceramic.com\/es\/wp-json\/wp\/v2\/media?parent=9452"}],"wp:term":[{"taxonomy":"product_brand","embeddable":true,"href":"https:\/\/jinhuaceramic.com\/es\/wp-json\/wp\/v2\/product_brand?post=9452"},{"taxonomy":"product_cat","embeddable":true,"href":"https:\/\/jinhuaceramic.com\/es\/wp-json\/wp\/v2\/product_cat?post=9452"},{"taxonomy":"product_tag","embeddable":true,"href":"https:\/\/jinhuaceramic.com\/es\/wp-json\/wp\/v2\/product_tag?post=9452"}],"curies":[{"name":"wp","href":"https:\/\/api.w.org\/{rel}","templated":true}]}}