{"id":9549,"date":"2025-06-27T10:17:03","date_gmt":"2025-06-27T10:17:03","guid":{"rendered":"https:\/\/jinhuaceramic.com\/?post_type=product&#038;p=9549"},"modified":"2025-06-27T10:17:04","modified_gmt":"2025-06-27T10:17:04","slug":"wholesale-pie-pans","status":"publish","type":"product","link":"https:\/\/jinhuaceramic.com\/es\/product\/wholesale-pie-pans\/","title":{"rendered":"Gres al por mayor moldes para tartas, platos redondos para hornear al por mayor"},"content":{"rendered":"<div class=\"wp-block-columns is-layout-flex wp-container-core-columns-is-layout-9d6595d7 wp-block-columns-is-layout-flex\">\n<div class=\"wp-block-column is-layout-flow wp-block-column-is-layout-flow\">\n<h3 class=\"wp-block-heading\">Caracter\u00edsticas de los moldes para tartas al por mayor de primera calidad:<\/h3>\n\n\n\n<ul class=\"wp-block-list\">\n<li><strong>Dise\u00f1o elegante:<\/strong> Estos moldes para tartas al por mayor cuentan con un elegante borde ondulado que crea un magn\u00edfico borde crujiente para tus tartas o tartaletas. Las rayas verticales en los laterales a\u00f1aden un toque de elegancia y agarre. Este dise\u00f1o atemporal es perfecto para cualquier ocasi\u00f3n, ya sea para el uso diario o para celebraciones festivas.<\/li>\n\n\n\n<li><strong>Gres de alta calidad:<\/strong> Estos moldes para hornear de cer\u00e1mica de alta calidad a granel distribuyen el calor de manera uniforme, lo que garantiza que los productos horneados se cocinen completamente y queden crujientes, evitando que se quemen o queden crudos. La cer\u00e1mica de primera calidad no contiene sustancias nocivas como plomo y cadmio, por lo que es m\u00e1s segura de usar.<\/li>\n\n\n\n<li><strong>Versatilidad: <\/strong>Estos moldes para tartas al por mayor se utilizan principalmente para preparar diversas tartas, como quiches, tartas de manzana, tartas de calabaza, etc., pero tambi\u00e9n pueden utilizarse para preparar tartaletas, verduras asadas o peque\u00f1os guisos. La bonita forma de los moldes permite servirlos directamente del horno a la mesa, lo que puede aumentar el placer de la comida.<\/li>\n\n\n\n<li><strong>El regalo perfecto:<\/strong> Estos moldes de cer\u00e1mica para hornear a granel no solo son pr\u00e1cticos, sino tambi\u00e9n impresionantes, perfectos como regalos de boda o de inauguraci\u00f3n de casa para familiares y amigos, y tambi\u00e9n son los mejores regalos para los amantes de la reposter\u00eda.<\/li>\n<\/ul>\n<\/div>\n\n\n\n<div class=\"wp-block-column is-layout-flow wp-block-column-is-layout-flow\">\n<figure class=\"wp-block-image size-full\"><img fetchpriority=\"high\" decoding=\"async\" width=\"1800\" height=\"1800\" src=\"https:\/\/jinhuaceramic.com\/wp-content\/uploads\/2025\/06\/Stoneware-Custom-Pie-Pans-Bulk-Round-Baking-Dishes-Wholesale-4.webp\" alt=\"Moldes para tartas de gres al por mayor, fuentes redondas para hornear a granel-1\" class=\"wp-image-9552\" srcset=\"https:\/\/jinhuaceramic.com\/wp-content\/uploads\/2025\/06\/Stoneware-Custom-Pie-Pans-Bulk-Round-Baking-Dishes-Wholesale-4.webp 1800w, https:\/\/jinhuaceramic.com\/wp-content\/uploads\/2025\/06\/Stoneware-Custom-Pie-Pans-Bulk-Round-Baking-Dishes-Wholesale-4-300x300.webp 300w, https:\/\/jinhuaceramic.com\/wp-content\/uploads\/2025\/06\/Stoneware-Custom-Pie-Pans-Bulk-Round-Baking-Dishes-Wholesale-4-150x150.webp 150w, https:\/\/jinhuaceramic.com\/wp-content\/uploads\/2025\/06\/Stoneware-Custom-Pie-Pans-Bulk-Round-Baking-Dishes-Wholesale-4-768x768.webp 768w, https:\/\/jinhuaceramic.com\/wp-content\/uploads\/2025\/06\/Stoneware-Custom-Pie-Pans-Bulk-Round-Baking-Dishes-Wholesale-4-12x12.webp 12w, https:\/\/jinhuaceramic.com\/wp-content\/uploads\/2025\/06\/Stoneware-Custom-Pie-Pans-Bulk-Round-Baking-Dishes-Wholesale-4-285x285.webp 285w, https:\/\/jinhuaceramic.com\/wp-content\/uploads\/2025\/06\/Stoneware-Custom-Pie-Pans-Bulk-Round-Baking-Dishes-Wholesale-4-1600x1600.webp 1600w, https:\/\/jinhuaceramic.com\/wp-content\/uploads\/2025\/06\/Stoneware-Custom-Pie-Pans-Bulk-Round-Baking-Dishes-Wholesale-4-270x270.webp 270w, https:\/\/jinhuaceramic.com\/wp-content\/uploads\/2025\/06\/Stoneware-Custom-Pie-Pans-Bulk-Round-Baking-Dishes-Wholesale-4-540x540.webp 540w, https:\/\/jinhuaceramic.com\/wp-content\/uploads\/2025\/06\/Stoneware-Custom-Pie-Pans-Bulk-Round-Baking-Dishes-Wholesale-4-660x660.webp 660w\" sizes=\"(max-width: 1800px) 100vw, 1800px\" \/><\/figure>\n<\/div>\n<\/div>","protected":false},"excerpt":{"rendered":"<p>Bienvenido a la compra al por mayor de moldes para hornear de cer\u00e1mica. Estos moldes para tartas al por mayor son populares por su impresionante dise\u00f1o multifuncional, su excelente calidad de gres y su uso pr\u00e1ctico. Combinando dise\u00f1o y utilidad, estos moldes para hornear son la mejor opci\u00f3n para los amantes de la reposter\u00eda y los entusiastas de la belleza en la mesa.<\/p>","protected":false},"featured_media":9556,"comment_status":"closed","ping_status":"closed","template":"","meta":{"_acf_changed":false},"product_brand":[],"product_cat":[53],"product_tag":[70],"class_list":{"0":"post-9549","1":"product","2":"type-product","3":"status-publish","4":"has-post-thumbnail","6":"product_cat-bakeware-in-bulk","7":"product_tag-custom-pie-pans","9":"first","10":"instock","11":"shipping-taxable","12":"product-type-simple"},"acf":[],"_links":{"self":[{"href":"https:\/\/jinhuaceramic.com\/es\/wp-json\/wp\/v2\/product\/9549","targetHints":{"allow":["GET"]}}],"collection":[{"href":"https:\/\/jinhuaceramic.com\/es\/wp-json\/wp\/v2\/product"}],"about":[{"href":"https:\/\/jinhuaceramic.com\/es\/wp-json\/wp\/v2\/types\/product"}],"replies":[{"embeddable":true,"href":"https:\/\/jinhuaceramic.com\/es\/wp-json\/wp\/v2\/comments?post=9549"}],"version-history":[{"count":0,"href":"https:\/\/jinhuaceramic.com\/es\/wp-json\/wp\/v2\/product\/9549\/revisions"}],"wp:featuredmedia":[{"embeddable":true,"href":"https:\/\/jinhuaceramic.com\/es\/wp-json\/wp\/v2\/media\/9556"}],"wp:attachment":[{"href":"https:\/\/jinhuaceramic.com\/es\/wp-json\/wp\/v2\/media?parent=9549"}],"wp:term":[{"taxonomy":"product_brand","embeddable":true,"href":"https:\/\/jinhuaceramic.com\/es\/wp-json\/wp\/v2\/product_brand?post=9549"},{"taxonomy":"product_cat","embeddable":true,"href":"https:\/\/jinhuaceramic.com\/es\/wp-json\/wp\/v2\/product_cat?post=9549"},{"taxonomy":"product_tag","embeddable":true,"href":"https:\/\/jinhuaceramic.com\/es\/wp-json\/wp\/v2\/product_tag?post=9549"}],"curies":[{"name":"wp","href":"https:\/\/api.w.org\/{rel}","templated":true}]}}