{"id":9574,"date":"2025-07-01T01:37:43","date_gmt":"2025-07-01T01:37:43","guid":{"rendered":"https:\/\/jinhuaceramic.com\/?post_type=product&#038;p=9574"},"modified":"2025-07-01T01:37:45","modified_gmt":"2025-07-01T01:37:45","slug":"restaurant-dishware-wholesale","status":"publish","type":"product","link":"https:\/\/jinhuaceramic.com\/es\/product\/restaurant-dishware-wholesale\/","title":{"rendered":"Vajilla de Restaurante al por mayor, Vajilla Blanco y Negro al por mayor"},"content":{"rendered":"<div class=\"wp-block-columns is-layout-flex wp-container-core-columns-is-layout-9d6595d7 wp-block-columns-is-layout-flex\">\n<div class=\"wp-block-column is-layout-flow wp-block-column-is-layout-flow\">\n<h3 class=\"wp-block-heading\">Caracter\u00edsticas de la vajilla para restaurantes de alta gama al por mayor:<\/h3>\n\n\n\n<ul class=\"wp-block-list\">\n<li><strong>Dise\u00f1o moderno con colores contrastantes:<\/strong> La combinaci\u00f3n de colores blanco y negro de esta vajilla para restaurantes al por mayor es cl\u00e1sica y duradera, lo que aporta una fuerte capa visual, adecuada para una variedad de escenarios, desde restaurantes modernos hasta cafeter\u00edas boutique.<\/li>\n\n\n\n<li><strong>Detalle de salpicadura de tinta: <\/strong>Este juego de vajilla a granel tiene un esmalte interior de color beige con manchas negras distribuidas de forma natural, lo que le confiere un efecto art\u00edstico \u00fanico de salpicaduras de tinta y crea una sensaci\u00f3n artesanal \u00fanica.<\/li>\n\n\n\n<li><strong>Excelente durabilidad:<\/strong> Nuestra vajilla para restaurantes al por mayor est\u00e1 fabricada en gres, un material de textura gruesa que se cuece a altas temperaturas. Es m\u00e1s resistente al calor y a los ara\u00f1azos, y no se rompe f\u00e1cilmente, por lo que es ideal para entornos de uso frecuente.<\/li>\n\n\n\n<li><strong>La combinaci\u00f3n de varias piezas es pr\u00e1ctica: <\/strong>Nuestro juego de vajilla a granel incluye dos tama\u00f1os de platos llanos y un cuenco, adecuado para ensaladas, platos principales, sopas, etc., con el fin de satisfacer las diversas necesidades gastron\u00f3micas diarias.<\/li>\n<\/ul>\n<\/div>\n\n\n\n<div class=\"wp-block-column is-layout-flow wp-block-column-is-layout-flow\">\n<figure class=\"wp-block-image size-full\"><img fetchpriority=\"high\" decoding=\"async\" width=\"2000\" height=\"2000\" src=\"https:\/\/jinhuaceramic.com\/wp-content\/uploads\/2025\/06\/Black-and-White-Dinnerware-Set-Wholesale-Custom-Stoneware-Plates-and-Bowls-2.webp\" alt=\"Vajilla de Restaurante al por mayor, Vajilla Blanco y Negro al por mayor\" class=\"wp-image-9575\" srcset=\"https:\/\/jinhuaceramic.com\/wp-content\/uploads\/2025\/06\/Black-and-White-Dinnerware-Set-Wholesale-Custom-Stoneware-Plates-and-Bowls-2.webp 2000w, https:\/\/jinhuaceramic.com\/wp-content\/uploads\/2025\/06\/Black-and-White-Dinnerware-Set-Wholesale-Custom-Stoneware-Plates-and-Bowls-2-300x300.webp 300w, https:\/\/jinhuaceramic.com\/wp-content\/uploads\/2025\/06\/Black-and-White-Dinnerware-Set-Wholesale-Custom-Stoneware-Plates-and-Bowls-2-150x150.webp 150w, https:\/\/jinhuaceramic.com\/wp-content\/uploads\/2025\/06\/Black-and-White-Dinnerware-Set-Wholesale-Custom-Stoneware-Plates-and-Bowls-2-768x768.webp 768w, https:\/\/jinhuaceramic.com\/wp-content\/uploads\/2025\/06\/Black-and-White-Dinnerware-Set-Wholesale-Custom-Stoneware-Plates-and-Bowls-2-12x12.webp 12w, https:\/\/jinhuaceramic.com\/wp-content\/uploads\/2025\/06\/Black-and-White-Dinnerware-Set-Wholesale-Custom-Stoneware-Plates-and-Bowls-2-285x285.webp 285w, https:\/\/jinhuaceramic.com\/wp-content\/uploads\/2025\/06\/Black-and-White-Dinnerware-Set-Wholesale-Custom-Stoneware-Plates-and-Bowls-2-1600x1600.webp 1600w, https:\/\/jinhuaceramic.com\/wp-content\/uploads\/2025\/06\/Black-and-White-Dinnerware-Set-Wholesale-Custom-Stoneware-Plates-and-Bowls-2-270x270.webp 270w, https:\/\/jinhuaceramic.com\/wp-content\/uploads\/2025\/06\/Black-and-White-Dinnerware-Set-Wholesale-Custom-Stoneware-Plates-and-Bowls-2-540x540.webp 540w, https:\/\/jinhuaceramic.com\/wp-content\/uploads\/2025\/06\/Black-and-White-Dinnerware-Set-Wholesale-Custom-Stoneware-Plates-and-Bowls-2-660x660.webp 660w\" sizes=\"(max-width: 2000px) 100vw, 2000px\" \/><\/figure>\n<\/div>\n<\/div>","protected":false},"excerpt":{"rendered":"<p>Bienvenido a la compra al por mayor de vajilla para restaurantes. Este juego de vajilla a granel utiliza el cl\u00e1sico contraste entre blanco y negro y un exclusivo efecto de salpicaduras de tinta, que le confiere un aire muy moderno. Est\u00e1 fabricado en gres de alta calidad cocido a alta temperatura, lo que lo hace resistente y duradero.<\/p>","protected":false},"featured_media":9581,"comment_status":"closed","ping_status":"closed","template":"","meta":{"_acf_changed":false},"product_brand":[],"product_cat":[83,54],"product_tag":[],"class_list":{"0":"post-9574","1":"product","2":"type-product","3":"status-publish","4":"has-post-thumbnail","6":"product_cat-wholesale-dinnerware-sets","7":"product_cat-tableware-wholesale","9":"first","10":"instock","11":"shipping-taxable","12":"product-type-simple"},"acf":[],"_links":{"self":[{"href":"https:\/\/jinhuaceramic.com\/es\/wp-json\/wp\/v2\/product\/9574","targetHints":{"allow":["GET"]}}],"collection":[{"href":"https:\/\/jinhuaceramic.com\/es\/wp-json\/wp\/v2\/product"}],"about":[{"href":"https:\/\/jinhuaceramic.com\/es\/wp-json\/wp\/v2\/types\/product"}],"replies":[{"embeddable":true,"href":"https:\/\/jinhuaceramic.com\/es\/wp-json\/wp\/v2\/comments?post=9574"}],"version-history":[{"count":0,"href":"https:\/\/jinhuaceramic.com\/es\/wp-json\/wp\/v2\/product\/9574\/revisions"}],"wp:featuredmedia":[{"embeddable":true,"href":"https:\/\/jinhuaceramic.com\/es\/wp-json\/wp\/v2\/media\/9581"}],"wp:attachment":[{"href":"https:\/\/jinhuaceramic.com\/es\/wp-json\/wp\/v2\/media?parent=9574"}],"wp:term":[{"taxonomy":"product_brand","embeddable":true,"href":"https:\/\/jinhuaceramic.com\/es\/wp-json\/wp\/v2\/product_brand?post=9574"},{"taxonomy":"product_cat","embeddable":true,"href":"https:\/\/jinhuaceramic.com\/es\/wp-json\/wp\/v2\/product_cat?post=9574"},{"taxonomy":"product_tag","embeddable":true,"href":"https:\/\/jinhuaceramic.com\/es\/wp-json\/wp\/v2\/product_tag?post=9574"}],"curies":[{"name":"wp","href":"https:\/\/api.w.org\/{rel}","templated":true}]}}