{"id":9585,"date":"2025-07-01T01:46:16","date_gmt":"2025-07-01T01:46:16","guid":{"rendered":"https:\/\/jinhuaceramic.com\/?post_type=product&#038;p=9585"},"modified":"2025-07-01T01:46:18","modified_gmt":"2025-07-01T01:46:18","slug":"baking-dish-wholesale","status":"publish","type":"product","link":"https:\/\/jinhuaceramic.com\/es\/product\/baking-dish-wholesale\/","title":{"rendered":"Mayorista de Platos de Gres para Hornear, Set de 3 Piezas para Hornear Personalizado"},"content":{"rendered":"<div class=\"wp-block-columns is-layout-flex wp-container-core-columns-is-layout-9d6595d7 wp-block-columns-is-layout-flex\">\n<div class=\"wp-block-column is-layout-flow wp-block-column-is-layout-flow\">\n<h3 class=\"wp-block-heading\">Plato para hornear Premium al por mayor Caracter\u00edsticas:<\/h3>\n\n\n\n<ul class=\"wp-block-list\">\n<li><strong>Dise\u00f1o de estilo pastoral:<\/strong> Esta fuente de horno al por mayor utiliza un esquema de color c\u00e1lido y natural, con el beige como color principal y un degradado marr\u00f3n claro en los bordes, que crea una experiencia gastron\u00f3mica confortable.<\/li>\n\n\n\n<li><strong>Material cer\u00e1mico de alta calidad: <\/strong>Nuestro juego de utensilios para hornear a medida es robusto y duradero, resistente a los ara\u00f1azos y a las grietas, adecuado para entornos de alta temperatura en el horno, y no es f\u00e1cil de deformar y envejecer. La estructura cer\u00e1mica garantiza un calentamiento uniforme y ayuda a que los alimentos se horneen por completo.<\/li>\n\n\n\n<li><strong>Tres pr\u00e1cticos tama\u00f1os: <\/strong>Nuestra fuente de horno al por mayor ofrece tres especificaciones: grande, mediana y peque\u00f1a, adecuadas para una gran variedad de ingredientes y platos, desde pollos enteros asados, lasa\u00f1a, postres hasta el horneado diario de verduras.<\/li>\n\n\n\n<li><strong>Almacenamiento encajable y c\u00f3modas asas:<\/strong> El dise\u00f1o encajable de este juego de utensilios para hornear a medida ahorra espacio, y las asas ensanchadas de ambos lados son f\u00e1ciles de manejar, lo que lo hace m\u00e1s seguro y c\u00f3modo tanto si se saca del horno como si se sirve directamente en la mesa.<\/li>\n<\/ul>\n<\/div>\n\n\n\n<div class=\"wp-block-column is-layout-flow wp-block-column-is-layout-flow\">\n<figure class=\"wp-block-image size-full\"><img fetchpriority=\"high\" decoding=\"async\" width=\"800\" height=\"800\" src=\"https:\/\/jinhuaceramic.com\/wp-content\/uploads\/2025\/06\/3-Piece-Custom-Baking-Dishes-Set-Ceramic-Bakeware-Set-Wholesale-5.webp\" alt=\"Mayorista de Platos de Gres para Hornear, Set de 3 Piezas de Gres para Hornear-4\" class=\"wp-image-9589\" srcset=\"https:\/\/jinhuaceramic.com\/wp-content\/uploads\/2025\/06\/3-Piece-Custom-Baking-Dishes-Set-Ceramic-Bakeware-Set-Wholesale-5.webp 800w, https:\/\/jinhuaceramic.com\/wp-content\/uploads\/2025\/06\/3-Piece-Custom-Baking-Dishes-Set-Ceramic-Bakeware-Set-Wholesale-5-300x300.webp 300w, https:\/\/jinhuaceramic.com\/wp-content\/uploads\/2025\/06\/3-Piece-Custom-Baking-Dishes-Set-Ceramic-Bakeware-Set-Wholesale-5-150x150.webp 150w, https:\/\/jinhuaceramic.com\/wp-content\/uploads\/2025\/06\/3-Piece-Custom-Baking-Dishes-Set-Ceramic-Bakeware-Set-Wholesale-5-768x768.webp 768w, https:\/\/jinhuaceramic.com\/wp-content\/uploads\/2025\/06\/3-Piece-Custom-Baking-Dishes-Set-Ceramic-Bakeware-Set-Wholesale-5-12x12.webp 12w, https:\/\/jinhuaceramic.com\/wp-content\/uploads\/2025\/06\/3-Piece-Custom-Baking-Dishes-Set-Ceramic-Bakeware-Set-Wholesale-5-285x285.webp 285w, https:\/\/jinhuaceramic.com\/wp-content\/uploads\/2025\/06\/3-Piece-Custom-Baking-Dishes-Set-Ceramic-Bakeware-Set-Wholesale-5-270x270.webp 270w, https:\/\/jinhuaceramic.com\/wp-content\/uploads\/2025\/06\/3-Piece-Custom-Baking-Dishes-Set-Ceramic-Bakeware-Set-Wholesale-5-540x540.webp 540w, https:\/\/jinhuaceramic.com\/wp-content\/uploads\/2025\/06\/3-Piece-Custom-Baking-Dishes-Set-Ceramic-Bakeware-Set-Wholesale-5-660x660.webp 660w\" sizes=\"(max-width: 800px) 100vw, 800px\" \/><\/figure>\n<\/div>\n<\/div>","protected":false},"excerpt":{"rendered":"<p>Bienvenido a comprar fuente de horno al por mayor. Este juego de utensilios para hornear de estilo pastoral es de color beige como el color principal, con un dise\u00f1o de gradiente de color marr\u00f3n claro en los bordes, simple y natural, adecuado para varios estilos de cocina. Utiliza cer\u00e1mica de alta calidad resistente a altas temperaturas, que se calienta de manera uniforme, robusta y resistente a las grietas, y soporta la cocci\u00f3n en m\u00faltiples escenarios.<\/p>","protected":false},"featured_media":9587,"comment_status":"closed","ping_status":"closed","template":"","meta":{"_acf_changed":false},"product_brand":[],"product_cat":[53],"product_tag":[71],"class_list":{"0":"post-9585","1":"product","2":"type-product","3":"status-publish","4":"has-post-thumbnail","6":"product_cat-bakeware-in-bulk","7":"product_tag-wholesale-baking-pans","9":"first","10":"instock","11":"shipping-taxable","12":"product-type-simple"},"acf":[],"_links":{"self":[{"href":"https:\/\/jinhuaceramic.com\/es\/wp-json\/wp\/v2\/product\/9585","targetHints":{"allow":["GET"]}}],"collection":[{"href":"https:\/\/jinhuaceramic.com\/es\/wp-json\/wp\/v2\/product"}],"about":[{"href":"https:\/\/jinhuaceramic.com\/es\/wp-json\/wp\/v2\/types\/product"}],"replies":[{"embeddable":true,"href":"https:\/\/jinhuaceramic.com\/es\/wp-json\/wp\/v2\/comments?post=9585"}],"version-history":[{"count":0,"href":"https:\/\/jinhuaceramic.com\/es\/wp-json\/wp\/v2\/product\/9585\/revisions"}],"wp:featuredmedia":[{"embeddable":true,"href":"https:\/\/jinhuaceramic.com\/es\/wp-json\/wp\/v2\/media\/9587"}],"wp:attachment":[{"href":"https:\/\/jinhuaceramic.com\/es\/wp-json\/wp\/v2\/media?parent=9585"}],"wp:term":[{"taxonomy":"product_brand","embeddable":true,"href":"https:\/\/jinhuaceramic.com\/es\/wp-json\/wp\/v2\/product_brand?post=9585"},{"taxonomy":"product_cat","embeddable":true,"href":"https:\/\/jinhuaceramic.com\/es\/wp-json\/wp\/v2\/product_cat?post=9585"},{"taxonomy":"product_tag","embeddable":true,"href":"https:\/\/jinhuaceramic.com\/es\/wp-json\/wp\/v2\/product_tag?post=9585"}],"curies":[{"name":"wp","href":"https:\/\/api.w.org\/{rel}","templated":true}]}}