{"id":9601,"date":"2025-07-04T01:12:03","date_gmt":"2025-07-04T01:12:03","guid":{"rendered":"https:\/\/jinhuaceramic.com\/?post_type=product&#038;p=9601"},"modified":"2025-07-04T01:12:04","modified_gmt":"2025-07-04T01:12:04","slug":"wholesale-stoneware","status":"publish","type":"product","link":"https:\/\/jinhuaceramic.com\/es\/product\/wholesale-stoneware\/","title":{"rendered":"Mayorista Platos y Cuencos de Gres, Vajilla Tem\u00e1tica Oce\u00e1nica"},"content":{"rendered":"<div class=\"wp-block-columns is-layout-flex wp-container-core-columns-is-layout-9d6595d7 wp-block-columns-is-layout-flex\">\n<div class=\"wp-block-column is-layout-flow wp-block-column-is-layout-flow\">\n<h3 class=\"wp-block-heading\">Juego de gres al por mayor de primera calidad Caracter\u00edsticas:<\/h3>\n\n\n\n<ul class=\"wp-block-list\">\n<li><strong>Patr\u00f3n art\u00edstico: <\/strong>Estas vajillas de gres al por mayor incorporan motivos art\u00edsticos, impresos con hermosa vida marina como conchas, estrellas de mar y corales, utilizando azul fresco como color de fondo, en contraste con el fondo gris c\u00e1lido r\u00fastico, evocando un estado de \u00e1nimo calmante de vacaciones o playa.<\/li>\n\n\n\n<li><strong>Textura natural: <\/strong>Los platos, cuencos y tazas de esta vajilla de restaurante a granel presentan delicados dise\u00f1os en espiral en la superficie, imitando el trabajo artesanal de la cer\u00e1mica hecha a mano, y presentando un aspecto r\u00fastico y terroso.<\/li>\n\n\n\n<li><strong>Cer\u00e1mica duradera:<\/strong> Estas vajillas de gres al por mayor de alta calidad no est\u00e1n fabricadas con productos qu\u00edmicos como el plomo y el cadmio y son seguras para los alimentos. La cer\u00e1mica es menos propensa a romperse, m\u00e1s s\u00f3lida que la cer\u00e1mica normal, no es quebradiza y tiene una vida \u00fatil m\u00e1s larga.<\/li>\n<\/ul>\n<\/div>\n\n\n\n<div class=\"wp-block-column is-layout-flow wp-block-column-is-layout-flow\">\n<figure class=\"wp-block-image size-full\"><img fetchpriority=\"high\" decoding=\"async\" width=\"800\" height=\"800\" src=\"https:\/\/jinhuaceramic.com\/wp-content\/uploads\/2025\/07\/Ocean-Themed-Tableware-Set-Stoneware-Dinner-Plate-and-Bowls-in-Bulk-6.webp\" alt=\"Mayorista Platos y Cuencos de Gres, Vajilla Tem\u00e1tica Oce\u00e1nica-1\" class=\"wp-image-9606\" srcset=\"https:\/\/jinhuaceramic.com\/wp-content\/uploads\/2025\/07\/Ocean-Themed-Tableware-Set-Stoneware-Dinner-Plate-and-Bowls-in-Bulk-6.webp 800w, https:\/\/jinhuaceramic.com\/wp-content\/uploads\/2025\/07\/Ocean-Themed-Tableware-Set-Stoneware-Dinner-Plate-and-Bowls-in-Bulk-6-300x300.webp 300w, https:\/\/jinhuaceramic.com\/wp-content\/uploads\/2025\/07\/Ocean-Themed-Tableware-Set-Stoneware-Dinner-Plate-and-Bowls-in-Bulk-6-150x150.webp 150w, https:\/\/jinhuaceramic.com\/wp-content\/uploads\/2025\/07\/Ocean-Themed-Tableware-Set-Stoneware-Dinner-Plate-and-Bowls-in-Bulk-6-768x768.webp 768w, https:\/\/jinhuaceramic.com\/wp-content\/uploads\/2025\/07\/Ocean-Themed-Tableware-Set-Stoneware-Dinner-Plate-and-Bowls-in-Bulk-6-12x12.webp 12w, https:\/\/jinhuaceramic.com\/wp-content\/uploads\/2025\/07\/Ocean-Themed-Tableware-Set-Stoneware-Dinner-Plate-and-Bowls-in-Bulk-6-285x285.webp 285w, https:\/\/jinhuaceramic.com\/wp-content\/uploads\/2025\/07\/Ocean-Themed-Tableware-Set-Stoneware-Dinner-Plate-and-Bowls-in-Bulk-6-270x270.webp 270w, https:\/\/jinhuaceramic.com\/wp-content\/uploads\/2025\/07\/Ocean-Themed-Tableware-Set-Stoneware-Dinner-Plate-and-Bowls-in-Bulk-6-540x540.webp 540w, https:\/\/jinhuaceramic.com\/wp-content\/uploads\/2025\/07\/Ocean-Themed-Tableware-Set-Stoneware-Dinner-Plate-and-Bowls-in-Bulk-6-660x660.webp 660w\" sizes=\"(max-width: 800px) 100vw, 800px\" \/><\/figure>\n<\/div>\n<\/div>","protected":false},"excerpt":{"rendered":"<p>Bienvenido a comprar vajilla de gres al por mayor. Esta vajilla de restaurante al por mayor adopta un dise\u00f1o tem\u00e1tico \u00fanico del oc\u00e9ano, material cer\u00e1mico duradero, con todas las funciones, a la vez hermoso y pr\u00e1ctico. A\u00f1adir un ambiente marino \u00fanico para el entorno de comedor y mejorar la experiencia de comer.<\/p>","protected":false},"featured_media":9603,"comment_status":"closed","ping_status":"closed","template":"","meta":{"_acf_changed":false},"product_brand":[],"product_cat":[83,54],"product_tag":[],"class_list":{"0":"post-9601","1":"product","2":"type-product","3":"status-publish","4":"has-post-thumbnail","6":"product_cat-wholesale-dinnerware-sets","7":"product_cat-tableware-wholesale","9":"first","10":"instock","11":"shipping-taxable","12":"product-type-simple"},"acf":[],"_links":{"self":[{"href":"https:\/\/jinhuaceramic.com\/es\/wp-json\/wp\/v2\/product\/9601","targetHints":{"allow":["GET"]}}],"collection":[{"href":"https:\/\/jinhuaceramic.com\/es\/wp-json\/wp\/v2\/product"}],"about":[{"href":"https:\/\/jinhuaceramic.com\/es\/wp-json\/wp\/v2\/types\/product"}],"replies":[{"embeddable":true,"href":"https:\/\/jinhuaceramic.com\/es\/wp-json\/wp\/v2\/comments?post=9601"}],"version-history":[{"count":0,"href":"https:\/\/jinhuaceramic.com\/es\/wp-json\/wp\/v2\/product\/9601\/revisions"}],"wp:featuredmedia":[{"embeddable":true,"href":"https:\/\/jinhuaceramic.com\/es\/wp-json\/wp\/v2\/media\/9603"}],"wp:attachment":[{"href":"https:\/\/jinhuaceramic.com\/es\/wp-json\/wp\/v2\/media?parent=9601"}],"wp:term":[{"taxonomy":"product_brand","embeddable":true,"href":"https:\/\/jinhuaceramic.com\/es\/wp-json\/wp\/v2\/product_brand?post=9601"},{"taxonomy":"product_cat","embeddable":true,"href":"https:\/\/jinhuaceramic.com\/es\/wp-json\/wp\/v2\/product_cat?post=9601"},{"taxonomy":"product_tag","embeddable":true,"href":"https:\/\/jinhuaceramic.com\/es\/wp-json\/wp\/v2\/product_tag?post=9601"}],"curies":[{"name":"wp","href":"https:\/\/api.w.org\/{rel}","templated":true}]}}