{"id":9618,"date":"2025-07-04T01:50:56","date_gmt":"2025-07-04T01:50:56","guid":{"rendered":"https:\/\/jinhuaceramic.com\/?post_type=product&#038;p=9618"},"modified":"2025-07-04T01:50:58","modified_gmt":"2025-07-04T01:50:58","slug":"bulk-dishware","status":"publish","type":"product","link":"https:\/\/jinhuaceramic.com\/es\/product\/bulk-dishware\/","title":{"rendered":"F\u00e1brica de Vajilla a Granel, Vajilla Azul al por mayor"},"content":{"rendered":"<div class=\"wp-block-columns is-layout-flex wp-container-core-columns-is-layout-9d6595d7 wp-block-columns-is-layout-flex\">\n<div class=\"wp-block-column is-layout-flow wp-block-column-is-layout-flow\">\n<h3 class=\"wp-block-heading\">Vajilla Premium a Granel Caracter\u00edsticas:<\/h3>\n\n\n\n<ul class=\"wp-block-list\">\n<li><strong>Dise\u00f1o elegante:<\/strong> Estas vajillas a granel son de tonos azul oscuro y desprenden un brillo estrellado muy elegante. El borde marr\u00f3n irregular a lo largo del borde de la vajilla tiene un aspecto \u00e1spero hecho a mano, lo que aumenta el car\u00e1cter art\u00edstico de la vajilla.<\/li>\n\n\n\n<li><strong>Material de alta calidad: <\/strong>Estas vajillas azules al por mayor est\u00e1n fabricadas con cer\u00e1mica alimentaria de alta calidad, libre de productos qu\u00edmicos nocivos como el plomo y el cadmio, y son m\u00e1s seguras de usar. Estas vajillas pueden utilizarse en microondas, hornos, freidoras de aire, frigor\u00edficos y lavavajillas, lo que resulta muy c\u00f3modo.<\/li>\n\n\n\n<li><strong>Gran sentido pr\u00e1ctico: <\/strong>Nuestra vajilla a granel contiene un bol de boca ancha de 7,5 pulgadas, un plato de 8,5 pulgadas y un plato de 10,5 pulgadas, que pueden satisfacer las necesidades de servir una gran variedad de alimentos, como alimentos b\u00e1sicos, guarniciones, sopas, ensaladas, postres, etc., y es extremadamente pr\u00e1ctica.<\/li>\n\n\n\n<li><strong>El regalo perfecto: <\/strong>Nuestras vajillas azules al por mayor son a la vez pr\u00e1cticas y bonitas, muy adecuadas como regalo de boda o regalo de inauguraci\u00f3n de la casa, destacando el gusto del regalador y transmitiendo sus buenos deseos.<\/li>\n<\/ul>\n<\/div>\n\n\n\n<div class=\"wp-block-column is-layout-flow wp-block-column-is-layout-flow\">\n<figure class=\"wp-block-image size-full\"><img fetchpriority=\"high\" decoding=\"async\" width=\"800\" height=\"800\" src=\"https:\/\/jinhuaceramic.com\/wp-content\/uploads\/2025\/07\/Blue-Dinner-Plate-and-Bowl-Set-Wholesale-Ceramic-Tableware-Set-5.webp\" alt=\"F\u00e1brica de Vajilla a Granel, Vajilla Azul al por mayor Sets-1\" class=\"wp-image-9622\" srcset=\"https:\/\/jinhuaceramic.com\/wp-content\/uploads\/2025\/07\/Blue-Dinner-Plate-and-Bowl-Set-Wholesale-Ceramic-Tableware-Set-5.webp 800w, https:\/\/jinhuaceramic.com\/wp-content\/uploads\/2025\/07\/Blue-Dinner-Plate-and-Bowl-Set-Wholesale-Ceramic-Tableware-Set-5-300x300.webp 300w, https:\/\/jinhuaceramic.com\/wp-content\/uploads\/2025\/07\/Blue-Dinner-Plate-and-Bowl-Set-Wholesale-Ceramic-Tableware-Set-5-150x150.webp 150w, https:\/\/jinhuaceramic.com\/wp-content\/uploads\/2025\/07\/Blue-Dinner-Plate-and-Bowl-Set-Wholesale-Ceramic-Tableware-Set-5-768x768.webp 768w, https:\/\/jinhuaceramic.com\/wp-content\/uploads\/2025\/07\/Blue-Dinner-Plate-and-Bowl-Set-Wholesale-Ceramic-Tableware-Set-5-12x12.webp 12w, https:\/\/jinhuaceramic.com\/wp-content\/uploads\/2025\/07\/Blue-Dinner-Plate-and-Bowl-Set-Wholesale-Ceramic-Tableware-Set-5-285x285.webp 285w, https:\/\/jinhuaceramic.com\/wp-content\/uploads\/2025\/07\/Blue-Dinner-Plate-and-Bowl-Set-Wholesale-Ceramic-Tableware-Set-5-270x270.webp 270w, https:\/\/jinhuaceramic.com\/wp-content\/uploads\/2025\/07\/Blue-Dinner-Plate-and-Bowl-Set-Wholesale-Ceramic-Tableware-Set-5-540x540.webp 540w, https:\/\/jinhuaceramic.com\/wp-content\/uploads\/2025\/07\/Blue-Dinner-Plate-and-Bowl-Set-Wholesale-Ceramic-Tableware-Set-5-660x660.webp 660w\" sizes=\"(max-width: 800px) 100vw, 800px\" \/><\/figure>\n<\/div>\n<\/div>","protected":false},"excerpt":{"rendered":"<p>Bienvenido a comprar vajilla al por mayor. Nuestras vajillas azules al por mayor tienen elegantes dise\u00f1os y pr\u00e1cticas combinaciones de varias vajillas. No s\u00f3lo son adecuados para uso en el hogar o restaurante, sino tambi\u00e9n regalos perfectos.<\/p>","protected":false},"featured_media":9624,"comment_status":"closed","ping_status":"closed","template":"","meta":{"_acf_changed":false},"product_brand":[],"product_cat":[83,54],"product_tag":[],"class_list":{"0":"post-9618","1":"product","2":"type-product","3":"status-publish","4":"has-post-thumbnail","6":"product_cat-wholesale-dinnerware-sets","7":"product_cat-tableware-wholesale","9":"first","10":"instock","11":"shipping-taxable","12":"product-type-simple"},"acf":[],"_links":{"self":[{"href":"https:\/\/jinhuaceramic.com\/es\/wp-json\/wp\/v2\/product\/9618","targetHints":{"allow":["GET"]}}],"collection":[{"href":"https:\/\/jinhuaceramic.com\/es\/wp-json\/wp\/v2\/product"}],"about":[{"href":"https:\/\/jinhuaceramic.com\/es\/wp-json\/wp\/v2\/types\/product"}],"replies":[{"embeddable":true,"href":"https:\/\/jinhuaceramic.com\/es\/wp-json\/wp\/v2\/comments?post=9618"}],"version-history":[{"count":0,"href":"https:\/\/jinhuaceramic.com\/es\/wp-json\/wp\/v2\/product\/9618\/revisions"}],"wp:featuredmedia":[{"embeddable":true,"href":"https:\/\/jinhuaceramic.com\/es\/wp-json\/wp\/v2\/media\/9624"}],"wp:attachment":[{"href":"https:\/\/jinhuaceramic.com\/es\/wp-json\/wp\/v2\/media?parent=9618"}],"wp:term":[{"taxonomy":"product_brand","embeddable":true,"href":"https:\/\/jinhuaceramic.com\/es\/wp-json\/wp\/v2\/product_brand?post=9618"},{"taxonomy":"product_cat","embeddable":true,"href":"https:\/\/jinhuaceramic.com\/es\/wp-json\/wp\/v2\/product_cat?post=9618"},{"taxonomy":"product_tag","embeddable":true,"href":"https:\/\/jinhuaceramic.com\/es\/wp-json\/wp\/v2\/product_tag?post=9618"}],"curies":[{"name":"wp","href":"https:\/\/api.w.org\/{rel}","templated":true}]}}