{"id":9642,"date":"2025-07-10T06:15:50","date_gmt":"2025-07-10T06:15:50","guid":{"rendered":"https:\/\/jinhuaceramic.com\/?post_type=product&#038;p=9642"},"modified":"2025-11-12T03:39:44","modified_gmt":"2025-11-12T03:39:44","slug":"black-baking-dish-set-wholesale","status":"publish","type":"product","link":"https:\/\/jinhuaceramic.com\/es\/product\/black-baking-dish-set-wholesale\/","title":{"rendered":"Juego de Platos de Cer\u00e1mica para Hornear al por Mayor, Platos de Cer\u00e1mica para Hornear al por Mayor"},"content":{"rendered":"<div class=\"wp-block-columns is-layout-flex wp-container-core-columns-is-layout-9d6595d7 wp-block-columns-is-layout-flex\">\n<div class=\"wp-block-column is-layout-flow wp-block-column-is-layout-flow\">\n<h3 class=\"wp-block-heading\">Premium Black Baking Dish Set Wholesale&nbsp;Features:<\/h3>\n\n\n\n<ul class=\"wp-block-list\">\n<li><strong>Dise\u00f1o \u00fanico: <\/strong>El interior de este juego de fuente de horno negra al por mayor es de esmalte negro liso, pero el exterior est\u00e1 decorado a rayas de varias longitudes en orientaci\u00f3n vertical, y de la parte superior de las rayas cuelgan tiras de color marr\u00f3n claro en forma de borla que a\u00f1aden un elemento de contraste \u00fanico que aporta elegancia y arte.<\/li>\n\n\n\n<li><strong>Excellent Materials:<\/strong> These high-quality wholesale ceramic baking dish sets of high heat retention and heat-conducting materials ensure food can be heated evenly from the inside out, delivering food that tastes great and crafting a cooked dish that does not contain overcooked or undercooked spots.<\/li>\n\n\n\n<li><strong>Versatilidad: <\/strong>These customized bakeware sets with 3 assorted sizes of rectangular pans to offer all your baking needs, from individual servings to family dinners. Whether you are cooking\/baking complete lasagnas, casseroles, roasted chickens, or small brownies and roasted vegetables, you will have the right size to use.<\/li>\n\n\n\n<li><strong>Antiadherente y f\u00e1cil de limpiar: <\/strong>Estos juegos de fuentes negras para hornear al por mayor tienen un esmalte liso que no deja que se peguen los restos de comida, por lo que son f\u00e1ciles de limpiar, mientras que el material cer\u00e1mico no absorbe olores, por lo que son siempre higi\u00e9nicos.<\/li>\n<\/ul>\n<\/div>\n\n\n\n<div class=\"wp-block-column is-layout-flow wp-block-column-is-layout-flow\">\n<figure class=\"wp-block-image size-full\"><img fetchpriority=\"high\" decoding=\"async\" width=\"800\" height=\"800\" src=\"https:\/\/jinhuaceramic.com\/wp-content\/uploads\/2025\/07\/Black-Custom-Baking-Dish-Set-Food-Service-Baking-Pans-Wholesale-5.webp\" alt=\"juego de bandejas para hornear al por mayor-servicio de comidas-sartenes de cer\u00e1mica al por mayor-5\" class=\"wp-image-9646\" srcset=\"https:\/\/jinhuaceramic.com\/wp-content\/uploads\/2025\/07\/Black-Custom-Baking-Dish-Set-Food-Service-Baking-Pans-Wholesale-5.webp 800w, https:\/\/jinhuaceramic.com\/wp-content\/uploads\/2025\/07\/Black-Custom-Baking-Dish-Set-Food-Service-Baking-Pans-Wholesale-5-300x300.webp 300w, https:\/\/jinhuaceramic.com\/wp-content\/uploads\/2025\/07\/Black-Custom-Baking-Dish-Set-Food-Service-Baking-Pans-Wholesale-5-150x150.webp 150w, https:\/\/jinhuaceramic.com\/wp-content\/uploads\/2025\/07\/Black-Custom-Baking-Dish-Set-Food-Service-Baking-Pans-Wholesale-5-768x768.webp 768w, https:\/\/jinhuaceramic.com\/wp-content\/uploads\/2025\/07\/Black-Custom-Baking-Dish-Set-Food-Service-Baking-Pans-Wholesale-5-12x12.webp 12w, https:\/\/jinhuaceramic.com\/wp-content\/uploads\/2025\/07\/Black-Custom-Baking-Dish-Set-Food-Service-Baking-Pans-Wholesale-5-285x285.webp 285w, https:\/\/jinhuaceramic.com\/wp-content\/uploads\/2025\/07\/Black-Custom-Baking-Dish-Set-Food-Service-Baking-Pans-Wholesale-5-270x270.webp 270w, https:\/\/jinhuaceramic.com\/wp-content\/uploads\/2025\/07\/Black-Custom-Baking-Dish-Set-Food-Service-Baking-Pans-Wholesale-5-540x540.webp 540w, https:\/\/jinhuaceramic.com\/wp-content\/uploads\/2025\/07\/Black-Custom-Baking-Dish-Set-Food-Service-Baking-Pans-Wholesale-5-660x660.webp 660w\" sizes=\"(max-width: 800px) 100vw, 800px\" \/><\/figure>\n<\/div>\n<\/div>","protected":false},"excerpt":{"rendered":"<p>Bienvenido a comprar nuestro juego de fuente de horno negra al por mayor. Estos juegos de fuentes para hornear personalizados son populares por su dise\u00f1o exclusivo, su material cer\u00e1mico de alta calidad, sus m\u00faltiples combinaciones de tama\u00f1os y su f\u00e1cil limpieza. Combinando la practicidad y la belleza, estos platos para hornear no s\u00f3lo son herramientas esenciales para hornear en la cocina, sino que tambi\u00e9n se pueden servir directamente en la mesa para mejorar la experiencia de comer.<\/p>","protected":false},"featured_media":9648,"comment_status":"closed","ping_status":"closed","template":"","meta":{"_acf_changed":false},"product_brand":[],"product_cat":[53],"product_tag":[71],"class_list":{"0":"post-9642","1":"product","2":"type-product","3":"status-publish","4":"has-post-thumbnail","6":"product_cat-bakeware-in-bulk","7":"product_tag-wholesale-baking-pans","9":"first","10":"instock","11":"shipping-taxable","12":"product-type-simple"},"acf":[],"_links":{"self":[{"href":"https:\/\/jinhuaceramic.com\/es\/wp-json\/wp\/v2\/product\/9642","targetHints":{"allow":["GET"]}}],"collection":[{"href":"https:\/\/jinhuaceramic.com\/es\/wp-json\/wp\/v2\/product"}],"about":[{"href":"https:\/\/jinhuaceramic.com\/es\/wp-json\/wp\/v2\/types\/product"}],"replies":[{"embeddable":true,"href":"https:\/\/jinhuaceramic.com\/es\/wp-json\/wp\/v2\/comments?post=9642"}],"version-history":[{"count":0,"href":"https:\/\/jinhuaceramic.com\/es\/wp-json\/wp\/v2\/product\/9642\/revisions"}],"wp:featuredmedia":[{"embeddable":true,"href":"https:\/\/jinhuaceramic.com\/es\/wp-json\/wp\/v2\/media\/9648"}],"wp:attachment":[{"href":"https:\/\/jinhuaceramic.com\/es\/wp-json\/wp\/v2\/media?parent=9642"}],"wp:term":[{"taxonomy":"product_brand","embeddable":true,"href":"https:\/\/jinhuaceramic.com\/es\/wp-json\/wp\/v2\/product_brand?post=9642"},{"taxonomy":"product_cat","embeddable":true,"href":"https:\/\/jinhuaceramic.com\/es\/wp-json\/wp\/v2\/product_cat?post=9642"},{"taxonomy":"product_tag","embeddable":true,"href":"https:\/\/jinhuaceramic.com\/es\/wp-json\/wp\/v2\/product_tag?post=9642"}],"curies":[{"name":"wp","href":"https:\/\/api.w.org\/{rel}","templated":true}]}}