{"id":9651,"date":"2025-07-10T04:09:37","date_gmt":"2025-07-10T04:09:37","guid":{"rendered":"https:\/\/jinhuaceramic.com\/?post_type=product&#038;p=9651"},"modified":"2025-11-12T03:32:15","modified_gmt":"2025-11-12T03:32:15","slug":"rectangular-baking-dish-wholesale","status":"publish","type":"product","link":"https:\/\/jinhuaceramic.com\/es\/product\/rectangular-baking-dish-wholesale\/","title":{"rendered":"Venta al por mayor de fuentes rectangulares para hornear, fuentes para guisos personalizadas"},"content":{"rendered":"<div class=\"wp-block-columns is-layout-flex wp-container-core-columns-is-layout-9d6595d7 wp-block-columns-is-layout-flex\">\n<div class=\"wp-block-column is-layout-flow wp-block-column-is-layout-flow\">\n<h3 class=\"wp-block-heading\">Caracter\u00edsticas del molde rectangular para hornear de primera calidad al por mayor:<\/h3>\n\n\n\n<ul class=\"wp-block-list\">\n<li><strong>Dise\u00f1o elegante:<\/strong> Estos moldes para hornear personalizados tienen colores armoniosos y dise\u00f1os elegantes. El interior es de color crema esmaltado, sencillo y limpio, y permite observar f\u00e1cilmente el color de los alimentos. La pared exterior es de color naranja c\u00e1lido, lo que crea un suave efecto de contraste, y el contorno marr\u00f3n oscuro a\u00f1ade una sensaci\u00f3n de profundidad.<\/li>\n\n\n\n<li><strong>Buen material: <\/strong>El molde rectangular para hornear antiadherente de cer\u00e1mica natural pura cocido a alta temperatura, vendido al por mayor, no contiene sustancias t\u00f3xicas como plomo y cadmio, ni ninguna otra sustancia t\u00f3xica, y puede entrar en contacto con los alimentos de forma segura.<\/li>\n\n\n\n<li><strong>Versatilidad:<\/strong> Estas cazuelas personalizadas con el dise\u00f1o rectangular tradicional son perfectas para hornear una gran variedad de platos, como lasa\u00f1a, guisos, verduras asadas, brownies, pud\u00edn de pan, etc. Adem\u00e1s, su bonito dise\u00f1o permite presentar los alimentos horneados en la propia fuente como plato para servir.<\/li>\n\n\n\n<li><strong>Asas anchas: <\/strong>La fuente rectangular para horno al por mayor est\u00e1 dise\u00f1ada con asas anchas en ambos extremos, lo que facilita a los usuarios sacarla del horno de forma segura o proporcionar un agarre firme al servirla en la mesa. El llamativo dise\u00f1o rayado de las asas tambi\u00e9n a\u00f1ade un toque de detalle y evita que se resbale.<\/li>\n<\/ul>\n<\/div>\n\n\n\n<div class=\"wp-block-column is-layout-flow wp-block-column-is-layout-flow\">\n<figure class=\"wp-block-image size-full\"><img fetchpriority=\"high\" decoding=\"async\" width=\"1500\" height=\"1500\" src=\"https:\/\/jinhuaceramic.com\/wp-content\/uploads\/2025\/07\/Rectangular-Non-Stick-Baking-Dish-Ceramic-Custom-Casserole-Dish-10.webp\" alt=\"molde-rectangular-antiadherente-al-por-mayor-cer\u00e1mico-personalizado-para-cazuela-10\" class=\"wp-image-9659\" srcset=\"https:\/\/jinhuaceramic.com\/wp-content\/uploads\/2025\/07\/Rectangular-Non-Stick-Baking-Dish-Ceramic-Custom-Casserole-Dish-10.webp 1500w, https:\/\/jinhuaceramic.com\/wp-content\/uploads\/2025\/07\/Rectangular-Non-Stick-Baking-Dish-Ceramic-Custom-Casserole-Dish-10-300x300.webp 300w, https:\/\/jinhuaceramic.com\/wp-content\/uploads\/2025\/07\/Rectangular-Non-Stick-Baking-Dish-Ceramic-Custom-Casserole-Dish-10-150x150.webp 150w, https:\/\/jinhuaceramic.com\/wp-content\/uploads\/2025\/07\/Rectangular-Non-Stick-Baking-Dish-Ceramic-Custom-Casserole-Dish-10-768x768.webp 768w, https:\/\/jinhuaceramic.com\/wp-content\/uploads\/2025\/07\/Rectangular-Non-Stick-Baking-Dish-Ceramic-Custom-Casserole-Dish-10-12x12.webp 12w, https:\/\/jinhuaceramic.com\/wp-content\/uploads\/2025\/07\/Rectangular-Non-Stick-Baking-Dish-Ceramic-Custom-Casserole-Dish-10-285x285.webp 285w, https:\/\/jinhuaceramic.com\/wp-content\/uploads\/2025\/07\/Rectangular-Non-Stick-Baking-Dish-Ceramic-Custom-Casserole-Dish-10-270x270.webp 270w, https:\/\/jinhuaceramic.com\/wp-content\/uploads\/2025\/07\/Rectangular-Non-Stick-Baking-Dish-Ceramic-Custom-Casserole-Dish-10-540x540.webp 540w, https:\/\/jinhuaceramic.com\/wp-content\/uploads\/2025\/07\/Rectangular-Non-Stick-Baking-Dish-Ceramic-Custom-Casserole-Dish-10-660x660.webp 660w\" sizes=\"(max-width: 1500px) 100vw, 1500px\" \/><\/figure>\n<\/div>\n<\/div>","protected":false},"excerpt":{"rendered":"<p>Aceptamos pedidos al por mayor de nuestra fuente rectangular para hornear. Esta fuente rectangular de cer\u00e1mica antiadherente es duradera y elegante, perfecta para hornear deliciosos platos o para combinar con diferentes estilos de cocina. Ideal para pedidos al por mayor y personalizados.<\/p>","protected":false},"featured_media":9652,"comment_status":"closed","ping_status":"closed","template":"","meta":{"_acf_changed":false},"product_brand":[],"product_cat":[53],"product_tag":[71],"class_list":{"0":"post-9651","1":"product","2":"type-product","3":"status-publish","4":"has-post-thumbnail","6":"product_cat-bakeware-in-bulk","7":"product_tag-wholesale-baking-pans","9":"first","10":"instock","11":"shipping-taxable","12":"product-type-simple"},"acf":[],"_links":{"self":[{"href":"https:\/\/jinhuaceramic.com\/es\/wp-json\/wp\/v2\/product\/9651","targetHints":{"allow":["GET"]}}],"collection":[{"href":"https:\/\/jinhuaceramic.com\/es\/wp-json\/wp\/v2\/product"}],"about":[{"href":"https:\/\/jinhuaceramic.com\/es\/wp-json\/wp\/v2\/types\/product"}],"replies":[{"embeddable":true,"href":"https:\/\/jinhuaceramic.com\/es\/wp-json\/wp\/v2\/comments?post=9651"}],"version-history":[{"count":0,"href":"https:\/\/jinhuaceramic.com\/es\/wp-json\/wp\/v2\/product\/9651\/revisions"}],"wp:featuredmedia":[{"embeddable":true,"href":"https:\/\/jinhuaceramic.com\/es\/wp-json\/wp\/v2\/media\/9652"}],"wp:attachment":[{"href":"https:\/\/jinhuaceramic.com\/es\/wp-json\/wp\/v2\/media?parent=9651"}],"wp:term":[{"taxonomy":"product_brand","embeddable":true,"href":"https:\/\/jinhuaceramic.com\/es\/wp-json\/wp\/v2\/product_brand?post=9651"},{"taxonomy":"product_cat","embeddable":true,"href":"https:\/\/jinhuaceramic.com\/es\/wp-json\/wp\/v2\/product_cat?post=9651"},{"taxonomy":"product_tag","embeddable":true,"href":"https:\/\/jinhuaceramic.com\/es\/wp-json\/wp\/v2\/product_tag?post=9651"}],"curies":[{"name":"wp","href":"https:\/\/api.w.org\/{rel}","templated":true}]}}