{"id":9678,"date":"2025-07-10T02:46:27","date_gmt":"2025-07-10T02:46:27","guid":{"rendered":"https:\/\/jinhuaceramic.com\/?post_type=product&#038;p=9678"},"modified":"2025-11-12T03:43:17","modified_gmt":"2025-11-12T03:43:17","slug":"wholesale-bakeware-set","status":"publish","type":"product","link":"https:\/\/jinhuaceramic.com\/es\/product\/wholesale-bakeware-set\/","title":{"rendered":"Mayorista de Platos para Hornear Azul Oscuro, Platos para Hornear Personalizados"},"content":{"rendered":"<div class=\"wp-block-columns is-layout-flex wp-container-core-columns-is-layout-9d6595d7 wp-block-columns-is-layout-flex\">\n<div class=\"wp-block-column is-layout-flow wp-block-column-is-layout-flow\">\n<h3 class=\"wp-block-heading\">Premium Azul Oscuro al por mayor Bakeware Set Caracter\u00edsticas:<\/h3>\n\n\n\n<ul class=\"wp-block-list\">\n<li><strong>Borde ondulado:<\/strong> Los bordes de estos juegos de utensilios para hornear al por mayor tienen una forma ondulada suave, que no s\u00f3lo hace que el plato para hornear tenga un aspecto m\u00e1s hermoso, sino que tambi\u00e9n superpone el producto horneado y hace que los bordes queden crujientes, mejorando el efecto de la cocci\u00f3n y la perspectiva en la mesa de comedor.<\/li>\n\n\n\n<li><strong>Azul oscuro: <\/strong>Estos moldes personalizados son de un azul intenso y brillante. Durante el proceso de horneado se utiliza un m\u00e9todo de glaseado reactivo para conseguir una profundidad de color y una textura \u00fanicas para cada fuente de horno. Los bordes de los moldes est\u00e1n delineados con l\u00edneas negras, lo que les da un aspecto m\u00e1s refinado y tridimensional.<\/li>\n\n\n\n<li><strong>Material de alta calidad: <\/strong>Estos juegos de fuentes para hornear a medida est\u00e1n fabricados con material cer\u00e1mico de alta calidad que tiene mejores propiedades de retenci\u00f3n del calor y dispersi\u00f3n uniforme del calor, garantizando as\u00ed que los alimentos se cocinen uniformemente desde el interior hacia el exterior para que no se quemen ni se cocinen poco.<\/li>\n\n\n\n<li><strong>Varios tama\u00f1os:<\/strong> Estos juegos de utensilios de reposter\u00eda al por mayor incluyen tres tama\u00f1os diferentes de moldes entre los que puede elegir, seg\u00fan la cantidad de ingredientes o el tipo de plato. Ya sea un pollo asado, una lasa\u00f1a, porciones individuales o postres en miniatura, siempre hay el tama\u00f1o adecuado para usar.<\/li>\n<\/ul>\n<\/div>\n\n\n\n<div class=\"wp-block-column is-layout-flow wp-block-column-is-layout-flow\">\n<figure class=\"wp-block-image size-full\"><img fetchpriority=\"high\" decoding=\"async\" width=\"2560\" height=\"2560\" src=\"https:\/\/jinhuaceramic.com\/wp-content\/uploads\/2025\/07\/Dark-Blue-Bakeware-Set-With-Wavy-Edge-Wholesale-Custom-Baking-Dishes-7.webp\" alt=\"juego de utensilios para hornear al por mayor azul oscuro con borde ondulado-platos para hornear personalizados-7\" class=\"wp-image-9684\" srcset=\"https:\/\/jinhuaceramic.com\/wp-content\/uploads\/2025\/07\/Dark-Blue-Bakeware-Set-With-Wavy-Edge-Wholesale-Custom-Baking-Dishes-7.webp 2560w, https:\/\/jinhuaceramic.com\/wp-content\/uploads\/2025\/07\/Dark-Blue-Bakeware-Set-With-Wavy-Edge-Wholesale-Custom-Baking-Dishes-7-300x300.webp 300w, https:\/\/jinhuaceramic.com\/wp-content\/uploads\/2025\/07\/Dark-Blue-Bakeware-Set-With-Wavy-Edge-Wholesale-Custom-Baking-Dishes-7-150x150.webp 150w, https:\/\/jinhuaceramic.com\/wp-content\/uploads\/2025\/07\/Dark-Blue-Bakeware-Set-With-Wavy-Edge-Wholesale-Custom-Baking-Dishes-7-768x768.webp 768w, https:\/\/jinhuaceramic.com\/wp-content\/uploads\/2025\/07\/Dark-Blue-Bakeware-Set-With-Wavy-Edge-Wholesale-Custom-Baking-Dishes-7-12x12.webp 12w, https:\/\/jinhuaceramic.com\/wp-content\/uploads\/2025\/07\/Dark-Blue-Bakeware-Set-With-Wavy-Edge-Wholesale-Custom-Baking-Dishes-7-285x285.webp 285w, https:\/\/jinhuaceramic.com\/wp-content\/uploads\/2025\/07\/Dark-Blue-Bakeware-Set-With-Wavy-Edge-Wholesale-Custom-Baking-Dishes-7-1600x1600.webp 1600w, https:\/\/jinhuaceramic.com\/wp-content\/uploads\/2025\/07\/Dark-Blue-Bakeware-Set-With-Wavy-Edge-Wholesale-Custom-Baking-Dishes-7-270x270.webp 270w, https:\/\/jinhuaceramic.com\/wp-content\/uploads\/2025\/07\/Dark-Blue-Bakeware-Set-With-Wavy-Edge-Wholesale-Custom-Baking-Dishes-7-540x540.webp 540w, https:\/\/jinhuaceramic.com\/wp-content\/uploads\/2025\/07\/Dark-Blue-Bakeware-Set-With-Wavy-Edge-Wholesale-Custom-Baking-Dishes-7-660x660.webp 660w\" sizes=\"(max-width: 2560px) 100vw, 2560px\" \/><\/figure>\n<\/div>\n<\/div>","protected":false},"excerpt":{"rendered":"<p>No dude en ponerse en contacto con nosotros para la compra al por mayor de nuestro juego de utensilios para hornear al por mayor. Estos conjuntos de bakeware personalizados son populares en el mercado debido a su hermoso dise\u00f1o ondulado, color azul profundo, pr\u00e1ctica combinaci\u00f3n de m\u00faltiples tama\u00f1os y materiales duraderos de alta calidad. La combinaci\u00f3n de practicidad y belleza, estos platos para hornear son ideales para mejorar la experiencia de hornear y la est\u00e9tica de la cocina.<\/p>","protected":false},"featured_media":9680,"comment_status":"closed","ping_status":"closed","template":"","meta":{"_acf_changed":false},"product_brand":[],"product_cat":[53],"product_tag":[71],"class_list":{"0":"post-9678","1":"product","2":"type-product","3":"status-publish","4":"has-post-thumbnail","6":"product_cat-bakeware-in-bulk","7":"product_tag-wholesale-baking-pans","9":"first","10":"instock","11":"shipping-taxable","12":"product-type-simple"},"acf":[],"_links":{"self":[{"href":"https:\/\/jinhuaceramic.com\/es\/wp-json\/wp\/v2\/product\/9678","targetHints":{"allow":["GET"]}}],"collection":[{"href":"https:\/\/jinhuaceramic.com\/es\/wp-json\/wp\/v2\/product"}],"about":[{"href":"https:\/\/jinhuaceramic.com\/es\/wp-json\/wp\/v2\/types\/product"}],"replies":[{"embeddable":true,"href":"https:\/\/jinhuaceramic.com\/es\/wp-json\/wp\/v2\/comments?post=9678"}],"version-history":[{"count":0,"href":"https:\/\/jinhuaceramic.com\/es\/wp-json\/wp\/v2\/product\/9678\/revisions"}],"wp:featuredmedia":[{"embeddable":true,"href":"https:\/\/jinhuaceramic.com\/es\/wp-json\/wp\/v2\/media\/9680"}],"wp:attachment":[{"href":"https:\/\/jinhuaceramic.com\/es\/wp-json\/wp\/v2\/media?parent=9678"}],"wp:term":[{"taxonomy":"product_brand","embeddable":true,"href":"https:\/\/jinhuaceramic.com\/es\/wp-json\/wp\/v2\/product_brand?post=9678"},{"taxonomy":"product_cat","embeddable":true,"href":"https:\/\/jinhuaceramic.com\/es\/wp-json\/wp\/v2\/product_cat?post=9678"},{"taxonomy":"product_tag","embeddable":true,"href":"https:\/\/jinhuaceramic.com\/es\/wp-json\/wp\/v2\/product_tag?post=9678"}],"curies":[{"name":"wp","href":"https:\/\/api.w.org\/{rel}","templated":true}]}}