{"id":9709,"date":"2025-07-17T02:46:37","date_gmt":"2025-07-17T02:46:37","guid":{"rendered":"https:\/\/jinhuaceramic.com\/?post_type=product&#038;p=9709"},"modified":"2025-11-12T03:41:55","modified_gmt":"2025-11-12T03:41:55","slug":"custom-ceramic-candle-jar","status":"publish","type":"product","link":"https:\/\/jinhuaceramic.com\/es\/product\/custom-ceramic-candle-jar\/","title":{"rendered":"Tarros de cer\u00e1mica personalizados para velas, recipientes \u00fanicos para velas a granel"},"content":{"rendered":"<div class=\"wp-block-columns is-layout-flex wp-container-core-columns-is-layout-9d6595d7 wp-block-columns-is-layout-flex\">\n<div class=\"wp-block-column is-layout-flow wp-block-column-is-layout-flow\">\n<h3 class=\"wp-block-heading\">Tarro de cer\u00e1mica de encargo superior de la vela Caracter\u00edsticas:<\/h3>\n\n\n\n<ul class=\"wp-block-list\">\n<li><strong>Dise\u00f1o no convencional:<\/strong> Los tarros de cer\u00e1mica personalizados para velas tienen una forma redondeada, pero con un fondo m\u00e1s largo que hace que la altura del tarro aumente y que la forma general sea m\u00e1s escultural y art\u00edstica. Incluso hay rayas verticales en el exterior del tarro, que crean una textura y una estratificaci\u00f3n visual que lo hacen a\u00fan m\u00e1s exquisito y \u00fanico.<\/li>\n\n\n\n<li><strong>Varios tonos suaves: <\/strong>Para estos tarros de velas de cer\u00e1mica personalizados hay disponibles diferentes tonos suaves, como blanco, blanco roto, rosa, rosa claro, verde claro, etc. Estos tonos de baja saturaci\u00f3n son muy vers\u00e1tiles y pueden crear un ambiente relajante, c\u00e1lido y acogedor.<\/li>\n\n\n\n<li><strong>Material de larga duraci\u00f3n:<\/strong> Los tarros para velas al por mayor se fabrican con material cer\u00e1mico duradero y se cuecen en hornos de alta temperatura. Los tarros son duros, duraderos y resistentes al calor. Soportan sin problemas el calor producido por las velas encendidas y no se agrietan con facilidad.<\/li>\n\n\n\n<li><strong>Versatilidad: <\/strong>Estos recipientes de cer\u00e1mica al por mayor tienen m\u00faltiples usos. En primer lugar, son de tama\u00f1o moderado y resultan muy adecuados como recipientes para velas arom\u00e1ticas. En segundo lugar, pueden utilizarse como peque\u00f1as macetas para cultivar plantas peque\u00f1as, y tambi\u00e9n como tarros de almacenaje para guardar objetos peque\u00f1os.<\/li>\n<\/ul>\n<\/div>\n\n\n\n<div class=\"wp-block-column is-layout-flow wp-block-column-is-layout-flow\">\n<figure class=\"wp-block-image size-full\"><img fetchpriority=\"high\" decoding=\"async\" width=\"800\" height=\"800\" src=\"https:\/\/jinhuaceramic.com\/wp-content\/uploads\/2025\/07\/Unique-Candle-Jars-Wholesale-Ceramic-Containers-For-Candle-Or-Plants-3.webp\" alt=\"tarros-vela-ceramica-a-la-medida-unicos-para-vela-o-plantas-3\" class=\"wp-image-9711\" srcset=\"https:\/\/jinhuaceramic.com\/wp-content\/uploads\/2025\/07\/Unique-Candle-Jars-Wholesale-Ceramic-Containers-For-Candle-Or-Plants-3.webp 800w, https:\/\/jinhuaceramic.com\/wp-content\/uploads\/2025\/07\/Unique-Candle-Jars-Wholesale-Ceramic-Containers-For-Candle-Or-Plants-3-300x300.webp 300w, https:\/\/jinhuaceramic.com\/wp-content\/uploads\/2025\/07\/Unique-Candle-Jars-Wholesale-Ceramic-Containers-For-Candle-Or-Plants-3-150x150.webp 150w, https:\/\/jinhuaceramic.com\/wp-content\/uploads\/2025\/07\/Unique-Candle-Jars-Wholesale-Ceramic-Containers-For-Candle-Or-Plants-3-768x768.webp 768w, https:\/\/jinhuaceramic.com\/wp-content\/uploads\/2025\/07\/Unique-Candle-Jars-Wholesale-Ceramic-Containers-For-Candle-Or-Plants-3-12x12.webp 12w, https:\/\/jinhuaceramic.com\/wp-content\/uploads\/2025\/07\/Unique-Candle-Jars-Wholesale-Ceramic-Containers-For-Candle-Or-Plants-3-285x285.webp 285w, https:\/\/jinhuaceramic.com\/wp-content\/uploads\/2025\/07\/Unique-Candle-Jars-Wholesale-Ceramic-Containers-For-Candle-Or-Plants-3-270x270.webp 270w, https:\/\/jinhuaceramic.com\/wp-content\/uploads\/2025\/07\/Unique-Candle-Jars-Wholesale-Ceramic-Containers-For-Candle-Or-Plants-3-540x540.webp 540w, https:\/\/jinhuaceramic.com\/wp-content\/uploads\/2025\/07\/Unique-Candle-Jars-Wholesale-Ceramic-Containers-For-Candle-Or-Plants-3-660x660.webp 660w\" sizes=\"(max-width: 800px) 100vw, 800px\" \/><\/figure>\n<\/div>\n<\/div>\n\n\n\n<p><\/p>","protected":false},"excerpt":{"rendered":"<p>No dude en ponerse en contacto con nosotros para comprar al por mayor nuestros tarros de cer\u00e1mica personalizados para velas. Las ventajas de estos tarros para velas al por mayor incluyen un dise\u00f1o \u00fanico, colores suaves y flexibles, m\u00faltiples usos y excelentes materiales cer\u00e1micos. Estos tarros para velas son tan bonitos como pr\u00e1cticos, y aportan al espacio interior un toque de sofisticaci\u00f3n y arte, realzando la calidad y el ritual de la vida diaria.<\/p>","protected":false},"featured_media":9710,"comment_status":"closed","ping_status":"closed","template":"","meta":{"_acf_changed":false},"product_brand":[],"product_cat":[52],"product_tag":[66],"class_list":{"0":"post-9709","1":"product","2":"type-product","3":"status-publish","4":"has-post-thumbnail","6":"product_cat-wholesale-candle-containers","7":"product_tag-candle-jars-wholesale","9":"first","10":"instock","11":"shipping-taxable","12":"product-type-simple"},"acf":[],"_links":{"self":[{"href":"https:\/\/jinhuaceramic.com\/es\/wp-json\/wp\/v2\/product\/9709","targetHints":{"allow":["GET"]}}],"collection":[{"href":"https:\/\/jinhuaceramic.com\/es\/wp-json\/wp\/v2\/product"}],"about":[{"href":"https:\/\/jinhuaceramic.com\/es\/wp-json\/wp\/v2\/types\/product"}],"replies":[{"embeddable":true,"href":"https:\/\/jinhuaceramic.com\/es\/wp-json\/wp\/v2\/comments?post=9709"}],"version-history":[{"count":0,"href":"https:\/\/jinhuaceramic.com\/es\/wp-json\/wp\/v2\/product\/9709\/revisions"}],"wp:featuredmedia":[{"embeddable":true,"href":"https:\/\/jinhuaceramic.com\/es\/wp-json\/wp\/v2\/media\/9710"}],"wp:attachment":[{"href":"https:\/\/jinhuaceramic.com\/es\/wp-json\/wp\/v2\/media?parent=9709"}],"wp:term":[{"taxonomy":"product_brand","embeddable":true,"href":"https:\/\/jinhuaceramic.com\/es\/wp-json\/wp\/v2\/product_brand?post=9709"},{"taxonomy":"product_cat","embeddable":true,"href":"https:\/\/jinhuaceramic.com\/es\/wp-json\/wp\/v2\/product_cat?post=9709"},{"taxonomy":"product_tag","embeddable":true,"href":"https:\/\/jinhuaceramic.com\/es\/wp-json\/wp\/v2\/product_tag?post=9709"}],"curies":[{"name":"wp","href":"https:\/\/api.w.org\/{rel}","templated":true}]}}