{"id":9720,"date":"2025-07-17T03:28:18","date_gmt":"2025-07-17T03:28:18","guid":{"rendered":"https:\/\/jinhuaceramic.com\/?post_type=product&#038;p=9720"},"modified":"2025-11-12T03:41:00","modified_gmt":"2025-11-12T03:41:00","slug":"candle-container-bulk","status":"publish","type":"product","link":"https:\/\/jinhuaceramic.com\/es\/product\/candle-container-bulk\/","title":{"rendered":"Recipiente para velas mate a granel, Recipiente para velas a medida al por mayor"},"content":{"rendered":"<div class=\"wp-block-columns is-layout-flex wp-container-core-columns-is-layout-9d6595d7 wp-block-columns-is-layout-flex\">\n<div class=\"wp-block-column is-layout-flow wp-block-column-is-layout-flow\">\n<h3 class=\"wp-block-heading\">Recipiente para velas mate premium a granel Caracter\u00edsticas:<\/h3>\n\n\n\n<ul class=\"wp-block-list\">\n<li><strong>Forma minimalista: <\/strong>Estos tarros para velas personalizados tienen una forma cil\u00edndrica muy uniforme con una base muy estrecha en la parte inferior. Las l\u00edneas generales tambi\u00e9n son n\u00edtidas y suaves, sin adornos innecesarios, lo que se ajusta a los estilos minimalistas dominantes modernos.<\/li>\n\n\n\n<li><strong>Mate Suave Colores:<\/strong> Estos recipientes para velas a granel est\u00e1n disponibles en una variedad de colores suaves, blanco, gris, rosa claro, verde claro, etc. Los colores son mates y poco saturados, de aspecto sobrio, de gama alta y vers\u00e1til, y pueden crear un ambiente tranquilo, c\u00f3modo y c\u00e1lido.<\/li>\n\n\n\n<li><strong>Material resistente al calor:<\/strong> Estos recipientes para velas a granel est\u00e1n fabricados con material cer\u00e1mico de alta calidad y posteriormente cocidos a altas temperaturas, lo que los hace duros y resistentes al calor. No se deforman ni agrietan f\u00e1cilmente con el calor de las velas encendidas, por lo que su uso es seguro.<\/li>\n\n\n\n<li><strong>Reutilizable: <\/strong>Estos tarros de cer\u00e1mica de alta calidad al por mayor son reutilizables. Cuando las velas perfumadas se consumen, pueden limpiarse f\u00e1cilmente y utilizarse como mini jarrones o tarros de sobremesa para guardar llaves, monedas y otros objetos peque\u00f1os.<\/li>\n<\/ul>\n<\/div>\n\n\n\n<div class=\"wp-block-column is-layout-flow wp-block-column-is-layout-flow\">\n<figure class=\"wp-block-image size-full\"><img fetchpriority=\"high\" decoding=\"async\" width=\"800\" height=\"800\" src=\"https:\/\/jinhuaceramic.com\/wp-content\/uploads\/2025\/07\/Minimalist-Matte-Ceramic-Candle-Jars-Custom-Empty-Candle-Vessel-Wholesale-3.webp\" alt=\"portavelas de cer\u00e1mica mate a granel portavelas a medida al por mayor-3\" class=\"wp-image-9722\" srcset=\"https:\/\/jinhuaceramic.com\/wp-content\/uploads\/2025\/07\/Minimalist-Matte-Ceramic-Candle-Jars-Custom-Empty-Candle-Vessel-Wholesale-3.webp 800w, https:\/\/jinhuaceramic.com\/wp-content\/uploads\/2025\/07\/Minimalist-Matte-Ceramic-Candle-Jars-Custom-Empty-Candle-Vessel-Wholesale-3-300x300.webp 300w, https:\/\/jinhuaceramic.com\/wp-content\/uploads\/2025\/07\/Minimalist-Matte-Ceramic-Candle-Jars-Custom-Empty-Candle-Vessel-Wholesale-3-150x150.webp 150w, https:\/\/jinhuaceramic.com\/wp-content\/uploads\/2025\/07\/Minimalist-Matte-Ceramic-Candle-Jars-Custom-Empty-Candle-Vessel-Wholesale-3-768x768.webp 768w, https:\/\/jinhuaceramic.com\/wp-content\/uploads\/2025\/07\/Minimalist-Matte-Ceramic-Candle-Jars-Custom-Empty-Candle-Vessel-Wholesale-3-12x12.webp 12w, https:\/\/jinhuaceramic.com\/wp-content\/uploads\/2025\/07\/Minimalist-Matte-Ceramic-Candle-Jars-Custom-Empty-Candle-Vessel-Wholesale-3-285x285.webp 285w, https:\/\/jinhuaceramic.com\/wp-content\/uploads\/2025\/07\/Minimalist-Matte-Ceramic-Candle-Jars-Custom-Empty-Candle-Vessel-Wholesale-3-270x270.webp 270w, https:\/\/jinhuaceramic.com\/wp-content\/uploads\/2025\/07\/Minimalist-Matte-Ceramic-Candle-Jars-Custom-Empty-Candle-Vessel-Wholesale-3-540x540.webp 540w, https:\/\/jinhuaceramic.com\/wp-content\/uploads\/2025\/07\/Minimalist-Matte-Ceramic-Candle-Jars-Custom-Empty-Candle-Vessel-Wholesale-3-660x660.webp 660w\" sizes=\"(max-width: 800px) 100vw, 800px\" \/><\/figure>\n<\/div>\n<\/div>","protected":false},"excerpt":{"rendered":"<p>Bienvenido a comprar nuestros recipientes para velas mate a granel. Estos tarros para velas personalizados tienen una forma sencilla y elegante, con una variedad de suaves tonos mate, y la calidad de la cer\u00e1mica es buena y puede reutilizarse. Consiguen un equilibrio armonioso entre belleza, funcionalidad y alta calidad, y estos tarros de velas son capaces de calentar la habitaci\u00f3n y aportar sofisticaci\u00f3n y estilo a la vida dom\u00e9stica moderna.<\/p>","protected":false},"featured_media":9725,"comment_status":"closed","ping_status":"closed","template":"","meta":{"_acf_changed":false},"product_brand":[],"product_cat":[52],"product_tag":[66],"class_list":{"0":"post-9720","1":"product","2":"type-product","3":"status-publish","4":"has-post-thumbnail","6":"product_cat-wholesale-candle-containers","7":"product_tag-candle-jars-wholesale","9":"first","10":"instock","11":"shipping-taxable","12":"product-type-simple"},"acf":[],"_links":{"self":[{"href":"https:\/\/jinhuaceramic.com\/es\/wp-json\/wp\/v2\/product\/9720","targetHints":{"allow":["GET"]}}],"collection":[{"href":"https:\/\/jinhuaceramic.com\/es\/wp-json\/wp\/v2\/product"}],"about":[{"href":"https:\/\/jinhuaceramic.com\/es\/wp-json\/wp\/v2\/types\/product"}],"replies":[{"embeddable":true,"href":"https:\/\/jinhuaceramic.com\/es\/wp-json\/wp\/v2\/comments?post=9720"}],"version-history":[{"count":0,"href":"https:\/\/jinhuaceramic.com\/es\/wp-json\/wp\/v2\/product\/9720\/revisions"}],"wp:featuredmedia":[{"embeddable":true,"href":"https:\/\/jinhuaceramic.com\/es\/wp-json\/wp\/v2\/media\/9725"}],"wp:attachment":[{"href":"https:\/\/jinhuaceramic.com\/es\/wp-json\/wp\/v2\/media?parent=9720"}],"wp:term":[{"taxonomy":"product_brand","embeddable":true,"href":"https:\/\/jinhuaceramic.com\/es\/wp-json\/wp\/v2\/product_brand?post=9720"},{"taxonomy":"product_cat","embeddable":true,"href":"https:\/\/jinhuaceramic.com\/es\/wp-json\/wp\/v2\/product_cat?post=9720"},{"taxonomy":"product_tag","embeddable":true,"href":"https:\/\/jinhuaceramic.com\/es\/wp-json\/wp\/v2\/product_tag?post=9720"}],"curies":[{"name":"wp","href":"https:\/\/api.w.org\/{rel}","templated":true}]}}