{"id":9756,"date":"2025-07-17T02:02:16","date_gmt":"2025-07-17T02:02:16","guid":{"rendered":"https:\/\/jinhuaceramic.com\/?post_type=product&#038;p=9756"},"modified":"2025-11-12T03:23:19","modified_gmt":"2025-11-12T03:23:19","slug":"bulk-empty-candle-jars","status":"publish","type":"product","link":"https:\/\/jinhuaceramic.com\/es\/product\/bulk-empty-candle-jars\/","title":{"rendered":"2 Mechas a Granel Tarros Vac\u00edos para Velas, Recipientes para Velas al por mayor"},"content":{"rendered":"<div class=\"wp-block-columns is-layout-flex wp-container-core-columns-is-layout-9d6595d7 wp-block-columns-is-layout-flex\">\n<div class=\"wp-block-column is-layout-flow wp-block-column-is-layout-flow\">\n<h3 class=\"wp-block-heading\">Tarros vac\u00edos de 2 mechas a granel Caracter\u00edsticas:<\/h3>\n\n\n\n<ul class=\"wp-block-list\">\n<li><strong>Impresi\u00f3n personalizada: <\/strong>Los tarros de velas personalizados llevan impresos mensajes como \u201cLOVE YOUR LIFE ENJOY\u201d, \u201cONLY BELONGS TO YOU\u201d, etc. Estos mensajes no solo indican la capacidad y el material de las velas, sino que tambi\u00e9n desempe\u00f1an una funci\u00f3n decorativa, recordando a los usuarios que deben disfrutar de la vida y esforzarse al m\u00e1ximo por vivir el momento mientras las utilizan.<\/li>\n\n\n\n<li><strong>Varios colores:<\/strong> Estos tarros de velas vac\u00edos a granel est\u00e1n disponibles en varios de los colores m\u00e1s solicitados, como rojo, verde menta, gris, verde oscuro, amarillo, blanco y azul oscuro, y los clientes pueden elegir y seleccionar en funci\u00f3n del tema de decoraci\u00f3n de su hogar y de su estilo de vida individual.<\/li>\n\n\n\n<li><strong>Dise\u00f1o de 2 mechas:<\/strong> Los tarros de velas vac\u00edas a granel presentan un dise\u00f1o de 2 mechas para una combusti\u00f3n m\u00e1s limpia y un lanzamiento m\u00e1s r\u00e1pido del aroma, lo que elimina el problema de que se queme un agujero en el centro de la vela mientras la cera de los lados sigue siendo s\u00f3lida, alargando as\u00ed la vida de la vela.<\/li>\n\n\n\n<li><strong>Material duradero: <\/strong>Fabricados con material cer\u00e1mico de calidad y cocidos a alta temperatura, estos recipientes para velas a granel tienen una gran dureza, son resistentes a altas temperaturas y duraderos, y pueden soportar el calor de las velas encendidas de forma segura sin deformarse ni agrietarse.<\/li>\n<\/ul>\n<\/div>\n\n\n\n<div class=\"wp-block-column is-layout-flow wp-block-column-is-layout-flow\">\n<figure class=\"wp-block-image size-full\"><img fetchpriority=\"high\" decoding=\"async\" width=\"1000\" height=\"1000\" src=\"https:\/\/jinhuaceramic.com\/wp-content\/uploads\/2025\/07\/2-Wick-Empty-Candle-Jars-with-Various-Colors-Candle-Making-Containers-Wholesale-2.webp\" alt=\"tarros-vac\u00edos-de-velas-de-2-mechas-a-bultos-con-varios-colores-contenedores-de-velas-al-mayor-2\" class=\"wp-image-9757\" srcset=\"https:\/\/jinhuaceramic.com\/wp-content\/uploads\/2025\/07\/2-Wick-Empty-Candle-Jars-with-Various-Colors-Candle-Making-Containers-Wholesale-2.webp 1000w, https:\/\/jinhuaceramic.com\/wp-content\/uploads\/2025\/07\/2-Wick-Empty-Candle-Jars-with-Various-Colors-Candle-Making-Containers-Wholesale-2-300x300.webp 300w, https:\/\/jinhuaceramic.com\/wp-content\/uploads\/2025\/07\/2-Wick-Empty-Candle-Jars-with-Various-Colors-Candle-Making-Containers-Wholesale-2-150x150.webp 150w, https:\/\/jinhuaceramic.com\/wp-content\/uploads\/2025\/07\/2-Wick-Empty-Candle-Jars-with-Various-Colors-Candle-Making-Containers-Wholesale-2-768x768.webp 768w, https:\/\/jinhuaceramic.com\/wp-content\/uploads\/2025\/07\/2-Wick-Empty-Candle-Jars-with-Various-Colors-Candle-Making-Containers-Wholesale-2-12x12.webp 12w, https:\/\/jinhuaceramic.com\/wp-content\/uploads\/2025\/07\/2-Wick-Empty-Candle-Jars-with-Various-Colors-Candle-Making-Containers-Wholesale-2-285x285.webp 285w, https:\/\/jinhuaceramic.com\/wp-content\/uploads\/2025\/07\/2-Wick-Empty-Candle-Jars-with-Various-Colors-Candle-Making-Containers-Wholesale-2-270x270.webp 270w, https:\/\/jinhuaceramic.com\/wp-content\/uploads\/2025\/07\/2-Wick-Empty-Candle-Jars-with-Various-Colors-Candle-Making-Containers-Wholesale-2-540x540.webp 540w, https:\/\/jinhuaceramic.com\/wp-content\/uploads\/2025\/07\/2-Wick-Empty-Candle-Jars-with-Various-Colors-Candle-Making-Containers-Wholesale-2-660x660.webp 660w\" sizes=\"(max-width: 1000px) 100vw, 1000px\" \/><\/figure>\n<\/div>\n<\/div>","protected":false},"excerpt":{"rendered":"<p>Le invitamos a comprar nuestros tarros de velas vac\u00edos a granel. Las ventajas de estos tarros de velas personalizados son su bonito aspecto, los esl\u00f3ganes de texto positivos, las diversas opciones de color, el pr\u00e1ctico dise\u00f1o de 2 mechas y el material cer\u00e1mico robusto y resistente. Son \u00fatiles y bonitos, adecuados para diversas ocasiones, y pueden a\u00f1adir calidez y estilo al entorno.<\/p>","protected":false},"featured_media":9758,"comment_status":"closed","ping_status":"closed","template":"","meta":{"_acf_changed":false},"product_brand":[],"product_cat":[52],"product_tag":[66],"class_list":{"0":"post-9756","1":"product","2":"type-product","3":"status-publish","4":"has-post-thumbnail","6":"product_cat-wholesale-candle-containers","7":"product_tag-candle-jars-wholesale","9":"first","10":"instock","11":"shipping-taxable","12":"product-type-simple"},"acf":[],"_links":{"self":[{"href":"https:\/\/jinhuaceramic.com\/es\/wp-json\/wp\/v2\/product\/9756","targetHints":{"allow":["GET"]}}],"collection":[{"href":"https:\/\/jinhuaceramic.com\/es\/wp-json\/wp\/v2\/product"}],"about":[{"href":"https:\/\/jinhuaceramic.com\/es\/wp-json\/wp\/v2\/types\/product"}],"replies":[{"embeddable":true,"href":"https:\/\/jinhuaceramic.com\/es\/wp-json\/wp\/v2\/comments?post=9756"}],"version-history":[{"count":0,"href":"https:\/\/jinhuaceramic.com\/es\/wp-json\/wp\/v2\/product\/9756\/revisions"}],"wp:featuredmedia":[{"embeddable":true,"href":"https:\/\/jinhuaceramic.com\/es\/wp-json\/wp\/v2\/media\/9758"}],"wp:attachment":[{"href":"https:\/\/jinhuaceramic.com\/es\/wp-json\/wp\/v2\/media?parent=9756"}],"wp:term":[{"taxonomy":"product_brand","embeddable":true,"href":"https:\/\/jinhuaceramic.com\/es\/wp-json\/wp\/v2\/product_brand?post=9756"},{"taxonomy":"product_cat","embeddable":true,"href":"https:\/\/jinhuaceramic.com\/es\/wp-json\/wp\/v2\/product_cat?post=9756"},{"taxonomy":"product_tag","embeddable":true,"href":"https:\/\/jinhuaceramic.com\/es\/wp-json\/wp\/v2\/product_tag?post=9756"}],"curies":[{"name":"wp","href":"https:\/\/api.w.org\/{rel}","templated":true}]}}