{"id":9792,"date":"2025-07-18T01:21:28","date_gmt":"2025-07-18T01:21:28","guid":{"rendered":"https:\/\/jinhuaceramic.com\/?post_type=product&#038;p=9792"},"modified":"2025-07-18T01:21:31","modified_gmt":"2025-07-18T01:21:31","slug":"candle-containers-in-bulk","status":"publish","type":"product","link":"https:\/\/jinhuaceramic.com\/es\/product\/candle-containers-in-bulk\/","title":{"rendered":"Recipientes modernos para velas al por mayor, Recipientes de arcilla para velas al por mayor"},"content":{"rendered":"<div class=\"wp-block-columns is-layout-flex wp-container-core-columns-is-layout-9d6595d7 wp-block-columns-is-layout-flex\">\n<div class=\"wp-block-column is-layout-flow wp-block-column-is-layout-flow\">\n<h3 class=\"wp-block-heading\">Premium Candle Containers In Bulk Caracter\u00edsticas:<\/h3>\n\n\n\n<ul class=\"wp-block-list\">\n<li><strong>Dise\u00f1o moderno: <\/strong>Nuestros recipientes de cer\u00e1mica para velas a granel tienen forma cil\u00edndrica con los mismos di\u00e1metros superior e inferior, pero ligeramente estrechados en el centro, lo que ofrece un aspecto limpio y aireado. Los tarros tienen una textura ondulada uniforme en el exterior, que ofrece jerarqu\u00eda visual y tacto para evitar que el aspecto general sea plano.<\/li>\n\n\n\n<li><strong>Variedad de colores: <\/strong>Estos recipientes de cer\u00e1mica para velas al por mayor est\u00e1n disponibles en una gran variedad de colores, como verde claro, amarillo, rosa, marr\u00f3n, negro, rojo, gris claro, morado, etc., que pueden satisfacer diferentes necesidades de decoraci\u00f3n del hogar y preferencias est\u00e9ticas.<\/li>\n\n\n\n<li><strong>Material de calidad: <\/strong>Nuestros recipientes de cer\u00e1mica para velas a granel est\u00e1n fabricados con cer\u00e1mica de alta calidad y alta temperatura de cocci\u00f3n. Son duraderos y resisten el uso diario sin rayarse ni romperse.<\/li>\n\n\n\n<li><strong>Versatilidad: <\/strong>Estos tarros de cer\u00e1mica para velas al por mayor son vers\u00e1tiles en primer lugar como tarros para hacer velas del tama\u00f1o adecuado para crear un ambiente c\u00e1lido y acogedor. Estos tarros de cer\u00e1mica tambi\u00e9n se pueden utilizar como tarros de almacenamiento de portabol\u00edgrafos, tarros portacepillos de maquillaje, tarros de almacenamiento de cepillos de dientes, etc.<\/li>\n<\/ul>\n<\/div>\n\n\n\n<div class=\"wp-block-column is-layout-flow wp-block-column-is-layout-flow\">\n<figure class=\"wp-block-image size-full\"><img fetchpriority=\"high\" decoding=\"async\" width=\"800\" height=\"800\" src=\"https:\/\/jinhuaceramic.com\/wp-content\/uploads\/2025\/07\/Modern-Candle-Vessel-With-Various-Colors-Custom-Ceramic-Candle-Jars-8.webp\" alt=\"Recipientes Para Velas Al Por Mayor, Recipientes De Arcilla Para Velas Al Por Mayor-1\" class=\"wp-image-9798\" srcset=\"https:\/\/jinhuaceramic.com\/wp-content\/uploads\/2025\/07\/Modern-Candle-Vessel-With-Various-Colors-Custom-Ceramic-Candle-Jars-8.webp 800w, https:\/\/jinhuaceramic.com\/wp-content\/uploads\/2025\/07\/Modern-Candle-Vessel-With-Various-Colors-Custom-Ceramic-Candle-Jars-8-300x300.webp 300w, https:\/\/jinhuaceramic.com\/wp-content\/uploads\/2025\/07\/Modern-Candle-Vessel-With-Various-Colors-Custom-Ceramic-Candle-Jars-8-150x150.webp 150w, https:\/\/jinhuaceramic.com\/wp-content\/uploads\/2025\/07\/Modern-Candle-Vessel-With-Various-Colors-Custom-Ceramic-Candle-Jars-8-768x768.webp 768w, https:\/\/jinhuaceramic.com\/wp-content\/uploads\/2025\/07\/Modern-Candle-Vessel-With-Various-Colors-Custom-Ceramic-Candle-Jars-8-12x12.webp 12w, https:\/\/jinhuaceramic.com\/wp-content\/uploads\/2025\/07\/Modern-Candle-Vessel-With-Various-Colors-Custom-Ceramic-Candle-Jars-8-285x285.webp 285w, https:\/\/jinhuaceramic.com\/wp-content\/uploads\/2025\/07\/Modern-Candle-Vessel-With-Various-Colors-Custom-Ceramic-Candle-Jars-8-270x270.webp 270w, https:\/\/jinhuaceramic.com\/wp-content\/uploads\/2025\/07\/Modern-Candle-Vessel-With-Various-Colors-Custom-Ceramic-Candle-Jars-8-540x540.webp 540w, https:\/\/jinhuaceramic.com\/wp-content\/uploads\/2025\/07\/Modern-Candle-Vessel-With-Various-Colors-Custom-Ceramic-Candle-Jars-8-660x660.webp 660w\" sizes=\"(max-width: 800px) 100vw, 800px\" \/><\/figure>\n<\/div>\n<\/div>","protected":false},"excerpt":{"rendered":"<p>Bienvenido a comprar recipientes de cer\u00e1mica para velas al por mayor. Estos recipientes para velas al por mayor tienen un dise\u00f1o moderno y est\u00e1n disponibles en una amplia gama de elegantes colores. Combinando belleza y practicidad, son una excelente elecci\u00f3n para la decoraci\u00f3n del hogar.<\/p>","protected":false},"featured_media":9799,"comment_status":"closed","ping_status":"closed","template":"","meta":{"_acf_changed":false},"product_brand":[],"product_cat":[52],"product_tag":[66],"class_list":{"0":"post-9792","1":"product","2":"type-product","3":"status-publish","4":"has-post-thumbnail","6":"product_cat-wholesale-candle-containers","7":"product_tag-candle-jars-wholesale","9":"first","10":"instock","11":"shipping-taxable","12":"product-type-simple"},"acf":[],"_links":{"self":[{"href":"https:\/\/jinhuaceramic.com\/es\/wp-json\/wp\/v2\/product\/9792","targetHints":{"allow":["GET"]}}],"collection":[{"href":"https:\/\/jinhuaceramic.com\/es\/wp-json\/wp\/v2\/product"}],"about":[{"href":"https:\/\/jinhuaceramic.com\/es\/wp-json\/wp\/v2\/types\/product"}],"replies":[{"embeddable":true,"href":"https:\/\/jinhuaceramic.com\/es\/wp-json\/wp\/v2\/comments?post=9792"}],"version-history":[{"count":0,"href":"https:\/\/jinhuaceramic.com\/es\/wp-json\/wp\/v2\/product\/9792\/revisions"}],"wp:featuredmedia":[{"embeddable":true,"href":"https:\/\/jinhuaceramic.com\/es\/wp-json\/wp\/v2\/media\/9799"}],"wp:attachment":[{"href":"https:\/\/jinhuaceramic.com\/es\/wp-json\/wp\/v2\/media?parent=9792"}],"wp:term":[{"taxonomy":"product_brand","embeddable":true,"href":"https:\/\/jinhuaceramic.com\/es\/wp-json\/wp\/v2\/product_brand?post=9792"},{"taxonomy":"product_cat","embeddable":true,"href":"https:\/\/jinhuaceramic.com\/es\/wp-json\/wp\/v2\/product_cat?post=9792"},{"taxonomy":"product_tag","embeddable":true,"href":"https:\/\/jinhuaceramic.com\/es\/wp-json\/wp\/v2\/product_tag?post=9792"}],"curies":[{"name":"wp","href":"https:\/\/api.w.org\/{rel}","templated":true}]}}