{"id":9833,"date":"2025-07-24T08:44:48","date_gmt":"2025-07-24T08:44:48","guid":{"rendered":"https:\/\/jinhuaceramic.com\/?post_type=product&#038;p=9833"},"modified":"2025-11-12T03:49:43","modified_gmt":"2025-11-12T03:49:43","slug":"stoneware-baking-dish-custom","status":"publish","type":"product","link":"https:\/\/jinhuaceramic.com\/es\/product\/stoneware-baking-dish-custom\/","title":{"rendered":"Plato de Gres para Hornear a Medida, Platos de Dos Tonos al por Mayor"},"content":{"rendered":"<div class=\"wp-block-columns is-layout-flex wp-container-core-columns-is-layout-9d6595d7 wp-block-columns-is-layout-flex\">\n<div class=\"wp-block-column is-layout-flow wp-block-column-is-layout-flow\">\n<h3 class=\"wp-block-heading\">Plato para hornear de gres de primera calidad Caracter\u00edsticas personalizadas:<\/h3>\n\n\n\n<ul class=\"wp-block-list\">\n<li><strong>Dise\u00f1o bicolor: <\/strong>La bandeja de gres para hornear personalizada adopta un cl\u00e1sico color bicolor, con blanco puro en la parte superior y marr\u00f3n tostado en la inferior, en una combinaci\u00f3n de colores equilibrada y elegante. Adem\u00e1s, hay una peque\u00f1a mancha asim\u00e9trica en el lado blanco de la bandeja, lo que le da un aspecto elegante y estratificado.<\/li>\n\n\n\n<li><strong>Gres Material: <\/strong>La bandeja de gres de alta calidad distribuye el calor de forma personalizada y muy eficaz, evitando el sobrecalentamiento y cocinando los alimentos uniformemente sin que se quemen ni queden poco hechos.<\/li>\n\n\n\n<li><strong>Practicidad robusta:<\/strong> La t\u00edpica forma rectangular de estos moldes al por mayor es perfecta para hornear la mayor\u00eda de platos, como guisos, lasa\u00f1a, pollo asado, brownies, etc. Las grandes asas antideslizantes a ambos lados del molde proporcionan un agarre c\u00f3modo y firme, facilitando el traslado del molde incluso con manoplas de horno.<\/li>\n\n\n\n<li><strong>F\u00e1cil de limpiar:<\/strong> Los moldes para hornear al por mayor se componen de un esmalte suave que hace que los alimentos se peguen menos que los moldes met\u00e1licos, con una limpieza f\u00e1cil, normalmente con agua y jab\u00f3n.<\/li>\n<\/ul>\n<\/div>\n\n\n\n<div class=\"wp-block-column is-layout-flow wp-block-column-is-layout-flow\">\n<figure class=\"wp-block-image size-full\"><img fetchpriority=\"high\" decoding=\"async\" width=\"1600\" height=\"1600\" src=\"https:\/\/jinhuaceramic.com\/wp-content\/uploads\/2025\/07\/Two-Tone-Food-Service-Baking-Pans-Stoneware-Custom-Baking-Dishes-6.webp\" alt=\"bandejas de gres para hornear al por mayor de dos tonos para servicio de comidas-6\" class=\"wp-image-9838\" srcset=\"https:\/\/jinhuaceramic.com\/wp-content\/uploads\/2025\/07\/Two-Tone-Food-Service-Baking-Pans-Stoneware-Custom-Baking-Dishes-6.webp 1600w, https:\/\/jinhuaceramic.com\/wp-content\/uploads\/2025\/07\/Two-Tone-Food-Service-Baking-Pans-Stoneware-Custom-Baking-Dishes-6-300x300.webp 300w, https:\/\/jinhuaceramic.com\/wp-content\/uploads\/2025\/07\/Two-Tone-Food-Service-Baking-Pans-Stoneware-Custom-Baking-Dishes-6-150x150.webp 150w, https:\/\/jinhuaceramic.com\/wp-content\/uploads\/2025\/07\/Two-Tone-Food-Service-Baking-Pans-Stoneware-Custom-Baking-Dishes-6-768x768.webp 768w, https:\/\/jinhuaceramic.com\/wp-content\/uploads\/2025\/07\/Two-Tone-Food-Service-Baking-Pans-Stoneware-Custom-Baking-Dishes-6-12x12.webp 12w, https:\/\/jinhuaceramic.com\/wp-content\/uploads\/2025\/07\/Two-Tone-Food-Service-Baking-Pans-Stoneware-Custom-Baking-Dishes-6-285x285.webp 285w, https:\/\/jinhuaceramic.com\/wp-content\/uploads\/2025\/07\/Two-Tone-Food-Service-Baking-Pans-Stoneware-Custom-Baking-Dishes-6-270x270.webp 270w, https:\/\/jinhuaceramic.com\/wp-content\/uploads\/2025\/07\/Two-Tone-Food-Service-Baking-Pans-Stoneware-Custom-Baking-Dishes-6-540x540.webp 540w, https:\/\/jinhuaceramic.com\/wp-content\/uploads\/2025\/07\/Two-Tone-Food-Service-Baking-Pans-Stoneware-Custom-Baking-Dishes-6-660x660.webp 660w\" sizes=\"(max-width: 1600px) 100vw, 1600px\" \/><\/figure>\n<\/div>\n<\/div>\n\n\n\n<p><\/p>","protected":false},"excerpt":{"rendered":"<p>Bienvenido a comprar nuestro gres para hornear plato personalizado. Estos moldes para hornear personalizados tienen un dise\u00f1o bonito y elegante en dos tonos, y el material de gres de alta calidad tiene un rendimiento excelente. Combinando est\u00e9tica y practicidad, estos moldes para hornear pueden satisfacer diversas necesidades de cocinar y servir, y son la mejor opci\u00f3n para los entusiastas de la reposter\u00eda y los que persiguen una vida de calidad.<\/p>","protected":false},"featured_media":9841,"comment_status":"closed","ping_status":"closed","template":"","meta":{"_acf_changed":false},"product_brand":[],"product_cat":[53],"product_tag":[71],"class_list":{"0":"post-9833","1":"product","2":"type-product","3":"status-publish","4":"has-post-thumbnail","6":"product_cat-bakeware-in-bulk","7":"product_tag-wholesale-baking-pans","9":"first","10":"instock","11":"shipping-taxable","12":"product-type-simple"},"acf":[],"_links":{"self":[{"href":"https:\/\/jinhuaceramic.com\/es\/wp-json\/wp\/v2\/product\/9833","targetHints":{"allow":["GET"]}}],"collection":[{"href":"https:\/\/jinhuaceramic.com\/es\/wp-json\/wp\/v2\/product"}],"about":[{"href":"https:\/\/jinhuaceramic.com\/es\/wp-json\/wp\/v2\/types\/product"}],"replies":[{"embeddable":true,"href":"https:\/\/jinhuaceramic.com\/es\/wp-json\/wp\/v2\/comments?post=9833"}],"version-history":[{"count":0,"href":"https:\/\/jinhuaceramic.com\/es\/wp-json\/wp\/v2\/product\/9833\/revisions"}],"wp:featuredmedia":[{"embeddable":true,"href":"https:\/\/jinhuaceramic.com\/es\/wp-json\/wp\/v2\/media\/9841"}],"wp:attachment":[{"href":"https:\/\/jinhuaceramic.com\/es\/wp-json\/wp\/v2\/media?parent=9833"}],"wp:term":[{"taxonomy":"product_brand","embeddable":true,"href":"https:\/\/jinhuaceramic.com\/es\/wp-json\/wp\/v2\/product_brand?post=9833"},{"taxonomy":"product_cat","embeddable":true,"href":"https:\/\/jinhuaceramic.com\/es\/wp-json\/wp\/v2\/product_cat?post=9833"},{"taxonomy":"product_tag","embeddable":true,"href":"https:\/\/jinhuaceramic.com\/es\/wp-json\/wp\/v2\/product_tag?post=9833"}],"curies":[{"name":"wp","href":"https:\/\/api.w.org\/{rel}","templated":true}]}}