{"id":9847,"date":"2025-07-24T10:32:55","date_gmt":"2025-07-24T10:32:55","guid":{"rendered":"https:\/\/jinhuaceramic.com\/?post_type=product&#038;p=9847"},"modified":"2025-11-12T02:21:39","modified_gmt":"2025-11-12T02:21:39","slug":"wholesale-candle-holders-in-bulk","status":"publish","type":"product","link":"https:\/\/jinhuaceramic.com\/es\/product\/wholesale-candle-holders-in-bulk\/","title":{"rendered":"Candelabros Blancos al por mayor, Suministro de Candelabros"},"content":{"rendered":"<div class=\"wp-block-columns is-layout-flex wp-container-core-columns-is-layout-9d6595d7 wp-block-columns-is-layout-flex\">\n<div class=\"wp-block-column is-layout-flow wp-block-column-is-layout-flow\">\n<h3 class=\"wp-block-heading\">Premium al por mayor Candle Holders In Bulk Caracter\u00edsticas:<\/h3>\n\n\n\n<ul class=\"wp-block-list\">\n<li><strong>Bonito dise\u00f1o: <\/strong>Estos portavelas personalizados est\u00e1n formados por una base c\u00f3nica y una bandeja en la parte superior, lo que les confiere un aspecto sencillo pero elegante. Adem\u00e1s, el color blanco, limpio y neutro, los hace adecuados para varios estilos de decoraci\u00f3n y pueden crear un ambiente tranquilo y sereno.<\/li>\n\n\n\n<li><strong>Material resistente al calor: <\/strong>Estos portavelas al por mayor a granel est\u00e1n fabricados con material cer\u00e1mico de calidad y cocidos a altas temperaturas, por lo que tienen una buena resistencia al calor y pueden soportar el calor generado por la combusti\u00f3n de las velas sin deformarse ni romperse, adem\u00e1s de ser resistentes al fuego.<\/li>\n\n\n\n<li><strong>Practicidad robusta:<\/strong> La pesada carcasa de cer\u00e1mica y la amplia base c\u00f3nica de estos portavelas al por mayor en l\u00ednea los hacen m\u00e1s estables y menos propensos a caerse. La bandeja superior poco profunda y ancha proporciona un excelente soporte estable para las velas pilares y tiene una capacidad de captura de goteo, por lo que su encimera libre de cera.<\/li>\n\n\n\n<li><strong>Juego de dos piezas:<\/strong> Este portavelas al por mayor se vende en dos piezas con formas diferentes. Puede colocar estos portavelas juntos en una estanter\u00eda, mesa de comedor o repisa para crear un efecto de estratificaci\u00f3n y profundidad, dando a la decoraci\u00f3n un toque m\u00e1s atractivo y art\u00edstico.<\/li>\n<\/ul>\n<\/div>\n\n\n\n<div class=\"wp-block-column is-layout-flow wp-block-column-is-layout-flow\">\n<figure class=\"wp-block-image size-full\"><img fetchpriority=\"high\" decoding=\"async\" width=\"1500\" height=\"1500\" src=\"https:\/\/jinhuaceramic.com\/wp-content\/uploads\/2025\/07\/Nordic-White-Wholesale-Candle-Holders-In-Bulk-Candlestick-Holders-3.webp\" alt=\"nordic-white-wholesale-portavelas-a granel-portavelas-a granel-3\" class=\"wp-image-9849\" srcset=\"https:\/\/jinhuaceramic.com\/wp-content\/uploads\/2025\/07\/Nordic-White-Wholesale-Candle-Holders-In-Bulk-Candlestick-Holders-3.webp 1500w, https:\/\/jinhuaceramic.com\/wp-content\/uploads\/2025\/07\/Nordic-White-Wholesale-Candle-Holders-In-Bulk-Candlestick-Holders-3-300x300.webp 300w, https:\/\/jinhuaceramic.com\/wp-content\/uploads\/2025\/07\/Nordic-White-Wholesale-Candle-Holders-In-Bulk-Candlestick-Holders-3-150x150.webp 150w, https:\/\/jinhuaceramic.com\/wp-content\/uploads\/2025\/07\/Nordic-White-Wholesale-Candle-Holders-In-Bulk-Candlestick-Holders-3-768x768.webp 768w, https:\/\/jinhuaceramic.com\/wp-content\/uploads\/2025\/07\/Nordic-White-Wholesale-Candle-Holders-In-Bulk-Candlestick-Holders-3-12x12.webp 12w, https:\/\/jinhuaceramic.com\/wp-content\/uploads\/2025\/07\/Nordic-White-Wholesale-Candle-Holders-In-Bulk-Candlestick-Holders-3-285x285.webp 285w, https:\/\/jinhuaceramic.com\/wp-content\/uploads\/2025\/07\/Nordic-White-Wholesale-Candle-Holders-In-Bulk-Candlestick-Holders-3-270x270.webp 270w, https:\/\/jinhuaceramic.com\/wp-content\/uploads\/2025\/07\/Nordic-White-Wholesale-Candle-Holders-In-Bulk-Candlestick-Holders-3-540x540.webp 540w, https:\/\/jinhuaceramic.com\/wp-content\/uploads\/2025\/07\/Nordic-White-Wholesale-Candle-Holders-In-Bulk-Candlestick-Holders-3-660x660.webp 660w\" sizes=\"(max-width: 1500px) 100vw, 1500px\" \/><\/figure>\n<\/div>\n<\/div>","protected":false},"excerpt":{"rendered":"<p>Contacte con nosotros para la compra de nuestros portavelas al por mayor al por mayor. Un dise\u00f1o simple y elegante de los titulares de la vela que est\u00e1n hechos de materiales cer\u00e1micos, por lo que son resistentes al calor y f\u00e1cil de limpiar, y resistente al calor no debe disminuir su durabilidad; son estables para usar en cualquier rinc\u00f3n que necesita, como la sala de estar, el comedor, el dormitorio, el ba\u00f1o, e incluso en un espacio de oficina como un ambiente tentador de calidez y elegancia.<\/p>","protected":false},"featured_media":9854,"comment_status":"closed","ping_status":"closed","template":"","meta":{"_acf_changed":false},"product_brand":[],"product_cat":[52],"product_tag":[68],"class_list":{"0":"post-9847","1":"product","2":"type-product","3":"status-publish","4":"has-post-thumbnail","6":"product_cat-wholesale-candle-containers","7":"product_tag-ceramic-candlesticks-bulk","9":"first","10":"instock","11":"shipping-taxable","12":"product-type-simple"},"acf":[],"_links":{"self":[{"href":"https:\/\/jinhuaceramic.com\/es\/wp-json\/wp\/v2\/product\/9847","targetHints":{"allow":["GET"]}}],"collection":[{"href":"https:\/\/jinhuaceramic.com\/es\/wp-json\/wp\/v2\/product"}],"about":[{"href":"https:\/\/jinhuaceramic.com\/es\/wp-json\/wp\/v2\/types\/product"}],"replies":[{"embeddable":true,"href":"https:\/\/jinhuaceramic.com\/es\/wp-json\/wp\/v2\/comments?post=9847"}],"version-history":[{"count":0,"href":"https:\/\/jinhuaceramic.com\/es\/wp-json\/wp\/v2\/product\/9847\/revisions"}],"wp:featuredmedia":[{"embeddable":true,"href":"https:\/\/jinhuaceramic.com\/es\/wp-json\/wp\/v2\/media\/9854"}],"wp:attachment":[{"href":"https:\/\/jinhuaceramic.com\/es\/wp-json\/wp\/v2\/media?parent=9847"}],"wp:term":[{"taxonomy":"product_brand","embeddable":true,"href":"https:\/\/jinhuaceramic.com\/es\/wp-json\/wp\/v2\/product_brand?post=9847"},{"taxonomy":"product_cat","embeddable":true,"href":"https:\/\/jinhuaceramic.com\/es\/wp-json\/wp\/v2\/product_cat?post=9847"},{"taxonomy":"product_tag","embeddable":true,"href":"https:\/\/jinhuaceramic.com\/es\/wp-json\/wp\/v2\/product_tag?post=9847"}],"curies":[{"name":"wp","href":"https:\/\/api.w.org\/{rel}","templated":true}]}}