{"id":9876,"date":"2025-07-31T03:28:36","date_gmt":"2025-07-31T03:28:36","guid":{"rendered":"https:\/\/jinhuaceramic.com\/?post_type=product&#038;p=9876"},"modified":"2025-11-12T01:59:04","modified_gmt":"2025-11-12T01:59:04","slug":"ceramic-candle-vessel-wholesale","status":"publish","type":"product","link":"https:\/\/jinhuaceramic.com\/es\/product\/ceramic-candle-vessel-wholesale\/","title":{"rendered":"Recipiente de cer\u00e1mica para velas al por mayor, Tarros de cer\u00e1mica para velas personalizados"},"content":{"rendered":"<div class=\"wp-block-columns is-layout-flex wp-container-core-columns-is-layout-9d6595d7 wp-block-columns-is-layout-flex\">\n<div class=\"wp-block-column is-layout-flow wp-block-column-is-layout-flow\">\n<h3 class=\"wp-block-heading\">Vaso de cer\u00e1mica de primera calidad para velas al por mayor Caracter\u00edsticas:<\/h3>\n\n\n\n<ul class=\"wp-block-list\">\n<li><strong>Dise\u00f1o distintivo:<\/strong> El recipiente cer\u00e1mico para velas al por mayor tiene un dise\u00f1o cl\u00e1sico en forma de taza que crea una est\u00e9tica acogedora cuando se enciende. Tanto el blanco neutro como las fuentes rojas saturadas crean muchas opciones de decoraci\u00f3n para el hogar que se pueden combinar.<\/li>\n\n\n\n<li><strong>Mensaje inspirador:<\/strong> El recipiente cer\u00e1mico para velas al por mayor lleva impreso el mensaje \u201cbe the light this season\u201d (s\u00e9 la luz esta temporada), que evoca un sentimiento edificante. Esto no solo a\u00f1ade car\u00e1cter y un elemento emocional a la pieza cer\u00e1mica que no se obtiene con un recipiente para velas, sino que tambi\u00e9n sirve como un regalo considerado o un art\u00edculo personal que tambi\u00e9n anima.<\/li>\n\n\n\n<li><strong>Material de calidad: <\/strong>Los recipientes para velas personalizados est\u00e1n fabricados en cer\u00e1mica de alta calidad y sometidos a altas temperaturas de cocci\u00f3n. Esto ha dado lugar a una cer\u00e1mica con una dureza espec\u00edfica y una buena resistencia a las altas temperaturas, por lo que puede encender una vela sin preocuparse por deformaciones o grietas.<\/li>\n\n\n\n<li><strong>Reutilizable:<\/strong> Estos vasos de cer\u00e1mica personalizados para velas son reutilizables y responden al concepto de protecci\u00f3n del medio ambiente. Cuando las velas se consumen, estos vasos de cer\u00e1mica pueden limpiarse y reutilizarse como vasos ordinarios para beber, o como portabol\u00edgrafos y tarros de almacenaje para guardar peque\u00f1os objetos como llaves y monedas.<\/li>\n<\/ul>\n<\/div>\n\n\n\n<div class=\"wp-block-column is-layout-flow wp-block-column-is-layout-flow\">\n<figure class=\"wp-block-image size-full\"><img fetchpriority=\"high\" decoding=\"async\" width=\"1024\" height=\"1024\" src=\"https:\/\/jinhuaceramic.com\/wp-content\/uploads\/2025\/07\/Wholesale-Empty-Candle-Vessel-With-Mug-Shape-Custom-Ceramic-Candle-Jars-4.webp\" alt=\"jarr\u00f3n-vela-de-cer\u00e1mica-con-forma-de-taza-al-mayor-tarros-de-vela-de-cer\u00e1mica-a-la-medida-4\" class=\"wp-image-9879\" srcset=\"https:\/\/jinhuaceramic.com\/wp-content\/uploads\/2025\/07\/Wholesale-Empty-Candle-Vessel-With-Mug-Shape-Custom-Ceramic-Candle-Jars-4.webp 1024w, https:\/\/jinhuaceramic.com\/wp-content\/uploads\/2025\/07\/Wholesale-Empty-Candle-Vessel-With-Mug-Shape-Custom-Ceramic-Candle-Jars-4-300x300.webp 300w, https:\/\/jinhuaceramic.com\/wp-content\/uploads\/2025\/07\/Wholesale-Empty-Candle-Vessel-With-Mug-Shape-Custom-Ceramic-Candle-Jars-4-150x150.webp 150w, https:\/\/jinhuaceramic.com\/wp-content\/uploads\/2025\/07\/Wholesale-Empty-Candle-Vessel-With-Mug-Shape-Custom-Ceramic-Candle-Jars-4-768x768.webp 768w, https:\/\/jinhuaceramic.com\/wp-content\/uploads\/2025\/07\/Wholesale-Empty-Candle-Vessel-With-Mug-Shape-Custom-Ceramic-Candle-Jars-4-12x12.webp 12w, https:\/\/jinhuaceramic.com\/wp-content\/uploads\/2025\/07\/Wholesale-Empty-Candle-Vessel-With-Mug-Shape-Custom-Ceramic-Candle-Jars-4-285x285.webp 285w, https:\/\/jinhuaceramic.com\/wp-content\/uploads\/2025\/07\/Wholesale-Empty-Candle-Vessel-With-Mug-Shape-Custom-Ceramic-Candle-Jars-4-270x270.webp 270w, https:\/\/jinhuaceramic.com\/wp-content\/uploads\/2025\/07\/Wholesale-Empty-Candle-Vessel-With-Mug-Shape-Custom-Ceramic-Candle-Jars-4-540x540.webp 540w, https:\/\/jinhuaceramic.com\/wp-content\/uploads\/2025\/07\/Wholesale-Empty-Candle-Vessel-With-Mug-Shape-Custom-Ceramic-Candle-Jars-4-660x660.webp 660w\" sizes=\"(max-width: 1024px) 100vw, 1024px\" \/><\/figure>\n<\/div>\n<\/div>","protected":false},"excerpt":{"rendered":"<p>Bienvenido a comprar nuestro recipiente de cer\u00e1mica para velas al por mayor. Estos recipientes para velas son populares en el mercado por su dise\u00f1o \u00fanico de taza, mensaje c\u00e1lido, material seguro y duradero y caracter\u00edsticas reutilizables. Estos recipientes para velas no s\u00f3lo pueden utilizarse como contenedores de velas para crear romanticismo, sino tambi\u00e9n como adornos decorativos \u00fanicos, adecuados para una gran variedad de escenas, satisfaciendo las necesidades de belleza y sustento emocional de la gente, pr\u00e1cticos y con estilo.<\/p>","protected":false},"featured_media":9879,"comment_status":"closed","ping_status":"closed","template":"","meta":{"_acf_changed":false},"product_brand":[],"product_cat":[52],"product_tag":[66],"class_list":{"0":"post-9876","1":"product","2":"type-product","3":"status-publish","4":"has-post-thumbnail","6":"product_cat-wholesale-candle-containers","7":"product_tag-candle-jars-wholesale","9":"first","10":"instock","11":"shipping-taxable","12":"product-type-simple"},"acf":[],"_links":{"self":[{"href":"https:\/\/jinhuaceramic.com\/es\/wp-json\/wp\/v2\/product\/9876","targetHints":{"allow":["GET"]}}],"collection":[{"href":"https:\/\/jinhuaceramic.com\/es\/wp-json\/wp\/v2\/product"}],"about":[{"href":"https:\/\/jinhuaceramic.com\/es\/wp-json\/wp\/v2\/types\/product"}],"replies":[{"embeddable":true,"href":"https:\/\/jinhuaceramic.com\/es\/wp-json\/wp\/v2\/comments?post=9876"}],"version-history":[{"count":0,"href":"https:\/\/jinhuaceramic.com\/es\/wp-json\/wp\/v2\/product\/9876\/revisions"}],"wp:featuredmedia":[{"embeddable":true,"href":"https:\/\/jinhuaceramic.com\/es\/wp-json\/wp\/v2\/media\/9879"}],"wp:attachment":[{"href":"https:\/\/jinhuaceramic.com\/es\/wp-json\/wp\/v2\/media?parent=9876"}],"wp:term":[{"taxonomy":"product_brand","embeddable":true,"href":"https:\/\/jinhuaceramic.com\/es\/wp-json\/wp\/v2\/product_brand?post=9876"},{"taxonomy":"product_cat","embeddable":true,"href":"https:\/\/jinhuaceramic.com\/es\/wp-json\/wp\/v2\/product_cat?post=9876"},{"taxonomy":"product_tag","embeddable":true,"href":"https:\/\/jinhuaceramic.com\/es\/wp-json\/wp\/v2\/product_tag?post=9876"}],"curies":[{"name":"wp","href":"https:\/\/api.w.org\/{rel}","templated":true}]}}