{"id":9886,"date":"2025-07-31T02:51:49","date_gmt":"2025-07-31T02:51:49","guid":{"rendered":"https:\/\/jinhuaceramic.com\/?post_type=product&#038;p=9886"},"modified":"2025-11-12T03:48:03","modified_gmt":"2025-11-12T03:48:03","slug":"ceramic-palo-santo-holder-wholesale","status":"publish","type":"product","link":"https:\/\/jinhuaceramic.com\/es\/product\/ceramic-palo-santo-holder-wholesale\/","title":{"rendered":"Porta Palo Santo de Cer\u00e1mica al por mayor, Quemador de Incienso Personalizado"},"content":{"rendered":"<div class=\"wp-block-columns is-layout-flex wp-container-core-columns-is-layout-9d6595d7 wp-block-columns-is-layout-flex\">\n<div class=\"wp-block-column is-layout-flow wp-block-column-is-layout-flow\">\n<h3 class=\"wp-block-heading\">Porta Palo Santo de Cer\u00e1mica Premium Mayorista Caracter\u00edsticas:<\/h3>\n\n\n\n<ul class=\"wp-block-list\">\n<li><strong>Dise\u00f1o elegante:<\/strong> Estos portapalos de cer\u00e1mica al por mayor son vers\u00e1tiles en color blanco roto con tapa negra, una combinaci\u00f3n de colores cl\u00e1sica y elegante. La parte de color hueso tiene peque\u00f1as manchas irregulares, lo que a\u00f1ade un toque de rusticidad y estratificaci\u00f3n al producto.<\/li>\n\n\n\n<li><strong>Material duradero: <\/strong>Estos incensarios personalizados est\u00e1n fabricados con materiales cer\u00e1micos de alta calidad cocidos a altas temperaturas. Son robustos, duraderos y resistentes al calor, y pueden contener con seguridad Palo Santo ardiendo, salvia, etc.<\/li>\n\n\n\n<li><strong>Detalles pr\u00e1cticos: <\/strong>Estos palo santos de cer\u00e1mica al por mayor tienen una estrecha abertura en la parte superior, dise\u00f1ada para dirigir el humo hacia arriba, emitiendo un aroma relajante que ayuda a la relajaci\u00f3n y la meditaci\u00f3n. Tres peque\u00f1os pies en la parte inferior mejoran la estabilidad, haciendo que sea menos probable que se vuelque, mientras que tambi\u00e9n elevan el cuerpo principal para evitar que el calor se transfiera directamente a la superficie de la mesa de abajo.<\/li>\n\n\n\n<li><strong>F\u00e1cil de limpiar: <\/strong>Estos quemadores de salvia de cer\u00e1mica tienen un dise\u00f1o interior sencillo y la tapa superior se puede quitar f\u00e1cilmente para limpiar las cenizas. El material cer\u00e1mico es liso, por lo que es f\u00e1cil de limpiar y mantener.<\/li>\n<\/ul>\n<\/div>\n\n\n\n<div class=\"wp-block-column is-layout-flow wp-block-column-is-layout-flow\">\n<figure class=\"wp-block-image size-full\"><img fetchpriority=\"high\" decoding=\"async\" width=\"1500\" height=\"1500\" src=\"https:\/\/jinhuaceramic.com\/wp-content\/uploads\/2025\/07\/Wholesale-Palo-Santo-Holder-With-Removable-Lid-Ceramic-Smudge-Sage-Burner-2.webp\" alt=\"porta-santo-palo-de-ceramica-con-tapa-desmontable-quemador-de-incendios-personalizado-2\" class=\"wp-image-9887\" srcset=\"https:\/\/jinhuaceramic.com\/wp-content\/uploads\/2025\/07\/Wholesale-Palo-Santo-Holder-With-Removable-Lid-Ceramic-Smudge-Sage-Burner-2.webp 1500w, https:\/\/jinhuaceramic.com\/wp-content\/uploads\/2025\/07\/Wholesale-Palo-Santo-Holder-With-Removable-Lid-Ceramic-Smudge-Sage-Burner-2-300x300.webp 300w, https:\/\/jinhuaceramic.com\/wp-content\/uploads\/2025\/07\/Wholesale-Palo-Santo-Holder-With-Removable-Lid-Ceramic-Smudge-Sage-Burner-2-150x150.webp 150w, https:\/\/jinhuaceramic.com\/wp-content\/uploads\/2025\/07\/Wholesale-Palo-Santo-Holder-With-Removable-Lid-Ceramic-Smudge-Sage-Burner-2-768x768.webp 768w, https:\/\/jinhuaceramic.com\/wp-content\/uploads\/2025\/07\/Wholesale-Palo-Santo-Holder-With-Removable-Lid-Ceramic-Smudge-Sage-Burner-2-12x12.webp 12w, https:\/\/jinhuaceramic.com\/wp-content\/uploads\/2025\/07\/Wholesale-Palo-Santo-Holder-With-Removable-Lid-Ceramic-Smudge-Sage-Burner-2-285x285.webp 285w, https:\/\/jinhuaceramic.com\/wp-content\/uploads\/2025\/07\/Wholesale-Palo-Santo-Holder-With-Removable-Lid-Ceramic-Smudge-Sage-Burner-2-270x270.webp 270w, https:\/\/jinhuaceramic.com\/wp-content\/uploads\/2025\/07\/Wholesale-Palo-Santo-Holder-With-Removable-Lid-Ceramic-Smudge-Sage-Burner-2-540x540.webp 540w, https:\/\/jinhuaceramic.com\/wp-content\/uploads\/2025\/07\/Wholesale-Palo-Santo-Holder-With-Removable-Lid-Ceramic-Smudge-Sage-Burner-2-660x660.webp 660w\" sizes=\"(max-width: 1500px) 100vw, 1500px\" \/><\/figure>\n<\/div>\n<\/div>","protected":false},"excerpt":{"rendered":"<div class=\"highlights-border-container\" data-v-df95d256=\"\"><span class=\"highlights\" data-v-df95d256=\"\">Bienvenido a comprar nuestro quemador de incienso personalizado. Estos porta Palo Santo de cer\u00e1mica al por mayor son populares entre los consumidores por su aspecto \u00fanico y elegante, material duradero y resistente al calor, detalles pr\u00e1cticos y f\u00e1cil limpieza. Combinando practicidad y belleza, estos porta Palo Santo pueden quemar Palo Santo, salvia, etc., lo cual es muy adecuado para aromaterapia y tambi\u00e9n puede a\u00f1adir un sentido de estilo a la decoraci\u00f3n del hogar.<\/span><\/div>\n<div class=\"text-stats\" data-v-df95d256=\"\">\u00a0<\/div>\n<p><script src=\"chrome-extension:\/\/fpelahbljekknahkcaegamhcndkfpfnc\/iFrame.js\" type=\"text\/javascript\"><\/script><\/p>","protected":false},"featured_media":9889,"comment_status":"closed","ping_status":"closed","template":"","meta":{"_acf_changed":false},"product_brand":[],"product_cat":[52],"product_tag":[67,66],"class_list":{"0":"post-9886","1":"product","2":"type-product","3":"status-publish","4":"has-post-thumbnail","6":"product_cat-wholesale-candle-containers","7":"product_tag-bulk-candle-jars-with-lids","8":"product_tag-candle-jars-wholesale","10":"first","11":"instock","12":"shipping-taxable","13":"product-type-simple"},"acf":[],"_links":{"self":[{"href":"https:\/\/jinhuaceramic.com\/es\/wp-json\/wp\/v2\/product\/9886","targetHints":{"allow":["GET"]}}],"collection":[{"href":"https:\/\/jinhuaceramic.com\/es\/wp-json\/wp\/v2\/product"}],"about":[{"href":"https:\/\/jinhuaceramic.com\/es\/wp-json\/wp\/v2\/types\/product"}],"replies":[{"embeddable":true,"href":"https:\/\/jinhuaceramic.com\/es\/wp-json\/wp\/v2\/comments?post=9886"}],"version-history":[{"count":0,"href":"https:\/\/jinhuaceramic.com\/es\/wp-json\/wp\/v2\/product\/9886\/revisions"}],"wp:featuredmedia":[{"embeddable":true,"href":"https:\/\/jinhuaceramic.com\/es\/wp-json\/wp\/v2\/media\/9889"}],"wp:attachment":[{"href":"https:\/\/jinhuaceramic.com\/es\/wp-json\/wp\/v2\/media?parent=9886"}],"wp:term":[{"taxonomy":"product_brand","embeddable":true,"href":"https:\/\/jinhuaceramic.com\/es\/wp-json\/wp\/v2\/product_brand?post=9886"},{"taxonomy":"product_cat","embeddable":true,"href":"https:\/\/jinhuaceramic.com\/es\/wp-json\/wp\/v2\/product_cat?post=9886"},{"taxonomy":"product_tag","embeddable":true,"href":"https:\/\/jinhuaceramic.com\/es\/wp-json\/wp\/v2\/product_tag?post=9886"}],"curies":[{"name":"wp","href":"https:\/\/api.w.org\/{rel}","templated":true}]}}