{"id":9895,"date":"2025-07-31T02:24:09","date_gmt":"2025-07-31T02:24:09","guid":{"rendered":"https:\/\/jinhuaceramic.com\/?post_type=product&#038;p=9895"},"modified":"2025-11-12T03:48:47","modified_gmt":"2025-11-12T03:48:47","slug":"custom-ceramic-baking-dish","status":"publish","type":"product","link":"https:\/\/jinhuaceramic.com\/es\/product\/custom-ceramic-baking-dish\/","title":{"rendered":"Fuente para hornear de cer\u00e1mica personalizada a granel con patr\u00f3n en relieve"},"content":{"rendered":"<div class=\"wp-block-columns is-layout-flex wp-container-core-columns-is-layout-9d6595d7 wp-block-columns-is-layout-flex\">\n<div class=\"wp-block-column is-layout-flow wp-block-column-is-layout-flow\">\n<h3 class=\"wp-block-heading\">Plato de cer\u00e1mica para hornear Premium Custom Caracter\u00edsticas:<\/h3>\n\n\n\n<ul class=\"wp-block-list\">\n<li><strong>Colores elegantes: <\/strong>El color principal del cuerpo de la fuente de cer\u00e1mica personalizada para hornear es crema p\u00e1lido, lo que le da un aspecto c\u00e1lido y acogedor. Los bordes y las asas de color marr\u00f3n oscuro contrastan con el color crema y le dan un aspecto vintage y elegante.<\/li>\n\n\n\n<li><strong>Dise\u00f1os en relieve:<\/strong> Estos utensilios de reposter\u00eda al por mayor presentan bonitos motivos florales en relieve en las caras exteriores, lo que les confiere una profundidad y tridimensionalidad t\u00e1ctiles adem\u00e1s de visuales, haci\u00e9ndolos parecer m\u00e1s objetos decorativos que utensilios de cocina corrientes.<\/li>\n\n\n\n<li><strong>Material de alta calidad: <\/strong>Para fabricar estos platos de cer\u00e1mica a medida se utiliza material cer\u00e1mico de primera calidad cocido a altas temperaturas. Por tanto, son resistentes al calor y se pueden hornear con seguridad, y pueden soportar altas temperaturas sin doblarse ni agrietarse.<\/li>\n\n\n\n<li><strong>Muy pr\u00e1ctico: <\/strong>Est\u00e1n dise\u00f1adas con una forma rectangular cl\u00e1sica, perfecta para hornear lasa\u00f1a, asados o brownies. Disponen de asas laterales para coger y trasladar c\u00f3modamente los moldes. Los moldes de cer\u00e1mica al por mayor son f\u00e1ciles de limpiar y tienen una superficie lisa.<\/li>\n<\/ul>\n<\/div>\n\n\n\n<div class=\"wp-block-column is-layout-flow wp-block-column-is-layout-flow\">\n<figure class=\"wp-block-image size-full\"><img fetchpriority=\"high\" decoding=\"async\" width=\"1600\" height=\"1600\" src=\"https:\/\/jinhuaceramic.com\/wp-content\/uploads\/2025\/07\/Custom-Baking-Dish-with-Embossed-Pattern-Wholesale-Ceramic-Bakeware-4.webp\" alt=\"fuente de cer\u00e1mica para hornear con estampado en relieve al por mayor - vajilla de cer\u00e1mica para hornear al por mayor-4\" class=\"wp-image-9898\" srcset=\"https:\/\/jinhuaceramic.com\/wp-content\/uploads\/2025\/07\/Custom-Baking-Dish-with-Embossed-Pattern-Wholesale-Ceramic-Bakeware-4.webp 1600w, https:\/\/jinhuaceramic.com\/wp-content\/uploads\/2025\/07\/Custom-Baking-Dish-with-Embossed-Pattern-Wholesale-Ceramic-Bakeware-4-300x300.webp 300w, https:\/\/jinhuaceramic.com\/wp-content\/uploads\/2025\/07\/Custom-Baking-Dish-with-Embossed-Pattern-Wholesale-Ceramic-Bakeware-4-150x150.webp 150w, https:\/\/jinhuaceramic.com\/wp-content\/uploads\/2025\/07\/Custom-Baking-Dish-with-Embossed-Pattern-Wholesale-Ceramic-Bakeware-4-768x768.webp 768w, https:\/\/jinhuaceramic.com\/wp-content\/uploads\/2025\/07\/Custom-Baking-Dish-with-Embossed-Pattern-Wholesale-Ceramic-Bakeware-4-12x12.webp 12w, https:\/\/jinhuaceramic.com\/wp-content\/uploads\/2025\/07\/Custom-Baking-Dish-with-Embossed-Pattern-Wholesale-Ceramic-Bakeware-4-285x285.webp 285w, https:\/\/jinhuaceramic.com\/wp-content\/uploads\/2025\/07\/Custom-Baking-Dish-with-Embossed-Pattern-Wholesale-Ceramic-Bakeware-4-270x270.webp 270w, https:\/\/jinhuaceramic.com\/wp-content\/uploads\/2025\/07\/Custom-Baking-Dish-with-Embossed-Pattern-Wholesale-Ceramic-Bakeware-4-540x540.webp 540w, https:\/\/jinhuaceramic.com\/wp-content\/uploads\/2025\/07\/Custom-Baking-Dish-with-Embossed-Pattern-Wholesale-Ceramic-Bakeware-4-660x660.webp 660w\" sizes=\"(max-width: 1600px) 100vw, 1600px\" \/><\/figure>\n<\/div>\n<\/div>","protected":false},"excerpt":{"rendered":"<p>Bienvenido a comprar nuestra bandeja de cer\u00e1mica para hornear personalizada. Las fuentes rectangulares con asas son de material cer\u00e1mico de buena calidad con un buen efecto de horneado, lo que las convierte en un utensilio imprescindible en la cocina. Al mismo tiempo, los platos para hornear tambi\u00e9n tienen una armoniosa combinaci\u00f3n de colores y un delicado patr\u00f3n en relieve, por lo que se pueden poner directamente en la mesa, haciendo la cena m\u00e1s interesante.<\/p>\n<p><script src=\"chrome-extension:\/\/fpelahbljekknahkcaegamhcndkfpfnc\/iFrame.js\" type=\"text\/javascript\"><\/script><\/p>","protected":false},"featured_media":9899,"comment_status":"closed","ping_status":"closed","template":"","meta":{"_acf_changed":false},"product_brand":[],"product_cat":[53],"product_tag":[71],"class_list":{"0":"post-9895","1":"product","2":"type-product","3":"status-publish","4":"has-post-thumbnail","6":"product_cat-bakeware-in-bulk","7":"product_tag-wholesale-baking-pans","9":"first","10":"instock","11":"shipping-taxable","12":"product-type-simple"},"acf":[],"_links":{"self":[{"href":"https:\/\/jinhuaceramic.com\/es\/wp-json\/wp\/v2\/product\/9895","targetHints":{"allow":["GET"]}}],"collection":[{"href":"https:\/\/jinhuaceramic.com\/es\/wp-json\/wp\/v2\/product"}],"about":[{"href":"https:\/\/jinhuaceramic.com\/es\/wp-json\/wp\/v2\/types\/product"}],"replies":[{"embeddable":true,"href":"https:\/\/jinhuaceramic.com\/es\/wp-json\/wp\/v2\/comments?post=9895"}],"version-history":[{"count":0,"href":"https:\/\/jinhuaceramic.com\/es\/wp-json\/wp\/v2\/product\/9895\/revisions"}],"wp:featuredmedia":[{"embeddable":true,"href":"https:\/\/jinhuaceramic.com\/es\/wp-json\/wp\/v2\/media\/9899"}],"wp:attachment":[{"href":"https:\/\/jinhuaceramic.com\/es\/wp-json\/wp\/v2\/media?parent=9895"}],"wp:term":[{"taxonomy":"product_brand","embeddable":true,"href":"https:\/\/jinhuaceramic.com\/es\/wp-json\/wp\/v2\/product_brand?post=9895"},{"taxonomy":"product_cat","embeddable":true,"href":"https:\/\/jinhuaceramic.com\/es\/wp-json\/wp\/v2\/product_cat?post=9895"},{"taxonomy":"product_tag","embeddable":true,"href":"https:\/\/jinhuaceramic.com\/es\/wp-json\/wp\/v2\/product_tag?post=9895"}],"curies":[{"name":"wp","href":"https:\/\/api.w.org\/{rel}","templated":true}]}}