{"id":9907,"date":"2025-07-31T01:39:50","date_gmt":"2025-07-31T01:39:50","guid":{"rendered":"https:\/\/jinhuaceramic.com\/?post_type=product&#038;p=9907"},"modified":"2025-11-12T03:49:14","modified_gmt":"2025-11-12T03:49:14","slug":"custom-candle-vessels","status":"publish","type":"product","link":"https:\/\/jinhuaceramic.com\/es\/product\/custom-candle-vessels\/","title":{"rendered":"Portavelas personalizados minimalistas, Tarros de cer\u00e1mica para velas a granel"},"content":{"rendered":"<div class=\"wp-block-columns is-layout-flex wp-container-core-columns-is-layout-9d6595d7 wp-block-columns-is-layout-flex\">\n<div class=\"wp-block-column is-layout-flow wp-block-column-is-layout-flow\">\n<h3 class=\"wp-block-heading\">Premium Minimalista Candelabros Personalizados Caracter\u00edsticas:<\/h3>\n\n\n\n<ul class=\"wp-block-list\">\n<li><strong>Estilo minimalista:<\/strong> Estos tarros para velas al por mayor tienen un estilo minimalista sin adornos adicionales, por lo que combinar\u00e1n con cualquier decoraci\u00f3n. Est\u00e1n disponibles en dos colores mates: blanco puro y marr\u00f3n rojizo terroso, que dan un aspecto m\u00e1s sutil y lujoso que los acabados brillantes.<\/li>\n\n\n\n<li><strong>Detalles geom\u00e9tricos: <\/strong>Estos recipientes para velas personalizados presentan un rebaje rectangular lateral que interrumpe la monoton\u00eda del tarro y le confiere un toque contempor\u00e1neo y moderno. La zona rebajada tambi\u00e9n puede utilizarse para colocar una etiqueta personalizada, lo que a\u00f1ade otro nivel de personalizaci\u00f3n al producto.<\/li>\n\n\n\n<li><strong>Material cer\u00e1mico duradero:<\/strong> Estos recipientes para velas personalizados est\u00e1n fabricados con material cer\u00e1mico resistente a altas temperaturas que es fuerte y duradero, no se raya ni se rompe con facilidad y tiene una larga vida \u00fatil.<\/li>\n\n\n\n<li><strong>Reutilizable:<\/strong> Adem\u00e1s de como recipientes para velas, estos tarros de cer\u00e1mica al por mayor para velas pueden lavarse una vez que la vela se consuma y reutilizarse como soporte para bol\u00edgrafos, para brochas de maquillaje, para cepillos de dientes o como peque\u00f1o macetero.<\/li>\n<\/ul>\n<\/div>\n\n\n\n<div class=\"wp-block-column is-layout-flow wp-block-column-is-layout-flow\">\n<figure class=\"wp-block-image size-full\"><img fetchpriority=\"high\" decoding=\"async\" width=\"798\" height=\"798\" src=\"https:\/\/jinhuaceramic.com\/wp-content\/uploads\/2025\/07\/Minimalist-Custom-Candle-Making-Containers-Wholesale-Candle-Jars-Empty-Bulk-4.webp\" alt=\"minimalist-custom-candle-vessels-wholesale-ceramic-candle-jars-empty-bulk-4\" class=\"wp-image-9910\" srcset=\"https:\/\/jinhuaceramic.com\/wp-content\/uploads\/2025\/07\/Minimalist-Custom-Candle-Making-Containers-Wholesale-Candle-Jars-Empty-Bulk-4.webp 798w, https:\/\/jinhuaceramic.com\/wp-content\/uploads\/2025\/07\/Minimalist-Custom-Candle-Making-Containers-Wholesale-Candle-Jars-Empty-Bulk-4-300x300.webp 300w, https:\/\/jinhuaceramic.com\/wp-content\/uploads\/2025\/07\/Minimalist-Custom-Candle-Making-Containers-Wholesale-Candle-Jars-Empty-Bulk-4-150x150.webp 150w, https:\/\/jinhuaceramic.com\/wp-content\/uploads\/2025\/07\/Minimalist-Custom-Candle-Making-Containers-Wholesale-Candle-Jars-Empty-Bulk-4-768x768.webp 768w, https:\/\/jinhuaceramic.com\/wp-content\/uploads\/2025\/07\/Minimalist-Custom-Candle-Making-Containers-Wholesale-Candle-Jars-Empty-Bulk-4-12x12.webp 12w, https:\/\/jinhuaceramic.com\/wp-content\/uploads\/2025\/07\/Minimalist-Custom-Candle-Making-Containers-Wholesale-Candle-Jars-Empty-Bulk-4-285x285.webp 285w, https:\/\/jinhuaceramic.com\/wp-content\/uploads\/2025\/07\/Minimalist-Custom-Candle-Making-Containers-Wholesale-Candle-Jars-Empty-Bulk-4-270x270.webp 270w, https:\/\/jinhuaceramic.com\/wp-content\/uploads\/2025\/07\/Minimalist-Custom-Candle-Making-Containers-Wholesale-Candle-Jars-Empty-Bulk-4-540x540.webp 540w, https:\/\/jinhuaceramic.com\/wp-content\/uploads\/2025\/07\/Minimalist-Custom-Candle-Making-Containers-Wholesale-Candle-Jars-Empty-Bulk-4-660x660.webp 660w\" sizes=\"(max-width: 798px) 100vw, 798px\" \/><\/figure>\n<\/div>\n<\/div>","protected":false},"excerpt":{"rendered":"<p>Bienvenido a comprar nuestros recipientes para velas personalizados. Los tarros de cer\u00e1mica para velas, resistentes al calor, s\u00f3lidos y reutilizables, son un recipiente perfecto para velas. La forma sencilla unida al ornamento geom\u00e9trico da a la habitaci\u00f3n un toque de elegancia y arte, haciendo que el interior sea c\u00e1lido y acogedor.<\/p>\n<p><script src=\"chrome-extension:\/\/fpelahbljekknahkcaegamhcndkfpfnc\/iFrame.js\" type=\"text\/javascript\"><\/script><\/p>\n<p><script src=\"chrome-extension:\/\/fpelahbljekknahkcaegamhcndkfpfnc\/iFrame.js\" type=\"text\/javascript\"><\/script><\/p>","protected":false},"featured_media":9915,"comment_status":"closed","ping_status":"closed","template":"","meta":{"_acf_changed":false},"product_brand":[],"product_cat":[52],"product_tag":[68],"class_list":{"0":"post-9907","1":"product","2":"type-product","3":"status-publish","4":"has-post-thumbnail","6":"product_cat-wholesale-candle-containers","7":"product_tag-ceramic-candlesticks-bulk","9":"first","10":"instock","11":"shipping-taxable","12":"product-type-simple"},"acf":[],"_links":{"self":[{"href":"https:\/\/jinhuaceramic.com\/es\/wp-json\/wp\/v2\/product\/9907","targetHints":{"allow":["GET"]}}],"collection":[{"href":"https:\/\/jinhuaceramic.com\/es\/wp-json\/wp\/v2\/product"}],"about":[{"href":"https:\/\/jinhuaceramic.com\/es\/wp-json\/wp\/v2\/types\/product"}],"replies":[{"embeddable":true,"href":"https:\/\/jinhuaceramic.com\/es\/wp-json\/wp\/v2\/comments?post=9907"}],"version-history":[{"count":0,"href":"https:\/\/jinhuaceramic.com\/es\/wp-json\/wp\/v2\/product\/9907\/revisions"}],"wp:featuredmedia":[{"embeddable":true,"href":"https:\/\/jinhuaceramic.com\/es\/wp-json\/wp\/v2\/media\/9915"}],"wp:attachment":[{"href":"https:\/\/jinhuaceramic.com\/es\/wp-json\/wp\/v2\/media?parent=9907"}],"wp:term":[{"taxonomy":"product_brand","embeddable":true,"href":"https:\/\/jinhuaceramic.com\/es\/wp-json\/wp\/v2\/product_brand?post=9907"},{"taxonomy":"product_cat","embeddable":true,"href":"https:\/\/jinhuaceramic.com\/es\/wp-json\/wp\/v2\/product_cat?post=9907"},{"taxonomy":"product_tag","embeddable":true,"href":"https:\/\/jinhuaceramic.com\/es\/wp-json\/wp\/v2\/product_tag?post=9907"}],"curies":[{"name":"wp","href":"https:\/\/api.w.org\/{rel}","templated":true}]}}