{"id":9944,"date":"2025-08-07T01:39:39","date_gmt":"2025-08-07T01:39:39","guid":{"rendered":"https:\/\/jinhuaceramic.com\/?post_type=product&#038;p=9944"},"modified":"2025-11-12T01:48:46","modified_gmt":"2025-11-12T01:48:46","slug":"candle-holder-bulk","status":"publish","type":"product","link":"https:\/\/jinhuaceramic.com\/es\/product\/candle-holder-bulk\/","title":{"rendered":"Portavelas \u00danico a Granel, Suministro de Vasos de Cer\u00e1mica para Velas"},"content":{"rendered":"<div class=\"wp-block-columns is-layout-flex wp-container-core-columns-is-layout-9d6595d7 wp-block-columns-is-layout-flex\">\n<div class=\"wp-block-column is-layout-flow wp-block-column-is-layout-flow\">\n<h3 class=\"wp-block-heading\">Premium Unique Candle Holder Bulk Caracter\u00edsticas:<\/h3>\n\n\n\n<ul class=\"wp-block-list\">\n<li><strong>Dise\u00f1o \u00fanico:<\/strong> Estos portavelas de t\u00e9 a granel no tienen formas geom\u00e9tricas regulares, sino que presentan curvas suaves, similares a las de los guijarros cortados, con gr\u00e1ciles arcos, que confieren a las personas una belleza natural y suave. Cada portavelas tiene una textura de ranura en espiral en un lado, que a\u00f1ade una capa visual y t\u00e1ctil, d\u00e1ndole un aspecto m\u00e1s refinado.<\/li>\n\n\n\n<li><strong>M\u00faltiples colores: <\/strong>El portavelas de t\u00e9 a granel est\u00e1 disponible en varios tonos suaves: marr\u00f3n, verde menta, blanco roto y amarillo mostaza. Se trata de colores neutros y apagados que complementan diferentes estilos de decoraci\u00f3n.<\/li>\n\n\n\n<li><strong>Material de alta calidad: <\/strong>Estos recipientes a medida para velas est\u00e1n hechos de material cer\u00e1mico de alta calidad y cocidos a alta temperatura, por lo que tienen cierta dureza y resistencia al calor. Pueden resistir el calor de las velas de t\u00e9 encendidas y no se deforman ni agrietan f\u00e1cilmente.<\/li>\n\n\n\n<li><strong>Cree un ambiente confortable: <\/strong>Estos portavelas de cer\u00e1mica al por mayor est\u00e1n muy bien dise\u00f1ados. Una vez que se coloca una vela de t\u00e9 en el interior, el portavelas dispensar\u00e1 una suave luz de vela a trav\u00e9s de un orificio en el portavelas y dispersar\u00e1 el aroma de la aromaterapia a trav\u00e9s del portavelas y en el ambiente, estableciendo un ambiente acogedor, relajante y c\u00e1lido.<\/li>\n<\/ul>\n<\/div>\n\n\n\n<div class=\"wp-block-column is-layout-flow wp-block-column-is-layout-flow\">\n<figure class=\"wp-block-image size-full\"><img fetchpriority=\"high\" decoding=\"async\" width=\"1200\" height=\"1200\" src=\"https:\/\/jinhuaceramic.com\/wp-content\/uploads\/2025\/07\/Unique-Tea-Light-Candle-Holders-Bulk-Small-Wedding-Candle-Holders-Wholesale.webp\" alt=\"portavelas-vela-de-te-\u00fanico-a-bultos-peque\u00f1os-portavelas-de-boda-mayorista-1\" class=\"wp-image-9950\" srcset=\"https:\/\/jinhuaceramic.com\/wp-content\/uploads\/2025\/07\/Unique-Tea-Light-Candle-Holders-Bulk-Small-Wedding-Candle-Holders-Wholesale.webp 1200w, https:\/\/jinhuaceramic.com\/wp-content\/uploads\/2025\/07\/Unique-Tea-Light-Candle-Holders-Bulk-Small-Wedding-Candle-Holders-Wholesale-300x300.webp 300w, https:\/\/jinhuaceramic.com\/wp-content\/uploads\/2025\/07\/Unique-Tea-Light-Candle-Holders-Bulk-Small-Wedding-Candle-Holders-Wholesale-150x150.webp 150w, https:\/\/jinhuaceramic.com\/wp-content\/uploads\/2025\/07\/Unique-Tea-Light-Candle-Holders-Bulk-Small-Wedding-Candle-Holders-Wholesale-768x768.webp 768w, https:\/\/jinhuaceramic.com\/wp-content\/uploads\/2025\/07\/Unique-Tea-Light-Candle-Holders-Bulk-Small-Wedding-Candle-Holders-Wholesale-12x12.webp 12w, https:\/\/jinhuaceramic.com\/wp-content\/uploads\/2025\/07\/Unique-Tea-Light-Candle-Holders-Bulk-Small-Wedding-Candle-Holders-Wholesale-285x285.webp 285w, https:\/\/jinhuaceramic.com\/wp-content\/uploads\/2025\/07\/Unique-Tea-Light-Candle-Holders-Bulk-Small-Wedding-Candle-Holders-Wholesale-270x270.webp 270w, https:\/\/jinhuaceramic.com\/wp-content\/uploads\/2025\/07\/Unique-Tea-Light-Candle-Holders-Bulk-Small-Wedding-Candle-Holders-Wholesale-540x540.webp 540w, https:\/\/jinhuaceramic.com\/wp-content\/uploads\/2025\/07\/Unique-Tea-Light-Candle-Holders-Bulk-Small-Wedding-Candle-Holders-Wholesale-660x660.webp 660w\" sizes=\"(max-width: 1200px) 100vw, 1200px\" \/><\/figure>\n<\/div>\n<\/div>","protected":false},"excerpt":{"rendered":"<p>Bienvenido a comprar nuestros portavelas a granel. Nuestros portavelas de t\u00e9 son los m\u00e1s vendidos por su forma \u00fanica, dise\u00f1o elegante, variedades de colores y cer\u00e1mica resistente al calor. La combinaci\u00f3n perfecta de belleza y practicidad, nuestros portavelas de cer\u00e1mica al por mayor son una selecci\u00f3n impresionante para la decoraci\u00f3n de bodas. Crean un ambiente c\u00e1lido y acogedor.<\/p>","protected":false},"featured_media":9945,"comment_status":"closed","ping_status":"closed","template":"","meta":{"_acf_changed":false},"product_brand":[],"product_cat":[52],"product_tag":[66],"class_list":{"0":"post-9944","1":"product","2":"type-product","3":"status-publish","4":"has-post-thumbnail","6":"product_cat-wholesale-candle-containers","7":"product_tag-candle-jars-wholesale","9":"first","10":"instock","11":"shipping-taxable","12":"product-type-simple"},"acf":[],"_links":{"self":[{"href":"https:\/\/jinhuaceramic.com\/es\/wp-json\/wp\/v2\/product\/9944","targetHints":{"allow":["GET"]}}],"collection":[{"href":"https:\/\/jinhuaceramic.com\/es\/wp-json\/wp\/v2\/product"}],"about":[{"href":"https:\/\/jinhuaceramic.com\/es\/wp-json\/wp\/v2\/types\/product"}],"replies":[{"embeddable":true,"href":"https:\/\/jinhuaceramic.com\/es\/wp-json\/wp\/v2\/comments?post=9944"}],"version-history":[{"count":0,"href":"https:\/\/jinhuaceramic.com\/es\/wp-json\/wp\/v2\/product\/9944\/revisions"}],"wp:featuredmedia":[{"embeddable":true,"href":"https:\/\/jinhuaceramic.com\/es\/wp-json\/wp\/v2\/media\/9945"}],"wp:attachment":[{"href":"https:\/\/jinhuaceramic.com\/es\/wp-json\/wp\/v2\/media?parent=9944"}],"wp:term":[{"taxonomy":"product_brand","embeddable":true,"href":"https:\/\/jinhuaceramic.com\/es\/wp-json\/wp\/v2\/product_brand?post=9944"},{"taxonomy":"product_cat","embeddable":true,"href":"https:\/\/jinhuaceramic.com\/es\/wp-json\/wp\/v2\/product_cat?post=9944"},{"taxonomy":"product_tag","embeddable":true,"href":"https:\/\/jinhuaceramic.com\/es\/wp-json\/wp\/v2\/product_tag?post=9944"}],"curies":[{"name":"wp","href":"https:\/\/api.w.org\/{rel}","templated":true}]}}