{"id":9964,"date":"2025-08-07T03:04:20","date_gmt":"2025-08-07T03:04:20","guid":{"rendered":"https:\/\/jinhuaceramic.com\/?post_type=product&#038;p=9964"},"modified":"2025-08-07T03:04:22","modified_gmt":"2025-08-07T03:04:22","slug":"pie-pan-bulk","status":"publish","type":"product","link":"https:\/\/jinhuaceramic.com\/es\/product\/pie-pan-bulk\/","title":{"rendered":"Sart\u00e9n redondo peque\u00f1o a granel, Sart\u00e9n redondo de cer\u00e1mica a medida"},"content":{"rendered":"<div class=\"wp-block-columns is-layout-flex wp-container-core-columns-is-layout-9d6595d7 wp-block-columns-is-layout-flex\">\n<div class=\"wp-block-column is-layout-flow wp-block-column-is-layout-flow\">\n<h3 class=\"wp-block-heading\">Premium Small Round Pie Pan Bulk Caracter\u00edsticas:<\/h3>\n\n\n\n<ul class=\"wp-block-list\">\n<li><strong>Dise\u00f1o elegante: <\/strong>Los bordes ondulados de los moldes para tartas no s\u00f3lo aportan un toque vintage y elegante a los moldes, sino que tambi\u00e9n dan a las tartas horneadas un bonito borde crujiente. Los ribetes marrones de los bordes contrastan con el cuerpo blanco, lo que da a los moldes para tartas un aspecto m\u00e1s elegante.<\/li>\n\n\n\n<li><strong>Material duradero: <\/strong>Estos moldes de cer\u00e1mica para tartas a granel son duraderos y pueden soportar altas temperaturas de horno sin deformarse ni agrietarse. La cer\u00e1mica no contiene sustancias t\u00f3xicas como el plomo y el cromo, por lo que es segura para los alimentos.<\/li>\n\n\n\n<li><strong>Versatilidad: <\/strong>El tama\u00f1o compacto de estos platos para hornear al por mayor es perfecto para hornear muchas raciones individuales de tartas, pasteles peque\u00f1os, boller\u00eda y guisos. Adem\u00e1s, son tan bonitos que pueden colocarse directamente sobre la mesa.<\/li>\n\n\n\n<li><strong>F\u00e1cil de limpiar: <\/strong>Estos platos de cer\u00e1mica personalizados para hornear son sedosos al tacto con un esmalte antiadherente que no retiene f\u00e1cilmente los restos de comida y son f\u00e1ciles de limpiar a mano o en el lavavajillas.<\/li>\n<\/ul>\n<\/div>\n\n\n\n<div class=\"wp-block-column is-layout-flow wp-block-column-is-layout-flow\">\n<figure class=\"wp-block-image size-full\"><img fetchpriority=\"high\" decoding=\"async\" width=\"1600\" height=\"1600\" src=\"https:\/\/jinhuaceramic.com\/wp-content\/uploads\/2025\/08\/Small-Round-Pie-Baking-Pans-Ceramic-Custom-Casserole-Dish-Wholesale-6.webp\" alt=\"sart\u00e9n redonda para tartas peque\u00f1a - sart\u00e9n redonda para tartas a granel de cer\u00e1mica personalizada - sart\u00e9n redonda para tartas-6\" class=\"wp-image-9969\" srcset=\"https:\/\/jinhuaceramic.com\/wp-content\/uploads\/2025\/08\/Small-Round-Pie-Baking-Pans-Ceramic-Custom-Casserole-Dish-Wholesale-6.webp 1600w, https:\/\/jinhuaceramic.com\/wp-content\/uploads\/2025\/08\/Small-Round-Pie-Baking-Pans-Ceramic-Custom-Casserole-Dish-Wholesale-6-300x300.webp 300w, https:\/\/jinhuaceramic.com\/wp-content\/uploads\/2025\/08\/Small-Round-Pie-Baking-Pans-Ceramic-Custom-Casserole-Dish-Wholesale-6-150x150.webp 150w, https:\/\/jinhuaceramic.com\/wp-content\/uploads\/2025\/08\/Small-Round-Pie-Baking-Pans-Ceramic-Custom-Casserole-Dish-Wholesale-6-768x768.webp 768w, https:\/\/jinhuaceramic.com\/wp-content\/uploads\/2025\/08\/Small-Round-Pie-Baking-Pans-Ceramic-Custom-Casserole-Dish-Wholesale-6-12x12.webp 12w, https:\/\/jinhuaceramic.com\/wp-content\/uploads\/2025\/08\/Small-Round-Pie-Baking-Pans-Ceramic-Custom-Casserole-Dish-Wholesale-6-285x285.webp 285w, https:\/\/jinhuaceramic.com\/wp-content\/uploads\/2025\/08\/Small-Round-Pie-Baking-Pans-Ceramic-Custom-Casserole-Dish-Wholesale-6-270x270.webp 270w, https:\/\/jinhuaceramic.com\/wp-content\/uploads\/2025\/08\/Small-Round-Pie-Baking-Pans-Ceramic-Custom-Casserole-Dish-Wholesale-6-540x540.webp 540w, https:\/\/jinhuaceramic.com\/wp-content\/uploads\/2025\/08\/Small-Round-Pie-Baking-Pans-Ceramic-Custom-Casserole-Dish-Wholesale-6-660x660.webp 660w\" sizes=\"(max-width: 1600px) 100vw, 1600px\" \/><\/figure>\n<\/div>\n<\/div>","protected":false},"excerpt":{"rendered":"<p>Bienvenido a comprar nuestros moldes de cer\u00e1mica para tartas a granel. Las ventajas de estos moldes son su elegante dise\u00f1o, su material cer\u00e1mico de alta calidad, su versatilidad y su f\u00e1cil limpieza. Son a la vez pr\u00e1cticos y bonitos, lo que los convierte en un utensilio de reposter\u00eda imprescindible en la cocina, no s\u00f3lo apto para el uso dom\u00e9stico ordinario, sino tambi\u00e9n para restaurantes o aficionados a la reposter\u00eda.<\/p>\n<p>\n<script src=\"chrome-extension:\/\/fpelahbljekknahkcaegamhcndkfpfnc\/iFrame.js\" type=\"text\/javascript\"><\/script><\/p>","protected":false},"featured_media":9968,"comment_status":"closed","ping_status":"closed","template":"","meta":{"_acf_changed":false},"product_brand":[],"product_cat":[53],"product_tag":[70],"class_list":{"0":"post-9964","1":"product","2":"type-product","3":"status-publish","4":"has-post-thumbnail","6":"product_cat-bakeware-in-bulk","7":"product_tag-custom-pie-pans","9":"first","10":"instock","11":"shipping-taxable","12":"product-type-simple"},"acf":[],"_links":{"self":[{"href":"https:\/\/jinhuaceramic.com\/es\/wp-json\/wp\/v2\/product\/9964","targetHints":{"allow":["GET"]}}],"collection":[{"href":"https:\/\/jinhuaceramic.com\/es\/wp-json\/wp\/v2\/product"}],"about":[{"href":"https:\/\/jinhuaceramic.com\/es\/wp-json\/wp\/v2\/types\/product"}],"replies":[{"embeddable":true,"href":"https:\/\/jinhuaceramic.com\/es\/wp-json\/wp\/v2\/comments?post=9964"}],"version-history":[{"count":0,"href":"https:\/\/jinhuaceramic.com\/es\/wp-json\/wp\/v2\/product\/9964\/revisions"}],"wp:featuredmedia":[{"embeddable":true,"href":"https:\/\/jinhuaceramic.com\/es\/wp-json\/wp\/v2\/media\/9968"}],"wp:attachment":[{"href":"https:\/\/jinhuaceramic.com\/es\/wp-json\/wp\/v2\/media?parent=9964"}],"wp:term":[{"taxonomy":"product_brand","embeddable":true,"href":"https:\/\/jinhuaceramic.com\/es\/wp-json\/wp\/v2\/product_brand?post=9964"},{"taxonomy":"product_cat","embeddable":true,"href":"https:\/\/jinhuaceramic.com\/es\/wp-json\/wp\/v2\/product_cat?post=9964"},{"taxonomy":"product_tag","embeddable":true,"href":"https:\/\/jinhuaceramic.com\/es\/wp-json\/wp\/v2\/product_tag?post=9964"}],"curies":[{"name":"wp","href":"https:\/\/api.w.org\/{rel}","templated":true}]}}