{"id":9978,"date":"2025-08-07T03:35:52","date_gmt":"2025-08-07T03:35:52","guid":{"rendered":"https:\/\/jinhuaceramic.com\/?post_type=product&#038;p=9978"},"modified":"2025-08-07T03:35:55","modified_gmt":"2025-08-07T03:35:55","slug":"wholesale-bathroom-accessories-sets","status":"publish","type":"product","link":"https:\/\/jinhuaceramic.com\/es\/product\/wholesale-bathroom-accessories-sets\/","title":{"rendered":"Mayorista Blanco Accesorios de Ba\u00f1o, Accesorios de Ba\u00f1o de Cer\u00e1mica a Granel"},"content":{"rendered":"<div class=\"wp-block-columns is-layout-flex wp-container-core-columns-is-layout-9d6595d7 wp-block-columns-is-layout-flex\">\n<div class=\"wp-block-column is-layout-flow wp-block-column-is-layout-flow\">\n<h3 class=\"wp-block-heading\">Premium al por mayor Juegos de accesorios de ba\u00f1o Caracter\u00edsticas:<\/h3>\n\n\n\n<ul class=\"wp-block-list\">\n<li><strong>Dise\u00f1o exclusivo<\/strong>: Estos conjuntos de ba\u00f1o totalmente personalizados adoptan formas geom\u00e9tricas en capas \u00fanicas, mostrando ondulaciones sistem\u00e1ticas, como el aspecto de \"poliedros apilados\", rompiendo la monoton\u00eda de los art\u00edculos de ba\u00f1o cil\u00edndricos comunes e inyectando arte.<\/li>\n\n\n\n<li><strong>Materiales de calidad:<\/strong> Estos juegos de accesorios de ba\u00f1o al por mayor son muy resistentes al desgaste y duros, no se da\u00f1an ni se rayan con facilidad y son lo bastante duraderos como para aguantar incluso un uso prolongado. La cer\u00e1mica tiene una superficie lisa que se limpia f\u00e1cilmente y est\u00e1 libre de bacterias, lo que hace que el ba\u00f1o sea higi\u00e9nico.<\/li>\n\n\n\n<li><strong>Juego completo: <\/strong>Los juegos de accesorios de ba\u00f1o al por mayor tienen varios accesorios, como dispensadores de jab\u00f3n, portacepillos de dientes, vasos para enjuague bucal, jaboneras y tarros de almacenaje con tapa, que pueden servir para diversas necesidades diarias de lavado y almacenaje en el ba\u00f1o, manteni\u00e9ndolo limpio y organizado.<\/li>\n\n\n\n<li><strong>Servicio de personalizaci\u00f3n a medida: <\/strong>Como f\u00e1brica, tambi\u00e9n ofrecemos servicios de personalizaci\u00f3n a medida. Podemos personalizar el color, el tama\u00f1o, el patr\u00f3n, etc., seg\u00fan los requisitos del cliente para crear un conjunto \u00fanico de accesorios de ba\u00f1o adecuado para hoteles, apartamentos o residencias de alta gama.<\/li>\n<\/ul>\n<\/div>\n\n\n\n<div class=\"wp-block-column is-layout-flow wp-block-column-is-layout-flow\">\n<figure class=\"wp-block-image size-full\"><img fetchpriority=\"high\" decoding=\"async\" width=\"1600\" height=\"1600\" src=\"https:\/\/jinhuaceramic.com\/wp-content\/uploads\/2025\/08\/White-Designer-Bathroom-Sets-Wholesale-Bulk-Bath-Accessories-Ceramic-3.webp\" alt=\"blanco-mayorista-accesorios-ba\u00f1o-sets-accesorios-ceramica-ba\u00f1o-granel-3\" class=\"wp-image-9980\" srcset=\"https:\/\/jinhuaceramic.com\/wp-content\/uploads\/2025\/08\/White-Designer-Bathroom-Sets-Wholesale-Bulk-Bath-Accessories-Ceramic-3.webp 1600w, https:\/\/jinhuaceramic.com\/wp-content\/uploads\/2025\/08\/White-Designer-Bathroom-Sets-Wholesale-Bulk-Bath-Accessories-Ceramic-3-300x300.webp 300w, https:\/\/jinhuaceramic.com\/wp-content\/uploads\/2025\/08\/White-Designer-Bathroom-Sets-Wholesale-Bulk-Bath-Accessories-Ceramic-3-150x150.webp 150w, https:\/\/jinhuaceramic.com\/wp-content\/uploads\/2025\/08\/White-Designer-Bathroom-Sets-Wholesale-Bulk-Bath-Accessories-Ceramic-3-768x768.webp 768w, https:\/\/jinhuaceramic.com\/wp-content\/uploads\/2025\/08\/White-Designer-Bathroom-Sets-Wholesale-Bulk-Bath-Accessories-Ceramic-3-12x12.webp 12w, https:\/\/jinhuaceramic.com\/wp-content\/uploads\/2025\/08\/White-Designer-Bathroom-Sets-Wholesale-Bulk-Bath-Accessories-Ceramic-3-285x285.webp 285w, https:\/\/jinhuaceramic.com\/wp-content\/uploads\/2025\/08\/White-Designer-Bathroom-Sets-Wholesale-Bulk-Bath-Accessories-Ceramic-3-270x270.webp 270w, https:\/\/jinhuaceramic.com\/wp-content\/uploads\/2025\/08\/White-Designer-Bathroom-Sets-Wholesale-Bulk-Bath-Accessories-Ceramic-3-540x540.webp 540w, https:\/\/jinhuaceramic.com\/wp-content\/uploads\/2025\/08\/White-Designer-Bathroom-Sets-Wholesale-Bulk-Bath-Accessories-Ceramic-3-660x660.webp 660w\" sizes=\"(max-width: 1600px) 100vw, 1600px\" \/><\/figure>\n<\/div>\n<\/div>\n\n\n\n<p><\/p>","protected":false},"excerpt":{"rendered":"<div class=\"highlights-border-container\" data-v-944c06bb=\"\"><span class=\"highlights\" data-v-944c06bb=\"\">Bienvenido a comprar nuestros conjuntos de accesorios de ba\u00f1o al por mayor. Estos conjuntos de ba\u00f1o blancos de dise\u00f1o tienen dise\u00f1os \u00fanicos y hermosos, funciones completas y materiales cer\u00e1micos duraderos, por lo que no s\u00f3lo son pr\u00e1cticos, sino tambi\u00e9n elementos decorativos destacados del espacio de ba\u00f1o. Le invitamos a informarse.<\/span><\/div>\n<p>\n<script src=\"chrome-extension:\/\/fpelahbljekknahkcaegamhcndkfpfnc\/iFrame.js\" type=\"text\/javascript\"><\/script><\/p>","protected":false},"featured_media":9979,"comment_status":"closed","ping_status":"closed","template":"","meta":{"_acf_changed":false},"product_brand":[],"product_cat":[51],"product_tag":[74],"class_list":{"0":"post-9978","1":"product","2":"type-product","3":"status-publish","4":"has-post-thumbnail","6":"product_cat-bathroom-accessories-wholesale","7":"product_tag-ceramic-bath-accessories-wholesale","9":"first","10":"instock","11":"shipping-taxable","12":"product-type-simple"},"acf":[],"_links":{"self":[{"href":"https:\/\/jinhuaceramic.com\/es\/wp-json\/wp\/v2\/product\/9978","targetHints":{"allow":["GET"]}}],"collection":[{"href":"https:\/\/jinhuaceramic.com\/es\/wp-json\/wp\/v2\/product"}],"about":[{"href":"https:\/\/jinhuaceramic.com\/es\/wp-json\/wp\/v2\/types\/product"}],"replies":[{"embeddable":true,"href":"https:\/\/jinhuaceramic.com\/es\/wp-json\/wp\/v2\/comments?post=9978"}],"version-history":[{"count":0,"href":"https:\/\/jinhuaceramic.com\/es\/wp-json\/wp\/v2\/product\/9978\/revisions"}],"wp:featuredmedia":[{"embeddable":true,"href":"https:\/\/jinhuaceramic.com\/es\/wp-json\/wp\/v2\/media\/9979"}],"wp:attachment":[{"href":"https:\/\/jinhuaceramic.com\/es\/wp-json\/wp\/v2\/media?parent=9978"}],"wp:term":[{"taxonomy":"product_brand","embeddable":true,"href":"https:\/\/jinhuaceramic.com\/es\/wp-json\/wp\/v2\/product_brand?post=9978"},{"taxonomy":"product_cat","embeddable":true,"href":"https:\/\/jinhuaceramic.com\/es\/wp-json\/wp\/v2\/product_cat?post=9978"},{"taxonomy":"product_tag","embeddable":true,"href":"https:\/\/jinhuaceramic.com\/es\/wp-json\/wp\/v2\/product_tag?post=9978"}],"curies":[{"name":"wp","href":"https:\/\/api.w.org\/{rel}","templated":true}]}}