{"id":9988,"date":"2025-08-07T07:36:45","date_gmt":"2025-08-07T07:36:45","guid":{"rendered":"https:\/\/jinhuaceramic.com\/?post_type=product&#038;p=9988"},"modified":"2025-11-12T03:45:43","modified_gmt":"2025-11-12T03:45:43","slug":"rectangular-baking-pan-wholesale","status":"publish","type":"product","link":"https:\/\/jinhuaceramic.com\/es\/product\/rectangular-baking-pan-wholesale\/","title":{"rendered":"Sart\u00e9n rectangular al por mayor, utensilios de cer\u00e1mica para hornear personalizados"},"content":{"rendered":"<div class=\"wp-block-columns is-layout-flex wp-container-core-columns-is-layout-9d6595d7 wp-block-columns-is-layout-flex\">\n<div class=\"wp-block-column is-layout-flow wp-block-column-is-layout-flow\">\n<h3 class=\"wp-block-heading\"> Sart\u00e9n rectangular negra para hornear al por mayor Caracter\u00edsticas:<\/h3>\n\n\n\n<ul class=\"wp-block-list\">\n<li><strong>Look moderno:<\/strong> El molde rectangular blanco por dentro y negro por fuera ofrece un contraste de colores limpio y n\u00edtido que resulta moderno y sofisticado. Las rayas horizontales en relieve en los lados exteriores de los moldes crean un efecto de superposici\u00f3n y profundidad.<\/li>\n\n\n\n<li><strong>Practicidad a largo plazo:<\/strong> La intemporal forma rectangular de estos moldes a medida es perfectamente adecuada para hornear una gran variedad de alimentos, como lasa\u00f1a, asados, asados de pollo, guisos, brownies, etc. Las amplias asas a ambos lados garantizan un agarre firme, lo que las hace f\u00e1ciles y seguras de sacar del horno y transportar.<\/li>\n\n\n\n<li><strong>Material cer\u00e1mico de buena calidad:<\/strong> El molde rectangular al por mayor est\u00e1 hecho de material cer\u00e1mico de buena calidad, que es duro y fuerte y tiene buena resistencia al calor, por lo que no se deformar\u00e1 ni se agrietar\u00e1 incluso si se utiliza durante per\u00edodos prolongados.<\/li>\n\n\n\n<li><strong>Calefacci\u00f3n uniforme:<\/strong> El material cer\u00e1mico tiene una buena conductividad t\u00e9rmica, por lo que el calor se transfiere uniformemente, de modo que los alimentos cocinados se cocinan uniformemente y se evita el sobrecalentamiento local o la cocci\u00f3n insuficiente.<\/li>\n<\/ul>\n<\/div>\n\n\n\n<div class=\"wp-block-column is-layout-flow wp-block-column-is-layout-flow\">\n<figure class=\"wp-block-image size-full\"><img fetchpriority=\"high\" decoding=\"async\" width=\"1600\" height=\"1600\" src=\"https:\/\/jinhuaceramic.com\/wp-content\/uploads\/2025\/08\/Modern-Black-Baking-Dish-Custom-Ceramic-Kitchen-Bakeware-Wholesale-2.webp\" alt=\"cacerola rectangular negra al por mayor de utensilios de cocina de cer\u00e1mica personalizados-2\" class=\"wp-image-9989\" srcset=\"https:\/\/jinhuaceramic.com\/wp-content\/uploads\/2025\/08\/Modern-Black-Baking-Dish-Custom-Ceramic-Kitchen-Bakeware-Wholesale-2.webp 1600w, https:\/\/jinhuaceramic.com\/wp-content\/uploads\/2025\/08\/Modern-Black-Baking-Dish-Custom-Ceramic-Kitchen-Bakeware-Wholesale-2-300x300.webp 300w, https:\/\/jinhuaceramic.com\/wp-content\/uploads\/2025\/08\/Modern-Black-Baking-Dish-Custom-Ceramic-Kitchen-Bakeware-Wholesale-2-150x150.webp 150w, https:\/\/jinhuaceramic.com\/wp-content\/uploads\/2025\/08\/Modern-Black-Baking-Dish-Custom-Ceramic-Kitchen-Bakeware-Wholesale-2-768x768.webp 768w, https:\/\/jinhuaceramic.com\/wp-content\/uploads\/2025\/08\/Modern-Black-Baking-Dish-Custom-Ceramic-Kitchen-Bakeware-Wholesale-2-12x12.webp 12w, https:\/\/jinhuaceramic.com\/wp-content\/uploads\/2025\/08\/Modern-Black-Baking-Dish-Custom-Ceramic-Kitchen-Bakeware-Wholesale-2-285x285.webp 285w, https:\/\/jinhuaceramic.com\/wp-content\/uploads\/2025\/08\/Modern-Black-Baking-Dish-Custom-Ceramic-Kitchen-Bakeware-Wholesale-2-270x270.webp 270w, https:\/\/jinhuaceramic.com\/wp-content\/uploads\/2025\/08\/Modern-Black-Baking-Dish-Custom-Ceramic-Kitchen-Bakeware-Wholesale-2-540x540.webp 540w, https:\/\/jinhuaceramic.com\/wp-content\/uploads\/2025\/08\/Modern-Black-Baking-Dish-Custom-Ceramic-Kitchen-Bakeware-Wholesale-2-660x660.webp 660w\" sizes=\"(max-width: 1600px) 100vw, 1600px\" \/><\/figure>\n<\/div>\n<\/div>","protected":false},"excerpt":{"rendered":"<p>Bienvenido a comprar nuestro molde rectangular al por mayor. Estos platos para hornear personalizados son populares entre los consumidores por su dise\u00f1o moderno y hermoso, material cer\u00e1mico duradero, versatilidad y f\u00e1cil limpieza. Este molde para hornear rectangular negro est\u00e1 dise\u00f1ado espec\u00edficamente tanto para cocinas dom\u00e9sticas y las necesidades comerciales de hornear, por lo que es una herramienta ideal para hornear.<\/p>\n<p><script src=\"chrome-extension:\/\/fpelahbljekknahkcaegamhcndkfpfnc\/iFrame.js\" type=\"text\/javascript\"><\/script><\/p>","protected":false},"featured_media":9992,"comment_status":"closed","ping_status":"closed","template":"","meta":{"_acf_changed":false},"product_brand":[],"product_cat":[53],"product_tag":[71],"class_list":{"0":"post-9988","1":"product","2":"type-product","3":"status-publish","4":"has-post-thumbnail","6":"product_cat-bakeware-in-bulk","7":"product_tag-wholesale-baking-pans","9":"first","10":"instock","11":"shipping-taxable","12":"product-type-simple"},"acf":[],"_links":{"self":[{"href":"https:\/\/jinhuaceramic.com\/es\/wp-json\/wp\/v2\/product\/9988","targetHints":{"allow":["GET"]}}],"collection":[{"href":"https:\/\/jinhuaceramic.com\/es\/wp-json\/wp\/v2\/product"}],"about":[{"href":"https:\/\/jinhuaceramic.com\/es\/wp-json\/wp\/v2\/types\/product"}],"replies":[{"embeddable":true,"href":"https:\/\/jinhuaceramic.com\/es\/wp-json\/wp\/v2\/comments?post=9988"}],"version-history":[{"count":0,"href":"https:\/\/jinhuaceramic.com\/es\/wp-json\/wp\/v2\/product\/9988\/revisions"}],"wp:featuredmedia":[{"embeddable":true,"href":"https:\/\/jinhuaceramic.com\/es\/wp-json\/wp\/v2\/media\/9992"}],"wp:attachment":[{"href":"https:\/\/jinhuaceramic.com\/es\/wp-json\/wp\/v2\/media?parent=9988"}],"wp:term":[{"taxonomy":"product_brand","embeddable":true,"href":"https:\/\/jinhuaceramic.com\/es\/wp-json\/wp\/v2\/product_brand?post=9988"},{"taxonomy":"product_cat","embeddable":true,"href":"https:\/\/jinhuaceramic.com\/es\/wp-json\/wp\/v2\/product_cat?post=9988"},{"taxonomy":"product_tag","embeddable":true,"href":"https:\/\/jinhuaceramic.com\/es\/wp-json\/wp\/v2\/product_tag?post=9988"}],"curies":[{"name":"wp","href":"https:\/\/api.w.org\/{rel}","templated":true}]}}