{"id":10013,"date":"2025-08-15T03:28:52","date_gmt":"2025-08-15T03:28:52","guid":{"rendered":"https:\/\/jinhuaceramic.com\/?post_type=product&#038;p=10013"},"modified":"2025-08-20T09:43:45","modified_gmt":"2025-08-20T09:43:45","slug":"candle-empty-jars-wholesale","status":"publish","type":"product","link":"https:\/\/jinhuaceramic.com\/fr\/product\/candle-empty-jars-wholesale\/","title":{"rendered":"Pots vides pour bougies en c\u00e9ramique beige Wholesale, Custom Ceramic Candle Containers"},"content":{"rendered":"<div class=\"wp-block-columns is-layout-flex wp-container-core-columns-is-layout-9d6595d7 wp-block-columns-is-layout-flex\">\n<div class=\"wp-block-column is-layout-flow wp-block-column-is-layout-flow\">\n<h3 class=\"wp-block-heading\">Premium Beige Candle Empty Jars Wholesale Caract\u00e9ristiques :<\/h3>\n\n\n\n<ul class=\"wp-block-list\">\n<li><strong>Texture distincte :<\/strong> L'ext\u00e9rieur de ces photophores personnalis\u00e9s pr\u00e9sente une texture ray\u00e9e verticale avec de petits points noirs. Ce motif rompt la monotonie des pots lisses et simples, ajoute une stimulation tactile et visuelle et donne au produit un aspect artisanal.<\/li>\n\n\n\n<li><strong>Chaud et confortable Couleur : <\/strong>Ces pots vides pour bougies en gros sont d'un beige chaud, une belle teinte neutre qui s'int\u00e8gre facilement dans n'importe quelle d\u00e9coration int\u00e9rieure et cr\u00e9e une atmosph\u00e8re chaleureuse et accueillante.<\/li>\n\n\n\n<li><strong>Mat\u00e9riau r\u00e9sistant \u00e0 la chaleur :<\/strong> Les pots vides pour bougies sont fabriqu\u00e9s en c\u00e9ramique de qualit\u00e9 sup\u00e9rieure, r\u00e9sistante \u00e0 la chaleur et \u00e0 la d\u00e9formation. Ils r\u00e9sistent \u00e0 la chaleur des bougies allum\u00e9es et sont difficiles \u00e0 d\u00e9former et \u00e0 fissurer.<\/li>\n\n\n\n<li><strong>R\u00e9utilisable et \u00e9cologique :<\/strong> Ces photophores en c\u00e9ramique ont une certaine lourdeur et une certaine texture et peuvent \u00eatre r\u00e9utilis\u00e9s. Une fois les photophores consum\u00e9s, ils peuvent \u00eatre utilis\u00e9s comme porte-stylos, porte-pinceaux, petits pots de fleurs, etc., ce qui permet une utilisation secondaire et respecte le concept de protection de l'environnement.<\/li>\n<\/ul>\n<\/div>\n\n\n\n<div class=\"wp-block-column is-layout-flow wp-block-column-is-layout-flow\">\n<figure class=\"wp-block-image size-full\"><img fetchpriority=\"high\" decoding=\"async\" width=\"1500\" height=\"1500\" src=\"https:\/\/jinhuaceramic.com\/wp-content\/uploads\/2025\/08\/Beige-Empty-Candle-Jars-Bulk-Ceramic-Candle-Containers-Wholesale-5.webp\" alt=\"pots vides de bougies beiges - vente en gros - contenants de bougies en c\u00e9ramique personnalis\u00e9s - vente en gros - 5\" class=\"wp-image-10017\" srcset=\"https:\/\/jinhuaceramic.com\/wp-content\/uploads\/2025\/08\/Beige-Empty-Candle-Jars-Bulk-Ceramic-Candle-Containers-Wholesale-5.webp 1500w, https:\/\/jinhuaceramic.com\/wp-content\/uploads\/2025\/08\/Beige-Empty-Candle-Jars-Bulk-Ceramic-Candle-Containers-Wholesale-5-300x300.webp 300w, https:\/\/jinhuaceramic.com\/wp-content\/uploads\/2025\/08\/Beige-Empty-Candle-Jars-Bulk-Ceramic-Candle-Containers-Wholesale-5-150x150.webp 150w, https:\/\/jinhuaceramic.com\/wp-content\/uploads\/2025\/08\/Beige-Empty-Candle-Jars-Bulk-Ceramic-Candle-Containers-Wholesale-5-768x768.webp 768w, https:\/\/jinhuaceramic.com\/wp-content\/uploads\/2025\/08\/Beige-Empty-Candle-Jars-Bulk-Ceramic-Candle-Containers-Wholesale-5-12x12.webp 12w, https:\/\/jinhuaceramic.com\/wp-content\/uploads\/2025\/08\/Beige-Empty-Candle-Jars-Bulk-Ceramic-Candle-Containers-Wholesale-5-285x285.webp 285w, https:\/\/jinhuaceramic.com\/wp-content\/uploads\/2025\/08\/Beige-Empty-Candle-Jars-Bulk-Ceramic-Candle-Containers-Wholesale-5-270x270.webp 270w, https:\/\/jinhuaceramic.com\/wp-content\/uploads\/2025\/08\/Beige-Empty-Candle-Jars-Bulk-Ceramic-Candle-Containers-Wholesale-5-540x540.webp 540w, https:\/\/jinhuaceramic.com\/wp-content\/uploads\/2025\/08\/Beige-Empty-Candle-Jars-Bulk-Ceramic-Candle-Containers-Wholesale-5-660x660.webp 660w\" sizes=\"(max-width: 1500px) 100vw, 1500px\" \/><\/figure>\n<\/div>\n<\/div>","protected":false},"excerpt":{"rendered":"<p>Bienvenue sur le site d'achat en gros de photophores vides. Ces photophores personnalis\u00e9s sont disponibles dans des textures uniques, des couleurs naturelles, une c\u00e9ramique durable et des propri\u00e9t\u00e9s recyclables, ce qui en fait non seulement les meilleurs contenants pour la fabrication de bougies, mais aussi de parfaits objets de d\u00e9coration pour la maison, ajoutant une touche vintage et \u00e9l\u00e9gante \u00e0 toute table de nuit, bureau ou espace de vie.<\/p>","protected":false},"featured_media":10014,"comment_status":"closed","ping_status":"closed","template":"","meta":{"_acf_changed":false},"product_brand":[],"product_cat":[52],"product_tag":[66],"class_list":{"0":"post-10013","1":"product","2":"type-product","3":"status-publish","4":"has-post-thumbnail","6":"product_cat-wholesale-candle-containers","7":"product_tag-candle-jars-wholesale","9":"first","10":"instock","11":"shipping-taxable","12":"product-type-simple"},"acf":[],"_links":{"self":[{"href":"https:\/\/jinhuaceramic.com\/fr\/wp-json\/wp\/v2\/product\/10013","targetHints":{"allow":["GET"]}}],"collection":[{"href":"https:\/\/jinhuaceramic.com\/fr\/wp-json\/wp\/v2\/product"}],"about":[{"href":"https:\/\/jinhuaceramic.com\/fr\/wp-json\/wp\/v2\/types\/product"}],"replies":[{"embeddable":true,"href":"https:\/\/jinhuaceramic.com\/fr\/wp-json\/wp\/v2\/comments?post=10013"}],"version-history":[{"count":0,"href":"https:\/\/jinhuaceramic.com\/fr\/wp-json\/wp\/v2\/product\/10013\/revisions"}],"wp:featuredmedia":[{"embeddable":true,"href":"https:\/\/jinhuaceramic.com\/fr\/wp-json\/wp\/v2\/media\/10014"}],"wp:attachment":[{"href":"https:\/\/jinhuaceramic.com\/fr\/wp-json\/wp\/v2\/media?parent=10013"}],"wp:term":[{"taxonomy":"product_brand","embeddable":true,"href":"https:\/\/jinhuaceramic.com\/fr\/wp-json\/wp\/v2\/product_brand?post=10013"},{"taxonomy":"product_cat","embeddable":true,"href":"https:\/\/jinhuaceramic.com\/fr\/wp-json\/wp\/v2\/product_cat?post=10013"},{"taxonomy":"product_tag","embeddable":true,"href":"https:\/\/jinhuaceramic.com\/fr\/wp-json\/wp\/v2\/product_tag?post=10013"}],"curies":[{"name":"wp","href":"https:\/\/api.w.org\/{rel}","templated":true}]}}