{"id":10023,"date":"2025-08-15T03:08:57","date_gmt":"2025-08-15T03:08:57","guid":{"rendered":"https:\/\/jinhuaceramic.com\/?post_type=product&#038;p=10023"},"modified":"2025-08-15T03:08:59","modified_gmt":"2025-08-15T03:08:59","slug":"custom-candle-containers","status":"publish","type":"product","link":"https:\/\/jinhuaceramic.com\/fr\/product\/custom-candle-containers\/","title":{"rendered":"Conteneurs \u00e0 bougies blancs personnalis\u00e9s, Conteneurs \u00e0 bougies uniques, vente en gros"},"content":{"rendered":"<div class=\"wp-block-columns is-layout-flex wp-container-core-columns-is-layout-9d6595d7 wp-block-columns-is-layout-flex\">\n<div class=\"wp-block-column is-layout-flow wp-block-column-is-layout-flow\">\n<h3 class=\"wp-block-heading\">Contenants pour bougies personnalis\u00e9s uniques blancs haut de gamme Caract\u00e9ristiques :<\/h3>\n\n\n\n<ul class=\"wp-block-list\">\n<li><strong>Design unique :<\/strong> Ces r\u00e9cipients \u00e0 bougies personnalis\u00e9s pr\u00e9sentent une texture verticale en relief \u00e0 l'ext\u00e9rieur qui leur donne un aspect semblable \u00e0 celui d'un coquillage. Ce design ajoute un int\u00e9r\u00eat tactile et visuel, les distinguant des pots lisses ordinaires.<\/li>\n\n\n\n<li><strong>Blanc polyvalent : <\/strong>Ces pots \u00e0 bougies vendus en gros sont disponibles dans une douce couleur blanc cass\u00e9, une teinte discr\u00e8te et polyvalente qui s'harmonisera avec tous les styles de d\u00e9coration int\u00e9rieure et cr\u00e9era une atmosph\u00e8re chaleureuse et accueillante.<\/li>\n\n\n\n<li><strong>Mat\u00e9riau de haute qualit\u00e9 :<\/strong> Nos pots \u00e0 bougies vendus en gros sont fabriqu\u00e9s \u00e0 partir d'un mat\u00e9riau c\u00e9ramique de haute qualit\u00e9 et subissent un traitement \u00e0 haute temp\u00e9rature, ce qui leur conf\u00e8re une certaine duret\u00e9 et une r\u00e9sistance aux temp\u00e9ratures \u00e9lev\u00e9es. Ils peuvent donc supporter la chaleur des bougies allum\u00e9es et r\u00e9sistent facilement aux chocs et aux d\u00e9formations, ce qui les rend s\u00fbrs \u00e0 l'usage.<\/li>\n\n\n\n<li><strong>R\u00e9utilisable : <\/strong>Ces r\u00e9cipients \u00e0 bougies personnalis\u00e9s sont r\u00e9utilisables et peuvent servir non seulement de bougeoirs, mais aussi de petits pots de rangement, de porte-stylos ou de vases une fois les bougies consum\u00e9es, ce qui est conforme au principe du d\u00e9veloppement durable.<\/li>\n<\/ul>\n<\/div>\n\n\n\n<div class=\"wp-block-column is-layout-flow wp-block-column-is-layout-flow\">\n<figure class=\"wp-block-image size-full\"><img fetchpriority=\"high\" decoding=\"async\" width=\"2323\" height=\"2323\" src=\"https:\/\/jinhuaceramic.com\/wp-content\/uploads\/2025\/08\/White-Unique-Candle-Containers-Wholesale-Custom-Ceramic-Candle-Jars-5.webp\" alt=\"contenants-pour-bougies-blancs-personnalis\u00e9s-contenants-pour-bougies-uniques-vente-en-gros-5\" class=\"wp-image-10026\" srcset=\"https:\/\/jinhuaceramic.com\/wp-content\/uploads\/2025\/08\/White-Unique-Candle-Containers-Wholesale-Custom-Ceramic-Candle-Jars-5.webp 2323w, https:\/\/jinhuaceramic.com\/wp-content\/uploads\/2025\/08\/White-Unique-Candle-Containers-Wholesale-Custom-Ceramic-Candle-Jars-5-300x300.webp 300w, https:\/\/jinhuaceramic.com\/wp-content\/uploads\/2025\/08\/White-Unique-Candle-Containers-Wholesale-Custom-Ceramic-Candle-Jars-5-150x150.webp 150w, https:\/\/jinhuaceramic.com\/wp-content\/uploads\/2025\/08\/White-Unique-Candle-Containers-Wholesale-Custom-Ceramic-Candle-Jars-5-768x768.webp 768w, https:\/\/jinhuaceramic.com\/wp-content\/uploads\/2025\/08\/White-Unique-Candle-Containers-Wholesale-Custom-Ceramic-Candle-Jars-5-12x12.webp 12w, https:\/\/jinhuaceramic.com\/wp-content\/uploads\/2025\/08\/White-Unique-Candle-Containers-Wholesale-Custom-Ceramic-Candle-Jars-5-285x285.webp 285w, https:\/\/jinhuaceramic.com\/wp-content\/uploads\/2025\/08\/White-Unique-Candle-Containers-Wholesale-Custom-Ceramic-Candle-Jars-5-1600x1600.webp 1600w, https:\/\/jinhuaceramic.com\/wp-content\/uploads\/2025\/08\/White-Unique-Candle-Containers-Wholesale-Custom-Ceramic-Candle-Jars-5-270x270.webp 270w, https:\/\/jinhuaceramic.com\/wp-content\/uploads\/2025\/08\/White-Unique-Candle-Containers-Wholesale-Custom-Ceramic-Candle-Jars-5-540x540.webp 540w, https:\/\/jinhuaceramic.com\/wp-content\/uploads\/2025\/08\/White-Unique-Candle-Containers-Wholesale-Custom-Ceramic-Candle-Jars-5-660x660.webp 660w\" sizes=\"(max-width: 2323px) 100vw, 2323px\" \/><\/figure>\n<\/div>\n<\/div>","protected":false},"excerpt":{"rendered":"<div class=\"highlights-border-container\" data-v-944c06bb=\"\"><span class=\"highlights\" data-v-944c06bb=\"\">Bienvenue pour acheter nos contenants \u00e0 bougies personnalis\u00e9s. Ces pots \u00e0 bougies personnalis\u00e9s ont des designs uniques, des couleurs douces et \u00e9lastiques, sont fabriqu\u00e9s en c\u00e9ramique r\u00e9sistante \u00e0 la chaleur et sont recyclables. Alliant praticit\u00e9 et esth\u00e9tique, ces pots \u00e0 bougies peuvent servir de d\u00e9corations d'int\u00e9rieur pour rendre votre maison chaleureuse et romantique.<\/span><\/div>\n<p>\n<script src=\"chrome-extension:\/\/fpelahbljekknahkcaegamhcndkfpfnc\/iFrame.js\" type=\"text\/javascript\"><\/script><\/p>","protected":false},"featured_media":10027,"comment_status":"closed","ping_status":"closed","template":"","meta":{"_acf_changed":false},"product_brand":[],"product_cat":[52],"product_tag":[66],"class_list":{"0":"post-10023","1":"product","2":"type-product","3":"status-publish","4":"has-post-thumbnail","6":"product_cat-wholesale-candle-containers","7":"product_tag-candle-jars-wholesale","9":"first","10":"instock","11":"shipping-taxable","12":"product-type-simple"},"acf":[],"_links":{"self":[{"href":"https:\/\/jinhuaceramic.com\/fr\/wp-json\/wp\/v2\/product\/10023","targetHints":{"allow":["GET"]}}],"collection":[{"href":"https:\/\/jinhuaceramic.com\/fr\/wp-json\/wp\/v2\/product"}],"about":[{"href":"https:\/\/jinhuaceramic.com\/fr\/wp-json\/wp\/v2\/types\/product"}],"replies":[{"embeddable":true,"href":"https:\/\/jinhuaceramic.com\/fr\/wp-json\/wp\/v2\/comments?post=10023"}],"version-history":[{"count":0,"href":"https:\/\/jinhuaceramic.com\/fr\/wp-json\/wp\/v2\/product\/10023\/revisions"}],"wp:featuredmedia":[{"embeddable":true,"href":"https:\/\/jinhuaceramic.com\/fr\/wp-json\/wp\/v2\/media\/10027"}],"wp:attachment":[{"href":"https:\/\/jinhuaceramic.com\/fr\/wp-json\/wp\/v2\/media?parent=10023"}],"wp:term":[{"taxonomy":"product_brand","embeddable":true,"href":"https:\/\/jinhuaceramic.com\/fr\/wp-json\/wp\/v2\/product_brand?post=10023"},{"taxonomy":"product_cat","embeddable":true,"href":"https:\/\/jinhuaceramic.com\/fr\/wp-json\/wp\/v2\/product_cat?post=10023"},{"taxonomy":"product_tag","embeddable":true,"href":"https:\/\/jinhuaceramic.com\/fr\/wp-json\/wp\/v2\/product_tag?post=10023"}],"curies":[{"name":"wp","href":"https:\/\/api.w.org\/{rel}","templated":true}]}}