{"id":10031,"date":"2025-08-15T02:40:23","date_gmt":"2025-08-15T02:40:23","guid":{"rendered":"https:\/\/jinhuaceramic.com\/?post_type=product&#038;p=10031"},"modified":"2025-08-15T02:40:24","modified_gmt":"2025-08-15T02:40:24","slug":"unique-candle-containers-wholesale","status":"publish","type":"product","link":"https:\/\/jinhuaceramic.com\/fr\/product\/unique-candle-containers-wholesale\/","title":{"rendered":"R\u00e9cipients \u00e0 bougie uniques bicolores Commerce de gros, Pots \u00e0 bougie en c\u00e9ramique en vrac"},"content":{"rendered":"<div class=\"wp-block-columns is-layout-flex wp-container-core-columns-is-layout-9d6595d7 wp-block-columns-is-layout-flex\">\n<div class=\"wp-block-column is-layout-flow wp-block-column-is-layout-flow\">\n<h3 class=\"wp-block-heading\">Premium Two-Tone Unique Candle Containers Wholesale Features :<\/h3>\n\n\n\n<ul class=\"wp-block-list\">\n<li><strong>Couleurs douces :<\/strong> Ce photophore personnalis\u00e9 est compos\u00e9 d'une partie sup\u00e9rieure gris clair et d'une partie inf\u00e9rieure beige doux. Les couleurs neutres de ces photophores permettent de les int\u00e9grer facilement dans n'importe quelle d\u00e9coration, qu'elle soit moderne ou scandinave.<\/li>\n\n\n\n<li><strong>Texture unique :<\/strong> La partie sup\u00e9rieure de ces r\u00e9cipients \u00e0 bougie uniques en gros pr\u00e9sente un \u00e9mail lisse avec de minuscules taches, tandis que la partie inf\u00e9rieure est en c\u00e9ramique non \u00e9maill\u00e9e avec une texture givr\u00e9e. La texture contrast\u00e9e ajoute un attrait visuel et tactile.<\/li>\n\n\n\n<li><strong>Mat\u00e9riaux durables : <\/strong>Ces r\u00e9cipients \u00e0 bougies uniques de haute qualit\u00e9 ont une certaine duret\u00e9 et sont r\u00e9sistants aux temp\u00e9ratures \u00e9lev\u00e9es. Ils r\u00e9sistent \u00e0 la chaleur des bougies allum\u00e9es, ne se fissurent pas facilement et ont une longue dur\u00e9e de vie.<\/li>\n\n\n\n<li><strong>Polyvalence :<\/strong> Le design cylindrique classique de ces magnifiques photophores en c\u00e9ramique personnalis\u00e9s et durables les rend polyvalents une fois les bougies \u00e9teintes. Ils peuvent ainsi \u00eatre utilis\u00e9s comme petits vases, porte-stylos ou bocaux de rangement.<\/li>\n<\/ul>\n<\/div>\n\n\n\n<div class=\"wp-block-column is-layout-flow wp-block-column-is-layout-flow\">\n<figure class=\"wp-block-image size-full\"><img fetchpriority=\"high\" decoding=\"async\" width=\"480\" height=\"480\" src=\"https:\/\/jinhuaceramic.com\/wp-content\/uploads\/2025\/08\/Two-Tone-Candle-Making-Containers-Wholesale-Ceramic-Empty-Candle-Jars-Bulk-3.webp\" alt=\"deux-ton-unique-contenants-pour-bougies-en-gros-pots-c\u00e9ramiques-en-gros-3\" class=\"wp-image-10033\" srcset=\"https:\/\/jinhuaceramic.com\/wp-content\/uploads\/2025\/08\/Two-Tone-Candle-Making-Containers-Wholesale-Ceramic-Empty-Candle-Jars-Bulk-3.webp 480w, https:\/\/jinhuaceramic.com\/wp-content\/uploads\/2025\/08\/Two-Tone-Candle-Making-Containers-Wholesale-Ceramic-Empty-Candle-Jars-Bulk-3-300x300.webp 300w, https:\/\/jinhuaceramic.com\/wp-content\/uploads\/2025\/08\/Two-Tone-Candle-Making-Containers-Wholesale-Ceramic-Empty-Candle-Jars-Bulk-3-150x150.webp 150w, https:\/\/jinhuaceramic.com\/wp-content\/uploads\/2025\/08\/Two-Tone-Candle-Making-Containers-Wholesale-Ceramic-Empty-Candle-Jars-Bulk-3-12x12.webp 12w, https:\/\/jinhuaceramic.com\/wp-content\/uploads\/2025\/08\/Two-Tone-Candle-Making-Containers-Wholesale-Ceramic-Empty-Candle-Jars-Bulk-3-285x285.webp 285w, https:\/\/jinhuaceramic.com\/wp-content\/uploads\/2025\/08\/Two-Tone-Candle-Making-Containers-Wholesale-Ceramic-Empty-Candle-Jars-Bulk-3-270x270.webp 270w\" sizes=\"(max-width: 480px) 100vw, 480px\" \/><\/figure>\n<\/div>\n<\/div>","protected":false},"excerpt":{"rendered":"<p>Nous vous invitons \u00e0 acheter en gros nos r\u00e9cipients \u00e0 bougies uniques. Ces photophores sont appr\u00e9ci\u00e9s pour leurs combinaisons de couleurs neutres et douces, leurs textures uniques, leurs mat\u00e9riaux c\u00e9ramiques de haute qualit\u00e9 et leur polyvalence. Alliant praticit\u00e9 et esth\u00e9tique, ces photophores ne sont pas seulement les meilleurs contenants pour les bougies, mais aussi des objets d\u00e9coratifs ind\u00e9pendants qui peuvent ajouter un sentiment de sophistication \u00e0 n'importe quel espace domestique.<\/p>\n<p>\n<script src=\"chrome-extension:\/\/fpelahbljekknahkcaegamhcndkfpfnc\/iFrame.js\" type=\"text\/javascript\"><\/script><\/p>","protected":false},"featured_media":10034,"comment_status":"closed","ping_status":"closed","template":"","meta":{"_acf_changed":false},"product_brand":[],"product_cat":[52],"product_tag":[66],"class_list":{"0":"post-10031","1":"product","2":"type-product","3":"status-publish","4":"has-post-thumbnail","6":"product_cat-wholesale-candle-containers","7":"product_tag-candle-jars-wholesale","9":"first","10":"instock","11":"shipping-taxable","12":"product-type-simple"},"acf":[],"_links":{"self":[{"href":"https:\/\/jinhuaceramic.com\/fr\/wp-json\/wp\/v2\/product\/10031","targetHints":{"allow":["GET"]}}],"collection":[{"href":"https:\/\/jinhuaceramic.com\/fr\/wp-json\/wp\/v2\/product"}],"about":[{"href":"https:\/\/jinhuaceramic.com\/fr\/wp-json\/wp\/v2\/types\/product"}],"replies":[{"embeddable":true,"href":"https:\/\/jinhuaceramic.com\/fr\/wp-json\/wp\/v2\/comments?post=10031"}],"version-history":[{"count":0,"href":"https:\/\/jinhuaceramic.com\/fr\/wp-json\/wp\/v2\/product\/10031\/revisions"}],"wp:featuredmedia":[{"embeddable":true,"href":"https:\/\/jinhuaceramic.com\/fr\/wp-json\/wp\/v2\/media\/10034"}],"wp:attachment":[{"href":"https:\/\/jinhuaceramic.com\/fr\/wp-json\/wp\/v2\/media?parent=10031"}],"wp:term":[{"taxonomy":"product_brand","embeddable":true,"href":"https:\/\/jinhuaceramic.com\/fr\/wp-json\/wp\/v2\/product_brand?post=10031"},{"taxonomy":"product_cat","embeddable":true,"href":"https:\/\/jinhuaceramic.com\/fr\/wp-json\/wp\/v2\/product_cat?post=10031"},{"taxonomy":"product_tag","embeddable":true,"href":"https:\/\/jinhuaceramic.com\/fr\/wp-json\/wp\/v2\/product_tag?post=10031"}],"curies":[{"name":"wp","href":"https:\/\/api.w.org\/{rel}","templated":true}]}}