{"id":10048,"date":"2025-08-15T01:54:01","date_gmt":"2025-08-15T01:54:01","guid":{"rendered":"https:\/\/jinhuaceramic.com\/?post_type=product&#038;p=10048"},"modified":"2025-08-15T02:40:46","modified_gmt":"2025-08-15T02:40:46","slug":"bulk-candle-jars-with-lids","status":"publish","type":"product","link":"https:\/\/jinhuaceramic.com\/fr\/product\/bulk-candle-jars-with-lids\/","title":{"rendered":"Pots de bougies en vrac avec couvercles, conteneurs de bougies personnalis\u00e9s color\u00e9s"},"content":{"rendered":"<div class=\"wp-block-columns is-layout-flex wp-container-core-columns-is-layout-9d6595d7 wp-block-columns-is-layout-flex\">\n<div class=\"wp-block-column is-layout-flow wp-block-column-is-layout-flow\">\n<h3 class=\"wp-block-heading\">Pots de bougie en vrac de premi\u00e8re qualit\u00e9 avec couvercles Caract\u00e9ristiques :<\/h3>\n\n\n\n<ul class=\"wp-block-list\">\n<li><strong>Esth\u00e9tique sophistiqu\u00e9e :<\/strong> Ces photophores en vrac avec couvercle pr\u00e9sentent une esth\u00e9tique sophistiqu\u00e9e avec des stries verticales sur l'ext\u00e9rieur, qui offrent une touche tactile et sensorielle. L'ext\u00e9rieur des pots a une texture mouchet\u00e9e et irr\u00e9guli\u00e8re, ce qui donne une sensation similaire \u00e0 celle d'une poterie faite \u00e0 la main.<\/li>\n\n\n\n<li><strong>Diverses couleurs :<\/strong> Ces photophores personnalis\u00e9s sont disponibles en diff\u00e9rentes couleurs : jaune chaud et terreux, blanc \u00e9clatant et bleu sombre et myst\u00e9rieux. Ils peuvent \u00eatre s\u00e9lectionn\u00e9s en fonction de diff\u00e9rents th\u00e8mes de d\u00e9coration int\u00e9rieure ou de passions personnelles.<\/li>\n\n\n\n<li><strong>Mat\u00e9riau r\u00e9sistant \u00e0 la chaleur : <\/strong>Ces pots \u00e0 bougie en vrac avec couvercle sont fabriqu\u00e9s en c\u00e9ramique de qualit\u00e9 sup\u00e9rieure et sont cuits \u00e0 haute temp\u00e9rature. Ils sont solides, r\u00e9sistants et r\u00e9sistants \u00e0 la chaleur. Ils permettent d'allumer des bougies en toute s\u00e9curit\u00e9 et ont une longue dur\u00e9e de vie.<\/li>\n\n\n\n<li><strong>Grande praticit\u00e9 : <\/strong>Les photophores DIY ont des couvercles munis d'une petite poign\u00e9e en haut pour faciliter l'ouverture et prot\u00e9ger les bougies de la poussi\u00e8re lorsqu'elles ne sont pas utilis\u00e9es. Une fois les bougies \u00e9puis\u00e9es, les bocaux peuvent \u00eatre r\u00e9utilis\u00e9s comme r\u00e9cipients.<\/li>\n<\/ul>\n<\/div>\n\n\n\n<div class=\"wp-block-column is-layout-flow wp-block-column-is-layout-flow\">\n<figure class=\"wp-block-image size-full\"><img fetchpriority=\"high\" decoding=\"async\" width=\"800\" height=\"1000\" src=\"https:\/\/jinhuaceramic.com\/wp-content\/uploads\/2025\/08\/Designer-Candle-Containers-with-Lids-Wholesale-Custom-Ceramic-Candle-Jars-Bulk-7.webp\" alt=\"pots de bougies en vrac avec couvercles-conteneurs de bougies personnalis\u00e9s-colorful-7\" class=\"wp-image-10054\" srcset=\"https:\/\/jinhuaceramic.com\/wp-content\/uploads\/2025\/08\/Designer-Candle-Containers-with-Lids-Wholesale-Custom-Ceramic-Candle-Jars-Bulk-7.webp 800w, https:\/\/jinhuaceramic.com\/wp-content\/uploads\/2025\/08\/Designer-Candle-Containers-with-Lids-Wholesale-Custom-Ceramic-Candle-Jars-Bulk-7-240x300.webp 240w, https:\/\/jinhuaceramic.com\/wp-content\/uploads\/2025\/08\/Designer-Candle-Containers-with-Lids-Wholesale-Custom-Ceramic-Candle-Jars-Bulk-7-768x960.webp 768w, https:\/\/jinhuaceramic.com\/wp-content\/uploads\/2025\/08\/Designer-Candle-Containers-with-Lids-Wholesale-Custom-Ceramic-Candle-Jars-Bulk-7-10x12.webp 10w, https:\/\/jinhuaceramic.com\/wp-content\/uploads\/2025\/08\/Designer-Candle-Containers-with-Lids-Wholesale-Custom-Ceramic-Candle-Jars-Bulk-7-285x356.webp 285w, https:\/\/jinhuaceramic.com\/wp-content\/uploads\/2025\/08\/Designer-Candle-Containers-with-Lids-Wholesale-Custom-Ceramic-Candle-Jars-Bulk-7-528x660.webp 528w, https:\/\/jinhuaceramic.com\/wp-content\/uploads\/2025\/08\/Designer-Candle-Containers-with-Lids-Wholesale-Custom-Ceramic-Candle-Jars-Bulk-7-120x150.webp 120w\" sizes=\"(max-width: 800px) 100vw, 800px\" \/><\/figure>\n<\/div>\n<\/div>","protected":false},"excerpt":{"rendered":"<p>Bienvenue sur le site d'achat de pots \u00e0 bougie en vrac avec couvercles. Ces photophores personnalis\u00e9s offrent une valeur esth\u00e9tique et pratique gr\u00e2ce \u00e0 leur design \u00e9l\u00e9gant, leurs diverses options de couleurs, leurs mat\u00e9riaux durables et leurs couvercles fonctionnels. Plus qu'un simple contenant pour les bougies, ces photophores avec couvercles sont des objets d\u00e9coratifs qui rehaussent le style et l'ambiance de n'importe quel espace.<\/p>\n<p><script src=\"chrome-extension:\/\/fpelahbljekknahkcaegamhcndkfpfnc\/iFrame.js\" type=\"text\/javascript\"><\/script><\/p>\n<p>\n<script src=\"chrome-extension:\/\/fpelahbljekknahkcaegamhcndkfpfnc\/iFrame.js\" type=\"text\/javascript\"><\/script><\/p>","protected":false},"featured_media":10052,"comment_status":"closed","ping_status":"closed","template":"","meta":{"_acf_changed":false},"product_brand":[],"product_cat":[52],"product_tag":[67,66],"class_list":{"0":"post-10048","1":"product","2":"type-product","3":"status-publish","4":"has-post-thumbnail","6":"product_cat-wholesale-candle-containers","7":"product_tag-bulk-candle-jars-with-lids","8":"product_tag-candle-jars-wholesale","10":"first","11":"instock","12":"shipping-taxable","13":"product-type-simple"},"acf":[],"_links":{"self":[{"href":"https:\/\/jinhuaceramic.com\/fr\/wp-json\/wp\/v2\/product\/10048","targetHints":{"allow":["GET"]}}],"collection":[{"href":"https:\/\/jinhuaceramic.com\/fr\/wp-json\/wp\/v2\/product"}],"about":[{"href":"https:\/\/jinhuaceramic.com\/fr\/wp-json\/wp\/v2\/types\/product"}],"replies":[{"embeddable":true,"href":"https:\/\/jinhuaceramic.com\/fr\/wp-json\/wp\/v2\/comments?post=10048"}],"version-history":[{"count":0,"href":"https:\/\/jinhuaceramic.com\/fr\/wp-json\/wp\/v2\/product\/10048\/revisions"}],"wp:featuredmedia":[{"embeddable":true,"href":"https:\/\/jinhuaceramic.com\/fr\/wp-json\/wp\/v2\/media\/10052"}],"wp:attachment":[{"href":"https:\/\/jinhuaceramic.com\/fr\/wp-json\/wp\/v2\/media?parent=10048"}],"wp:term":[{"taxonomy":"product_brand","embeddable":true,"href":"https:\/\/jinhuaceramic.com\/fr\/wp-json\/wp\/v2\/product_brand?post=10048"},{"taxonomy":"product_cat","embeddable":true,"href":"https:\/\/jinhuaceramic.com\/fr\/wp-json\/wp\/v2\/product_cat?post=10048"},{"taxonomy":"product_tag","embeddable":true,"href":"https:\/\/jinhuaceramic.com\/fr\/wp-json\/wp\/v2\/product_tag?post=10048"}],"curies":[{"name":"wp","href":"https:\/\/api.w.org\/{rel}","templated":true}]}}