{"id":10082,"date":"2025-08-26T06:17:02","date_gmt":"2025-08-26T06:17:02","guid":{"rendered":"https:\/\/jinhuaceramic.com\/?post_type=product&#038;p=10082"},"modified":"2025-08-26T06:17:03","modified_gmt":"2025-08-26T06:17:03","slug":"candle-bowls-wholesale","status":"publish","type":"product","link":"https:\/\/jinhuaceramic.com\/fr\/product\/candle-bowls-wholesale\/","title":{"rendered":"Bols \u00e0 bougie uniques en c\u00e9ramique avec divers motifs (en gros)"},"content":{"rendered":"<div class=\"wp-block-columns is-layout-flex wp-container-core-columns-is-layout-9d6595d7 wp-block-columns-is-layout-flex\">\n<div class=\"wp-block-column is-layout-flow wp-block-column-is-layout-flow\">\n<h3 class=\"wp-block-heading\">Bols \u00e0 bougie de qualit\u00e9 sup\u00e9rieure Caract\u00e9ristiques de la vente en gros :<\/h3>\n\n\n\n<ul class=\"wp-block-list\">\n<li><strong>Forme unique :<\/strong> Ces photophores en c\u00e9ramique sont dot\u00e9s d'une base basse, ronde et mignonne, qui rompt la monotonie des photophores droits traditionnels et ajoute une touche artistique \u00e0 votre int\u00e9rieur.<\/li>\n\n\n\n<li><strong>Diff\u00e9rents motifs :<\/strong> Ces r\u00e9cipients pour bougies en gros sont disponibles dans une vari\u00e9t\u00e9 de couleurs et de motifs, y compris le blanc avec des pois noirs, le beige brut avec des motifs botaniques, le bleu avec des motifs floraux et divers motifs g\u00e9om\u00e9triques.<\/li>\n\n\n\n<li><strong>Mat\u00e9riau de haute qualit\u00e9 :<\/strong> Ces bols \u00e0 bougie en c\u00e9ramique sont fabriqu\u00e9s en c\u00e9ramique de haute qualit\u00e9 et pr\u00e9sentent une bonne r\u00e9sistance \u00e0 la chaleur, ce qui garantit la s\u00e9curit\u00e9 d'utilisation. La c\u00e9ramique est plus dense, a une meilleure texture et a un aspect plus haut de gamme que les photophores en m\u00e9tal ou en verre.<\/li>\n\n\n\n<li><strong>R\u00e9utilisable et \u00e9cologique : <\/strong>Ces r\u00e9cipients de bougies en gros de haute qualit\u00e9 sont r\u00e9utilisables. Lorsque les bougies sont consum\u00e9es, elles peuvent \u00eatre r\u00e9utilis\u00e9es comme petits pots de fleurs, bocaux de stockage ou simplement comme ornements d\u00e9coratifs, ce qui est conforme \u00e0 l'id\u00e9e d'environnementalisme.<\/li>\n<\/ul>\n<\/div>\n\n\n\n<div class=\"wp-block-column is-layout-flow wp-block-column-is-layout-flow\">\n<figure class=\"wp-block-image size-full\"><img fetchpriority=\"high\" decoding=\"async\" width=\"798\" height=\"798\" src=\"https:\/\/jinhuaceramic.com\/wp-content\/uploads\/2025\/08\/Unique-Candle-Bowls-with-Various-Pattern-Wholesale-Ceramic-Candle-Vessels-Bulk-6.webp\" alt=\"Bols \u00e0 bougie en c\u00e9ramique uniques en gros avec diff\u00e9rents motifs-1\" class=\"wp-image-10087\" srcset=\"https:\/\/jinhuaceramic.com\/wp-content\/uploads\/2025\/08\/Unique-Candle-Bowls-with-Various-Pattern-Wholesale-Ceramic-Candle-Vessels-Bulk-6.webp 798w, https:\/\/jinhuaceramic.com\/wp-content\/uploads\/2025\/08\/Unique-Candle-Bowls-with-Various-Pattern-Wholesale-Ceramic-Candle-Vessels-Bulk-6-300x300.webp 300w, https:\/\/jinhuaceramic.com\/wp-content\/uploads\/2025\/08\/Unique-Candle-Bowls-with-Various-Pattern-Wholesale-Ceramic-Candle-Vessels-Bulk-6-150x150.webp 150w, https:\/\/jinhuaceramic.com\/wp-content\/uploads\/2025\/08\/Unique-Candle-Bowls-with-Various-Pattern-Wholesale-Ceramic-Candle-Vessels-Bulk-6-768x768.webp 768w, https:\/\/jinhuaceramic.com\/wp-content\/uploads\/2025\/08\/Unique-Candle-Bowls-with-Various-Pattern-Wholesale-Ceramic-Candle-Vessels-Bulk-6-12x12.webp 12w, https:\/\/jinhuaceramic.com\/wp-content\/uploads\/2025\/08\/Unique-Candle-Bowls-with-Various-Pattern-Wholesale-Ceramic-Candle-Vessels-Bulk-6-285x285.webp 285w, https:\/\/jinhuaceramic.com\/wp-content\/uploads\/2025\/08\/Unique-Candle-Bowls-with-Various-Pattern-Wholesale-Ceramic-Candle-Vessels-Bulk-6-270x270.webp 270w, https:\/\/jinhuaceramic.com\/wp-content\/uploads\/2025\/08\/Unique-Candle-Bowls-with-Various-Pattern-Wholesale-Ceramic-Candle-Vessels-Bulk-6-540x540.webp 540w, https:\/\/jinhuaceramic.com\/wp-content\/uploads\/2025\/08\/Unique-Candle-Bowls-with-Various-Pattern-Wholesale-Ceramic-Candle-Vessels-Bulk-6-660x660.webp 660w\" sizes=\"(max-width: 798px) 100vw, 798px\" \/><\/figure>\n<\/div>\n<\/div>","protected":false},"excerpt":{"rendered":"<p>Nous vous invitons \u00e0 acheter en gros des r\u00e9cipients pour bougies. Ces bols \u00e0 bougie en c\u00e9ramique se caract\u00e9risent par des formes sp\u00e9ciales, des motifs vari\u00e9s, des mat\u00e9riaux c\u00e9ramiques solides et sont r\u00e9utilisables, de sorte qu'ils sont non seulement utiles, mais aussi jolis.<\/p>","protected":false},"featured_media":10083,"comment_status":"closed","ping_status":"closed","template":"","meta":{"_acf_changed":false},"product_brand":[],"product_cat":[52],"product_tag":[66],"class_list":{"0":"post-10082","1":"product","2":"type-product","3":"status-publish","4":"has-post-thumbnail","6":"product_cat-wholesale-candle-containers","7":"product_tag-candle-jars-wholesale","9":"first","10":"instock","11":"shipping-taxable","12":"product-type-simple"},"acf":[],"_links":{"self":[{"href":"https:\/\/jinhuaceramic.com\/fr\/wp-json\/wp\/v2\/product\/10082","targetHints":{"allow":["GET"]}}],"collection":[{"href":"https:\/\/jinhuaceramic.com\/fr\/wp-json\/wp\/v2\/product"}],"about":[{"href":"https:\/\/jinhuaceramic.com\/fr\/wp-json\/wp\/v2\/types\/product"}],"replies":[{"embeddable":true,"href":"https:\/\/jinhuaceramic.com\/fr\/wp-json\/wp\/v2\/comments?post=10082"}],"version-history":[{"count":0,"href":"https:\/\/jinhuaceramic.com\/fr\/wp-json\/wp\/v2\/product\/10082\/revisions"}],"wp:featuredmedia":[{"embeddable":true,"href":"https:\/\/jinhuaceramic.com\/fr\/wp-json\/wp\/v2\/media\/10083"}],"wp:attachment":[{"href":"https:\/\/jinhuaceramic.com\/fr\/wp-json\/wp\/v2\/media?parent=10082"}],"wp:term":[{"taxonomy":"product_brand","embeddable":true,"href":"https:\/\/jinhuaceramic.com\/fr\/wp-json\/wp\/v2\/product_brand?post=10082"},{"taxonomy":"product_cat","embeddable":true,"href":"https:\/\/jinhuaceramic.com\/fr\/wp-json\/wp\/v2\/product_cat?post=10082"},{"taxonomy":"product_tag","embeddable":true,"href":"https:\/\/jinhuaceramic.com\/fr\/wp-json\/wp\/v2\/product_tag?post=10082"}],"curies":[{"name":"wp","href":"https:\/\/api.w.org\/{rel}","templated":true}]}}