{"id":10095,"date":"2025-08-26T07:50:55","date_gmt":"2025-08-26T07:50:55","guid":{"rendered":"https:\/\/jinhuaceramic.com\/?post_type=product&#038;p=10095"},"modified":"2025-08-26T07:51:00","modified_gmt":"2025-08-26T07:51:00","slug":"wholesale-casserole-dish","status":"publish","type":"product","link":"https:\/\/jinhuaceramic.com\/fr\/product\/wholesale-casserole-dish\/","title":{"rendered":"Factory Wholesale Casserole Dish, Various Color Baking Pans (Plaques \u00e0 p\u00e2tisserie de diff\u00e9rentes couleurs)"},"content":{"rendered":"<div class=\"wp-block-columns is-layout-flex wp-container-core-columns-is-layout-9d6595d7 wp-block-columns-is-layout-flex\">\n<div class=\"wp-block-column is-layout-flow wp-block-column-is-layout-flow\">\n<h3 class=\"wp-block-heading\">Casserole en gros de premi\u00e8re qualit\u00e9 Caract\u00e9ristiques :<\/h3>\n\n\n\n<ul class=\"wp-block-list\">\n<li><strong>Design moderne : <\/strong>Nos cocottes en gros pr\u00e9sentent un design simple mais \u00e9l\u00e9gant, avec des lignes \u00e9pur\u00e9es qui conviennent parfaitement \u00e0 l'int\u00e9rieur des maisons modernes. Les poign\u00e9es en forme de demi-lune sont non seulement esth\u00e9tiques mais aussi pratiques pour le transport. Le fond des casseroles est dot\u00e9 de rebords sur\u00e9lev\u00e9s qui permettent aux aliments de s'\u00e9goutter et de cuire uniform\u00e9ment.<\/li>\n\n\n\n<li><strong>Diverses couleurs : <\/strong>Ces plats \u00e0 four en c\u00e9ramique en vrac sont disponibles dans une vari\u00e9t\u00e9 de couleurs esth\u00e9tiques, notamment le blanc polyvalent, l'orange chaud et le vert fonc\u00e9 apaisant, ajoutant une touche de couleur \u00e0 la cuisine et \u00e0 la table \u00e0 manger.<\/li>\n\n\n\n<li><strong>Mat\u00e9riau de haute qualit\u00e9 : <\/strong>Nos plats \u00e0 gratin sont fabriqu\u00e9s en c\u00e9ramique de haute qualit\u00e9, ce qui permet de chauffer uniform\u00e9ment les aliments tout au long du processus de cuisson sans provoquer de surchauffe ou de br\u00fblure locale, garantissant ainsi l'effet de cuisson et le go\u00fbt des aliments.<\/li>\n\n\n\n<li><strong>Une grande praticit\u00e9 : <\/strong>La forme rectangulaire classique de ces plats \u00e0 four en c\u00e9ramique en vrac les rend parfaits pour la cuisson d'une vari\u00e9t\u00e9 de plats, tels que les lasagnes, les viandes r\u00f4ties, les l\u00e9gumes r\u00f4tis ou les rago\u00fbts. Leur belle apparence leur permet \u00e9galement d'\u00eatre servis directement sur la table, \u00e9liminant ainsi le besoin d'un service suppl\u00e9mentaire.<\/li>\n<\/ul>\n<\/div>\n\n\n\n<div class=\"wp-block-column is-layout-flow wp-block-column-is-layout-flow\">\n<figure class=\"wp-block-image size-full\"><img fetchpriority=\"high\" decoding=\"async\" width=\"800\" height=\"800\" src=\"https:\/\/jinhuaceramic.com\/wp-content\/uploads\/2025\/08\/Modern-Custom-Casserole-Dish-with-Various-Colors-Ceramic-Wholesale-Baking-Pans-6.webp\" alt=\"Factory Wholesale Casserole Dish, Various Color Baking Pans-1\" class=\"wp-image-10100\" srcset=\"https:\/\/jinhuaceramic.com\/wp-content\/uploads\/2025\/08\/Modern-Custom-Casserole-Dish-with-Various-Colors-Ceramic-Wholesale-Baking-Pans-6.webp 800w, https:\/\/jinhuaceramic.com\/wp-content\/uploads\/2025\/08\/Modern-Custom-Casserole-Dish-with-Various-Colors-Ceramic-Wholesale-Baking-Pans-6-300x300.webp 300w, https:\/\/jinhuaceramic.com\/wp-content\/uploads\/2025\/08\/Modern-Custom-Casserole-Dish-with-Various-Colors-Ceramic-Wholesale-Baking-Pans-6-150x150.webp 150w, https:\/\/jinhuaceramic.com\/wp-content\/uploads\/2025\/08\/Modern-Custom-Casserole-Dish-with-Various-Colors-Ceramic-Wholesale-Baking-Pans-6-768x768.webp 768w, https:\/\/jinhuaceramic.com\/wp-content\/uploads\/2025\/08\/Modern-Custom-Casserole-Dish-with-Various-Colors-Ceramic-Wholesale-Baking-Pans-6-12x12.webp 12w, https:\/\/jinhuaceramic.com\/wp-content\/uploads\/2025\/08\/Modern-Custom-Casserole-Dish-with-Various-Colors-Ceramic-Wholesale-Baking-Pans-6-285x285.webp 285w, https:\/\/jinhuaceramic.com\/wp-content\/uploads\/2025\/08\/Modern-Custom-Casserole-Dish-with-Various-Colors-Ceramic-Wholesale-Baking-Pans-6-270x270.webp 270w, https:\/\/jinhuaceramic.com\/wp-content\/uploads\/2025\/08\/Modern-Custom-Casserole-Dish-with-Various-Colors-Ceramic-Wholesale-Baking-Pans-6-540x540.webp 540w, https:\/\/jinhuaceramic.com\/wp-content\/uploads\/2025\/08\/Modern-Custom-Casserole-Dish-with-Various-Colors-Ceramic-Wholesale-Baking-Pans-6-660x660.webp 660w\" sizes=\"(max-width: 800px) 100vw, 800px\" \/><\/figure>\n<\/div>\n<\/div>","protected":false},"excerpt":{"rendered":"<p>Bienvenue sur le site d'achat en gros de plats \u00e0 gratin. Nos plats de cuisson en c\u00e9ramique en vrac ont un style moderne, des couleurs vives et une construction en c\u00e9ramique robuste, ce qui en fait des pi\u00e8ces de cuisine id\u00e9ales, \u00e0 la fois fonctionnelles et d\u00e9coratives.<\/p>","protected":false},"featured_media":10099,"comment_status":"closed","ping_status":"closed","template":"","meta":{"_acf_changed":false},"product_brand":[],"product_cat":[53],"product_tag":[71],"class_list":{"0":"post-10095","1":"product","2":"type-product","3":"status-publish","4":"has-post-thumbnail","6":"product_cat-bakeware-in-bulk","7":"product_tag-wholesale-baking-pans","9":"first","10":"instock","11":"shipping-taxable","12":"product-type-simple"},"acf":[],"_links":{"self":[{"href":"https:\/\/jinhuaceramic.com\/fr\/wp-json\/wp\/v2\/product\/10095","targetHints":{"allow":["GET"]}}],"collection":[{"href":"https:\/\/jinhuaceramic.com\/fr\/wp-json\/wp\/v2\/product"}],"about":[{"href":"https:\/\/jinhuaceramic.com\/fr\/wp-json\/wp\/v2\/types\/product"}],"replies":[{"embeddable":true,"href":"https:\/\/jinhuaceramic.com\/fr\/wp-json\/wp\/v2\/comments?post=10095"}],"version-history":[{"count":0,"href":"https:\/\/jinhuaceramic.com\/fr\/wp-json\/wp\/v2\/product\/10095\/revisions"}],"wp:featuredmedia":[{"embeddable":true,"href":"https:\/\/jinhuaceramic.com\/fr\/wp-json\/wp\/v2\/media\/10099"}],"wp:attachment":[{"href":"https:\/\/jinhuaceramic.com\/fr\/wp-json\/wp\/v2\/media?parent=10095"}],"wp:term":[{"taxonomy":"product_brand","embeddable":true,"href":"https:\/\/jinhuaceramic.com\/fr\/wp-json\/wp\/v2\/product_brand?post=10095"},{"taxonomy":"product_cat","embeddable":true,"href":"https:\/\/jinhuaceramic.com\/fr\/wp-json\/wp\/v2\/product_cat?post=10095"},{"taxonomy":"product_tag","embeddable":true,"href":"https:\/\/jinhuaceramic.com\/fr\/wp-json\/wp\/v2\/product_tag?post=10095"}],"curies":[{"name":"wp","href":"https:\/\/api.w.org\/{rel}","templated":true}]}}