{"id":10106,"date":"2025-08-26T06:25:23","date_gmt":"2025-08-26T06:25:23","guid":{"rendered":"https:\/\/jinhuaceramic.com\/?post_type=product&#038;p=10106"},"modified":"2025-08-26T06:25:25","modified_gmt":"2025-08-26T06:25:25","slug":"candle-bowls-bulk","status":"publish","type":"product","link":"https:\/\/jinhuaceramic.com\/fr\/product\/candle-bowls-bulk\/","title":{"rendered":"Bols \u00e0 bougie en forme de bateau en vrac, r\u00e9cipients \u00e0 bougie en c\u00e9ramique"},"content":{"rendered":"<div class=\"wp-block-columns is-layout-flex wp-container-core-columns-is-layout-9d6595d7 wp-block-columns-is-layout-flex\">\n<div class=\"wp-block-column is-layout-flow wp-block-column-is-layout-flow\">\n<h3 class=\"wp-block-heading\">Bols \u00e0 bougie de qualit\u00e9 sup\u00e9rieure Caract\u00e9ristiques en vrac :<\/h3>\n\n\n\n<ul class=\"wp-block-list\">\n<li><strong>Forme unique :<\/strong> Ces bols \u00e0 bougies en vrac sont con\u00e7us en forme de petit bateau, avec des lignes douces et une proue et une poupe l\u00e9g\u00e8rement inclin\u00e9es, pleines de plaisir nautique et d'esprit de vacances. Les pots sont blancs sur le dessus et bleu fonc\u00e9 sur le dessous, une combinaison de couleurs nautique classique qui est \u00e0 la fois simple et \u00e9l\u00e9gante, et pleine de superpositions.<\/li>\n\n\n\n<li><strong>Texte \u00e9motionnel : <\/strong>Les mots \u201cLIFE IS BETTER on the Boat\u201d sont imprim\u00e9s sur les c\u00f4t\u00e9s de ces contenants de bougies en gros. Ce slogan est plus qu'une simple d\u00e9coration ; il exprime un style de vie qui trouve un \u00e9cho chez les amateurs de voile, de voyages ou de culture marine, ce qui ajoute de la valeur au produit.<\/li>\n\n\n\n<li><strong>Conception \u00e0 3 m\u00e8ches :<\/strong> Le design en forme de bateau de ces bols \u00e0 bougie rend l'ouverture du pot relativement spacieuse, ce qui est pratique pour remplir la cire et peut accueillir 3 m\u00e8ches de bougie. La conception \u00e0 3 m\u00e8ches rend la flamme plus uniforme et plus brillante lorsque la bougie br\u00fble, et permet de lib\u00e9rer le parfum plus rapidement.<\/li>\n\n\n\n<li><strong>Mat\u00e9riau durable : <\/strong>Ces r\u00e9cipients pour bougies en gros sont fabriqu\u00e9s en c\u00e9ramique de haute qualit\u00e9, qui est robuste, durable et r\u00e9sistante aux temp\u00e9ratures \u00e9lev\u00e9es, afin de garantir la s\u00e9curit\u00e9 de la combustion des bougies.<\/li>\n<\/ul>\n<\/div>\n\n\n\n<div class=\"wp-block-column is-layout-flow wp-block-column-is-layout-flow\">\n<figure class=\"wp-block-image size-full\"><img fetchpriority=\"high\" decoding=\"async\" width=\"1499\" height=\"1500\" src=\"https:\/\/jinhuaceramic.com\/wp-content\/uploads\/2025\/08\/3-Wick-Boat-Shaped-Candle-Making-Containers-Wholesale-Custom-Ceramic-Candle-Jars-5.webp\" alt=\"Bols \u00e0 bougie en forme de bateau en vrac, r\u00e9cipients \u00e0 bougie en c\u00e9ramique-4\" class=\"wp-image-10110\" srcset=\"https:\/\/jinhuaceramic.com\/wp-content\/uploads\/2025\/08\/3-Wick-Boat-Shaped-Candle-Making-Containers-Wholesale-Custom-Ceramic-Candle-Jars-5.webp 1499w, https:\/\/jinhuaceramic.com\/wp-content\/uploads\/2025\/08\/3-Wick-Boat-Shaped-Candle-Making-Containers-Wholesale-Custom-Ceramic-Candle-Jars-5-300x300.webp 300w, https:\/\/jinhuaceramic.com\/wp-content\/uploads\/2025\/08\/3-Wick-Boat-Shaped-Candle-Making-Containers-Wholesale-Custom-Ceramic-Candle-Jars-5-150x150.webp 150w, https:\/\/jinhuaceramic.com\/wp-content\/uploads\/2025\/08\/3-Wick-Boat-Shaped-Candle-Making-Containers-Wholesale-Custom-Ceramic-Candle-Jars-5-768x769.webp 768w, https:\/\/jinhuaceramic.com\/wp-content\/uploads\/2025\/08\/3-Wick-Boat-Shaped-Candle-Making-Containers-Wholesale-Custom-Ceramic-Candle-Jars-5-12x12.webp 12w, https:\/\/jinhuaceramic.com\/wp-content\/uploads\/2025\/08\/3-Wick-Boat-Shaped-Candle-Making-Containers-Wholesale-Custom-Ceramic-Candle-Jars-5-285x285.webp 285w, https:\/\/jinhuaceramic.com\/wp-content\/uploads\/2025\/08\/3-Wick-Boat-Shaped-Candle-Making-Containers-Wholesale-Custom-Ceramic-Candle-Jars-5-270x270.webp 270w, https:\/\/jinhuaceramic.com\/wp-content\/uploads\/2025\/08\/3-Wick-Boat-Shaped-Candle-Making-Containers-Wholesale-Custom-Ceramic-Candle-Jars-5-540x540.webp 540w, https:\/\/jinhuaceramic.com\/wp-content\/uploads\/2025\/08\/3-Wick-Boat-Shaped-Candle-Making-Containers-Wholesale-Custom-Ceramic-Candle-Jars-5-660x660.webp 660w\" sizes=\"(max-width: 1499px) 100vw, 1499px\" \/><\/figure>\n<\/div>\n<\/div>","protected":false},"excerpt":{"rendered":"<p>Bienvenue sur le site d'achat en gros de r\u00e9cipients pour bougies. Nos bols \u00e0 bougie en forme de bateau ont un design cr\u00e9atif, des couleurs nautiques classiques et une fonctionnalit\u00e9 pratique \u00e0 3 m\u00e8ches.<\/p>","protected":false},"featured_media":10107,"comment_status":"closed","ping_status":"closed","template":"","meta":{"_acf_changed":false},"product_brand":[],"product_cat":[52],"product_tag":[66],"class_list":{"0":"post-10106","1":"product","2":"type-product","3":"status-publish","4":"has-post-thumbnail","6":"product_cat-wholesale-candle-containers","7":"product_tag-candle-jars-wholesale","9":"first","10":"instock","11":"shipping-taxable","12":"product-type-simple"},"acf":[],"_links":{"self":[{"href":"https:\/\/jinhuaceramic.com\/fr\/wp-json\/wp\/v2\/product\/10106","targetHints":{"allow":["GET"]}}],"collection":[{"href":"https:\/\/jinhuaceramic.com\/fr\/wp-json\/wp\/v2\/product"}],"about":[{"href":"https:\/\/jinhuaceramic.com\/fr\/wp-json\/wp\/v2\/types\/product"}],"replies":[{"embeddable":true,"href":"https:\/\/jinhuaceramic.com\/fr\/wp-json\/wp\/v2\/comments?post=10106"}],"version-history":[{"count":0,"href":"https:\/\/jinhuaceramic.com\/fr\/wp-json\/wp\/v2\/product\/10106\/revisions"}],"wp:featuredmedia":[{"embeddable":true,"href":"https:\/\/jinhuaceramic.com\/fr\/wp-json\/wp\/v2\/media\/10107"}],"wp:attachment":[{"href":"https:\/\/jinhuaceramic.com\/fr\/wp-json\/wp\/v2\/media?parent=10106"}],"wp:term":[{"taxonomy":"product_brand","embeddable":true,"href":"https:\/\/jinhuaceramic.com\/fr\/wp-json\/wp\/v2\/product_brand?post=10106"},{"taxonomy":"product_cat","embeddable":true,"href":"https:\/\/jinhuaceramic.com\/fr\/wp-json\/wp\/v2\/product_cat?post=10106"},{"taxonomy":"product_tag","embeddable":true,"href":"https:\/\/jinhuaceramic.com\/fr\/wp-json\/wp\/v2\/product_tag?post=10106"}],"curies":[{"name":"wp","href":"https:\/\/api.w.org\/{rel}","templated":true}]}}